{"id":4812,"date":"2024-12-06T12:23:25","date_gmt":"2024-12-06T11:23:25","guid":{"rendered":"http:\/\/aethaliabb.youelba.com\/isola-delba\/"},"modified":"2025-04-24T11:11:23","modified_gmt":"2025-04-24T09:11:23","slug":"insel-elba","status":"publish","type":"page","link":"https:\/\/www.aethaliabedandbreakfast.com\/de\/insel-elba\/","title":{"rendered":"Insel Elba"},"content":{"rendered":"\t\t<div data-elementor-type=\"wp-page\" data-elementor-id=\"4812\" class=\"elementor elementor-4812 elementor-3587\">\n\t\t\t\t\t\t<section class=\"elementor-section elementor-top-section elementor-element elementor-element-27e9867 elementor-section-height-min-height cs-section-content-fullwidth cs-parallax-on-scroll cs_scroll_y_100 elementor-section-boxed elementor-section-height-default elementor-section-items-middle\" data-id=\"27e9867\" data-element_type=\"section\" data-settings=\"{&quot;background_background&quot;:&quot;classic&quot;}\" data-cs-parallax-y=\"100\" style=\"background-image: none;\" data-cs-background-image=\"https:\/\/www.aethaliabedandbreakfast.com\/wp-content\/uploads\/2025\/04\/o_capobianco_5.jpg\" data-cs-background-image-alt-text=\"Spiaggia di Capo Bianco\">\n\t\t\t\t\t\t\t<div class=\"elementor-background-overlay\"><\/div>\n\t\t\t\t\t\t\t<div class=\"elementor-container elementor-column-gap-no\">\n\t\t\t\t\t<div class=\"elementor-column elementor-col-100 elementor-top-column elementor-element elementor-element-79d0588 dark-color\" data-id=\"79d0588\" data-element_type=\"column\">\n\t\t\t<div class=\"elementor-widget-wrap elementor-element-populated\">\n\t\t\t\t\t\t<div class=\"elementor-element elementor-element-c946610 elementor-widget elementor-widget-cs_title\" data-id=\"c946610\" data-element_type=\"widget\" data-widget_type=\"cs_title.default\">\n\t\t\t\t<div class=\"elementor-widget-container\">\n\t\t\t\t\t\n        <div class=\"cs-title-wrap text-center\">\t            <div class=\"cs-subtitle-wrap\"><span class=\"cs-subtitle color-white\">Elba und Portoferraio<\/span><\/div>\t            <h1 class=\"cs-title\">\n\t                Entdeckung der Insel\t            <\/h1>\t            <div class=\"cs-title-text\">\n\t                Oft wird die Insel Elba als klein vorgestellt, doch sie \u00fcberrascht mit ihrer Gr\u00f6\u00dfe und Vielfalt. Sie ist nach Sizilien und Sardinien die drittgr\u00f6\u00dfte Insel Italiens und die gr\u00f6\u00dfte des Toskanischen Archipels. Mit einer K\u00fcstenl\u00e4nge von 147 Kilometern bietet sie atemberaubende Landschaften, ein mildes Klima und ein einzigartiges Natur- und Kulturerbe.\t            <\/div>        <\/div>\t\t\t\t<\/div>\n\t\t\t\t<\/div>\n\t\t\t\t\t<\/div>\n\t\t<\/div>\n\t\t\t\t\t<\/div>\n\t\t<\/section>\n\t\t\t\t<section class=\"elementor-section elementor-top-section elementor-element elementor-element-6f2ca20 elementor-section-boxed elementor-section-height-default elementor-section-height-default\" data-id=\"6f2ca20\" data-element_type=\"section\">\n\t\t\t\t\t\t<div class=\"elementor-container elementor-column-gap-no\">\n\t\t\t\t\t<div class=\"elementor-column elementor-col-100 elementor-top-column elementor-element elementor-element-fc2b27f\" data-id=\"fc2b27f\" data-element_type=\"column\">\n\t\t\t<div class=\"elementor-widget-wrap elementor-element-populated\">\n\t\t\t\t\t\t<div class=\"elementor-element elementor-element-412197a elementor-widget elementor-widget-cs_title\" data-id=\"412197a\" data-element_type=\"widget\" data-widget_type=\"cs_title.default\">\n\t\t\t\t<div class=\"elementor-widget-container\">\n\t\t\t\t\t\n        <div class=\"cs-title-wrap text-center\">\t            <h2 class=\"cs-title\">\n\t                Insel Elba\t            <\/h2>\t            <div class=\"cs-title-text\">\n\t                <p>Die Insel vereint eine Vielzahl unterschiedlicher Landschaften: romantische Fischerd\u00f6rfer, malerische Bergd\u00f6rfer, alte Burgen, gr\u00fcne T\u00e4ler, bezaubernde Buchten sowie Sand- und Kiesstr\u00e4nde schaffen ein postkartenreifes Panorama.<\/p><p>Elba zu erkunden bedeutet, in ihre Natur einzutauchen: Wanderwege und Pfade des Nationalparks f\u00fchren durch spektakul\u00e4re Aussichten, w\u00e4hrend das kristallklare Meer zu Kanutouren oder Segelabenteuern einl\u00e4dt. Nur wenige Kilometer trennen die steilen Klippen vom Granitmassiv des Monte Capanne, das mit seinen 1.019 Metern eine Rundumsicht auf Elba und die umliegenden Inseln erm\u00f6glicht.<\/p>\t            <\/div>        <\/div>\t\t\t\t<\/div>\n\t\t\t\t<\/div>\n\t\t\t\t\t<\/div>\n\t\t<\/div>\n\t\t\t\t\t<\/div>\n\t\t<\/section>\n\t\t\t\t<section class=\"elementor-section elementor-top-section elementor-element elementor-element-fe98eaa elementor-section-content-middle elementor-section-boxed elementor-section-height-default elementor-section-height-default\" data-id=\"fe98eaa\" data-element_type=\"section\">\n\t\t\t\t\t\t<div class=\"elementor-container elementor-column-gap-no\">\n\t\t\t\t\t<div class=\"elementor-column elementor-col-50 elementor-top-column elementor-element elementor-element-c8f5ebd\" data-id=\"c8f5ebd\" data-element_type=\"column\">\n\t\t\t<div class=\"elementor-widget-wrap elementor-element-populated\">\n\t\t\t\t\t\t<section class=\"elementor-section elementor-inner-section elementor-element elementor-element-8ef6977 elementor-section-content-middle elementor-section-boxed elementor-section-height-default elementor-section-height-default\" data-id=\"8ef6977\" data-element_type=\"section\">\n\t\t\t\t\t\t<div class=\"elementor-container elementor-column-gap-no\">\n\t\t\t\t\t<div class=\"elementor-column elementor-col-50 elementor-inner-column elementor-element elementor-element-43268a0\" data-id=\"43268a0\" data-element_type=\"column\">\n\t\t\t<div class=\"elementor-widget-wrap elementor-element-populated\">\n\t\t\t\t\t\t<div class=\"elementor-element elementor-element-9df312a animated-fast cs-animation-small-offset elementor-invisible elementor-widget elementor-widget-image\" data-id=\"9df312a\" data-element_type=\"widget\" data-settings=\"{&quot;_animation&quot;:&quot;fadeInLeft&quot;,&quot;_animation_tablet&quot;:&quot;fadeInUp&quot;}\" data-widget_type=\"image.default\">\n\t\t\t\t<div class=\"elementor-widget-container\">\n\t\t\t\t\t\t\t\t\t\t\t\t\t\t\t<img fetchpriority=\"high\" decoding=\"async\" width=\"550\" height=\"825\" src=\"https:\/\/www.aethaliabedandbreakfast.com\/wp-content\/uploads\/2025\/04\/IMG_8573-portoferraio-550x825.jpg\" class=\"attachment-cozystay_550x9999 size-cozystay_550x9999 wp-image-4639\" alt=\"\" srcset=\"https:\/\/www.aethaliabedandbreakfast.com\/wp-content\/uploads\/2025\/04\/IMG_8573-portoferraio-550x825.jpg 550w, https:\/\/www.aethaliabedandbreakfast.com\/wp-content\/uploads\/2025\/04\/IMG_8573-portoferraio-200x300.jpg 200w, https:\/\/www.aethaliabedandbreakfast.com\/wp-content\/uploads\/2025\/04\/IMG_8573-portoferraio-683x1024.jpg 683w, https:\/\/www.aethaliabedandbreakfast.com\/wp-content\/uploads\/2025\/04\/IMG_8573-portoferraio-768x1152.jpg 768w, https:\/\/www.aethaliabedandbreakfast.com\/wp-content\/uploads\/2025\/04\/IMG_8573-portoferraio-780x1170.jpg 780w, https:\/\/www.aethaliabedandbreakfast.com\/wp-content\/uploads\/2025\/04\/IMG_8573-portoferraio-600x900.jpg 600w, https:\/\/www.aethaliabedandbreakfast.com\/wp-content\/uploads\/2025\/04\/IMG_8573-portoferraio-370x555.jpg 370w, https:\/\/www.aethaliabedandbreakfast.com\/wp-content\/uploads\/2025\/04\/IMG_8573-portoferraio-255x383.jpg 255w, https:\/\/www.aethaliabedandbreakfast.com\/wp-content\/uploads\/2025\/04\/IMG_8573-portoferraio-100x150.jpg 100w, https:\/\/www.aethaliabedandbreakfast.com\/wp-content\/uploads\/2025\/04\/IMG_8573-portoferraio.jpg 800w\" sizes=\"(max-width: 550px) 100vw, 550px\" \/>\t\t\t\t\t\t\t\t\t\t\t\t\t\t\t<\/div>\n\t\t\t\t<\/div>\n\t\t\t\t\t<\/div>\n\t\t<\/div>\n\t\t\t\t<div class=\"elementor-column elementor-col-50 elementor-inner-column elementor-element elementor-element-a2d350f\" data-id=\"a2d350f\" data-element_type=\"column\">\n\t\t\t<div class=\"elementor-widget-wrap elementor-element-populated\">\n\t\t\t\t\t\t<div class=\"elementor-element elementor-element-c4dbc1f animated-fast cs-animation-small-offset elementor-invisible elementor-widget elementor-widget-image\" data-id=\"c4dbc1f\" data-element_type=\"widget\" data-settings=\"{&quot;_animation&quot;:&quot;fadeInLeft&quot;,&quot;_animation_delay&quot;:150,&quot;_animation_tablet&quot;:&quot;fadeInUp&quot;}\" data-widget_type=\"image.default\">\n\t\t\t\t<div class=\"elementor-widget-container\">\n\t\t\t\t\t\t\t\t\t\t\t\t\t\t\t<img decoding=\"async\" width=\"780\" height=\"975\" src=\"https:\/\/www.aethaliabedandbreakfast.com\/wp-content\/uploads\/2025\/04\/IMG_8566-portoferraio-780x975.jpg\" class=\"attachment-cozystay_780x9999 size-cozystay_780x9999 wp-image-4636\" alt=\"\" srcset=\"https:\/\/www.aethaliabedandbreakfast.com\/wp-content\/uploads\/2025\/04\/IMG_8566-portoferraio-780x975.jpg 780w, https:\/\/www.aethaliabedandbreakfast.com\/wp-content\/uploads\/2025\/04\/IMG_8566-portoferraio-240x300.jpg 240w, https:\/\/www.aethaliabedandbreakfast.com\/wp-content\/uploads\/2025\/04\/IMG_8566-portoferraio-819x1024.jpg 819w, https:\/\/www.aethaliabedandbreakfast.com\/wp-content\/uploads\/2025\/04\/IMG_8566-portoferraio-768x960.jpg 768w, https:\/\/www.aethaliabedandbreakfast.com\/wp-content\/uploads\/2025\/04\/IMG_8566-portoferraio-600x750.jpg 600w, https:\/\/www.aethaliabedandbreakfast.com\/wp-content\/uploads\/2025\/04\/IMG_8566-portoferraio-550x688.jpg 550w, https:\/\/www.aethaliabedandbreakfast.com\/wp-content\/uploads\/2025\/04\/IMG_8566-portoferraio-370x463.jpg 370w, https:\/\/www.aethaliabedandbreakfast.com\/wp-content\/uploads\/2025\/04\/IMG_8566-portoferraio-255x319.jpg 255w, https:\/\/www.aethaliabedandbreakfast.com\/wp-content\/uploads\/2025\/04\/IMG_8566-portoferraio-120x150.jpg 120w, https:\/\/www.aethaliabedandbreakfast.com\/wp-content\/uploads\/2025\/04\/IMG_8566-portoferraio.jpg 1200w\" sizes=\"(max-width: 780px) 100vw, 780px\" \/>\t\t\t\t\t\t\t\t\t\t\t\t\t\t\t<\/div>\n\t\t\t\t<\/div>\n\t\t\t\t\t<\/div>\n\t\t<\/div>\n\t\t\t\t\t<\/div>\n\t\t<\/section>\n\t\t\t\t\t<\/div>\n\t\t<\/div>\n\t\t\t\t<div class=\"elementor-column elementor-col-50 elementor-top-column elementor-element elementor-element-b3daafa\" data-id=\"b3daafa\" data-element_type=\"column\">\n\t\t\t<div class=\"elementor-widget-wrap elementor-element-populated\">\n\t\t\t\t\t\t<div class=\"elementor-element elementor-element-b75d2d8 my-title elementor-widget elementor-widget-cs_title\" data-id=\"b75d2d8\" data-element_type=\"widget\" data-widget_type=\"cs_title.default\">\n\t\t\t\t<div class=\"elementor-widget-container\">\n\t\t\t\t\t\n        <div class=\"cs-title-wrap\">\t            <h3 class=\"cs-title\">\n\t                Eine Insel voller Geschichte\t            <\/h3>\t            <div class=\"cs-title-text\">\n\t                <p>Die Insel Elba blickt auf eine reiche und faszinierende Geschichte zur\u00fcck, bewohnt seit pr\u00e4historischer Zeit und bekannt f\u00fcr ihre Eisenminen bereits in der Fr\u00fchzeit. Von den Ligurern als \u201eIlva\u201c und von den Griechen als \u201eAethalia\u201c bezeichnet, wurde sie nacheinander von Etruskern, R\u00f6mern, Pisanern, den Appiani und den Medici beherrscht.<\/p><p>Portoferraio, einst zu Ehren von Cosimo de\u2019 Medici in \u201eCosmopoli\u201c umbenannt, tr\u00e4gt bis heute die imposanten Festungsanlagen der Medici. Auch die Spanier hinterlie\u00dfen ihre Spuren, indem sie die Festung San Giacomo und Forte Focardo in Porto Azzurro erbauten.<\/p><p>Napoleon Bonaparte pr\u00e4gte die Geschichte der Insel w\u00e4hrend seiner kurzen Regentschaft (1814\u20131815) ebenfalls nachhaltig. Bedeutende Zeugnisse seines Aufenthalts sind die Palazzina dei Mulini, die Villa San Martino und die Madonna del Monte in Marciana Alta.<\/p><p>Die Kombination aus historischen Zeugnissen und au\u00dfergew\u00f6hnlicher Natursch\u00f6nheit macht die Insel zu einem magischen Ort f\u00fcr unvergessliche Urlaube.<\/p>\t            <\/div>        <\/div>\t\t\t\t<\/div>\n\t\t\t\t<\/div>\n\t\t\t\t\t<\/div>\n\t\t<\/div>\n\t\t\t\t\t<\/div>\n\t\t<\/section>\n\t\t\t\t<section class=\"elementor-section elementor-top-section elementor-element elementor-element-cc4f97b elementor-section-full_width elementor-section-content-middle elementor-section-height-default elementor-section-height-default\" data-id=\"cc4f97b\" data-element_type=\"section\" id=\"portoferraio\" data-settings=\"{&quot;background_background&quot;:&quot;classic&quot;}\">\n\t\t\t\t\t\t<div class=\"elementor-container elementor-column-gap-no\">\n\t\t\t\t\t<div class=\"elementor-column elementor-col-50 elementor-top-column elementor-element elementor-element-8c05861\" data-id=\"8c05861\" data-element_type=\"column\">\n\t\t\t<div class=\"elementor-widget-wrap elementor-element-populated\">\n\t\t\t\t\t\t<div class=\"elementor-element elementor-element-65d9ae4 my-title elementor-widget elementor-widget-cs_title\" data-id=\"65d9ae4\" data-element_type=\"widget\" data-widget_type=\"cs_title.default\">\n\t\t\t\t<div class=\"elementor-widget-container\">\n\t\t\t\t\t\n        <div class=\"cs-title-wrap text-center\">\t            <div class=\"cs-subtitle-wrap\"><span class=\"cs-subtitle\">Geschichte, Charme und Kultur<\/span><\/div>\t            <h4 class=\"cs-title\">\n\t                Portoferraio\t            <\/h4>\t            <div class=\"cs-title-text\">\n\t                <p>Portoferraio ist reich an Geschichte und Sch\u00f6nheit. Die Stadt hat uralte Urspr\u00fcnge und war in mythologischer Zeit als \u201ePorto Argo\u201c bekannt. Sp\u00e4ter erhielt sie den Namen \u201eFabricia\u201c aufgrund der Eisenverarbeitung in etruskisch-r\u00f6mischer Zeit.<\/p><p>Heute bewahrt Portoferraio seinen Renaissance-Charme. Die m\u00e4chtigen Stadtmauern, die Cosimo I. de\u2019 Medici im 16. Jahrhundert errichten lie\u00df, machen die Stadt zu einem Meisterwerk der Architektur. Besucher, die mit der F\u00e4hre ankommen, sind sofort vom Ausblick auf das historische Hafenbecken fasziniert.<\/p>\t            <\/div>        <\/div>\t\t\t\t<\/div>\n\t\t\t\t<\/div>\n\t\t\t\t\t<\/div>\n\t\t<\/div>\n\t\t\t\t<div class=\"elementor-column elementor-col-50 elementor-top-column elementor-element elementor-element-3a03af8 dark-color elementor-invisible\" data-id=\"3a03af8\" data-element_type=\"column\" data-settings=\"{&quot;background_background&quot;:&quot;slideshow&quot;,&quot;background_slideshow_gallery&quot;:[{&quot;id&quot;:3872,&quot;url&quot;:&quot;https:\\\/\\\/www.aethaliabedandbreakfast.com\\\/wp-content\\\/uploads\\\/2025\\\/04\\\/IMG_8567-portoferraio.jpg&quot;},{&quot;id&quot;:3873,&quot;url&quot;:&quot;https:\\\/\\\/www.aethaliabedandbreakfast.com\\\/wp-content\\\/uploads\\\/2025\\\/04\\\/bastioni-medicei.jpg&quot;},{&quot;id&quot;:3871,&quot;url&quot;:&quot;https:\\\/\\\/www.aethaliabedandbreakfast.com\\\/wp-content\\\/uploads\\\/2025\\\/04\\\/o_fortezze-portoferraio-9543.jpg&quot;}],&quot;background_slideshow_ken_burns&quot;:&quot;yes&quot;,&quot;background_slideshow_lazyload&quot;:&quot;yes&quot;,&quot;animation&quot;:&quot;fadeIn&quot;,&quot;background_slideshow_loop&quot;:&quot;yes&quot;,&quot;background_slideshow_slide_duration&quot;:5000,&quot;background_slideshow_slide_transition&quot;:&quot;fade&quot;,&quot;background_slideshow_transition_duration&quot;:500,&quot;background_slideshow_ken_burns_zoom_direction&quot;:&quot;in&quot;}\">\n\t\t\t<div class=\"elementor-widget-wrap elementor-element-populated\">\n\t\t\t\t\t\t<div class=\"elementor-element elementor-element-e55ea05 elementor-widget elementor-widget-spacer\" data-id=\"e55ea05\" data-element_type=\"widget\" data-widget_type=\"spacer.default\">\n\t\t\t\t<div class=\"elementor-widget-container\">\n\t\t\t\t\t\t\t<div class=\"elementor-spacer\">\n\t\t\t<div class=\"elementor-spacer-inner\"><\/div>\n\t\t<\/div>\n\t\t\t\t\t\t<\/div>\n\t\t\t\t<\/div>\n\t\t\t\t\t<\/div>\n\t\t<\/div>\n\t\t\t\t\t<\/div>\n\t\t<\/section>\n\t\t\t\t<section class=\"elementor-section elementor-top-section elementor-element elementor-element-ae32829 elementor-section-full_width elementor-section-content-middle elementor-reverse-tablet elementor-reverse-mobile elementor-section-height-default elementor-section-height-default\" data-id=\"ae32829\" data-element_type=\"section\" data-settings=\"{&quot;background_background&quot;:&quot;classic&quot;}\">\n\t\t\t\t\t\t<div class=\"elementor-container elementor-column-gap-no\">\n\t\t\t\t\t<div class=\"elementor-column elementor-col-50 elementor-top-column elementor-element elementor-element-363e162 dark-color elementor-invisible\" data-id=\"363e162\" data-element_type=\"column\" data-settings=\"{&quot;background_background&quot;:&quot;slideshow&quot;,&quot;background_slideshow_gallery&quot;:[{&quot;id&quot;:3876,&quot;url&quot;:&quot;https:\\\/\\\/www.aethaliabedandbreakfast.com\\\/wp-content\\\/uploads\\\/2025\\\/04\\\/torre-linguella-portoferraio-8753.jpg&quot;},{&quot;id&quot;:3874,&quot;url&quot;:&quot;https:\\\/\\\/www.aethaliabedandbreakfast.com\\\/wp-content\\\/uploads\\\/2025\\\/04\\\/forte-stella.jpg&quot;},{&quot;id&quot;:3875,&quot;url&quot;:&quot;https:\\\/\\\/www.aethaliabedandbreakfast.com\\\/wp-content\\\/uploads\\\/2025\\\/04\\\/forte-falcone-portoferraio-9640.jpg&quot;}],&quot;background_slideshow_ken_burns&quot;:&quot;yes&quot;,&quot;background_slideshow_lazyload&quot;:&quot;yes&quot;,&quot;animation&quot;:&quot;fadeIn&quot;,&quot;background_slideshow_loop&quot;:&quot;yes&quot;,&quot;background_slideshow_slide_duration&quot;:5000,&quot;background_slideshow_slide_transition&quot;:&quot;fade&quot;,&quot;background_slideshow_transition_duration&quot;:500,&quot;background_slideshow_ken_burns_zoom_direction&quot;:&quot;in&quot;}\">\n\t\t\t<div class=\"elementor-widget-wrap elementor-element-populated\">\n\t\t\t\t\t\t<div class=\"elementor-element elementor-element-4775cc6 elementor-widget elementor-widget-spacer\" data-id=\"4775cc6\" data-element_type=\"widget\" data-widget_type=\"spacer.default\">\n\t\t\t\t<div class=\"elementor-widget-container\">\n\t\t\t\t\t\t\t<div class=\"elementor-spacer\">\n\t\t\t<div class=\"elementor-spacer-inner\"><\/div>\n\t\t<\/div>\n\t\t\t\t\t\t<\/div>\n\t\t\t\t<\/div>\n\t\t\t\t\t<\/div>\n\t\t<\/div>\n\t\t\t\t<div class=\"elementor-column elementor-col-50 elementor-top-column elementor-element elementor-element-cbd298e\" data-id=\"cbd298e\" data-element_type=\"column\">\n\t\t\t<div class=\"elementor-widget-wrap elementor-element-populated\">\n\t\t\t\t\t\t<div class=\"elementor-element elementor-element-47b0844 elementor-widget elementor-widget-cs_title\" data-id=\"47b0844\" data-element_type=\"widget\" data-widget_type=\"cs_title.default\">\n\t\t\t\t<div class=\"elementor-widget-container\">\n\t\t\t\t\t\n        <div class=\"cs-title-wrap text-center\">\t            <div class=\"cs-title-text\">\n\t                <p>Der Martelloturm, am Eingang des Hafens gelegen, ist Teil der Festung Linguella und beherbergt heute ein interessantes arch\u00e4ologisches Museum mit etruskischen und r\u00f6mischen Funden.<\/p><p>Oberhalb des historischen Zentrums erhebt sich das Forte Stella, das 1548 erbaut wurde, mit einem alten Leuchtturm aus dem Jahr 1788 \u2013 einem der \u00e4ltesten in Europa. Von hier aus genie\u00dft man einen herrlichen Blick auf das Hafenbecken und auf die Villa dei Mulini, Napoleons Winterresidenz w\u00e4hrend seines Exils auf Elba.<\/p><p>Das Forte Falcone, auf dem h\u00f6chsten Punkt der Stadt gelegen, ist die gr\u00f6\u00dfte Medici-Festung der Insel. Ihre massiven Mauern widerstanden den Angriffen der Sarazenen \u2013 im Gegensatz zu anderen elbanischen Festungen, die oft von Piraten verw\u00fcstet wurden.<\/p>\t            <\/div>        <\/div>\t\t\t\t<\/div>\n\t\t\t\t<\/div>\n\t\t\t\t\t<\/div>\n\t\t<\/div>\n\t\t\t\t\t<\/div>\n\t\t<\/section>\n\t\t\t\t<section class=\"elementor-section elementor-top-section elementor-element elementor-element-c629794 elementor-section-full_width elementor-section-content-middle elementor-section-height-default elementor-section-height-default\" data-id=\"c629794\" data-element_type=\"section\" data-settings=\"{&quot;background_background&quot;:&quot;classic&quot;}\">\n\t\t\t\t\t\t<div class=\"elementor-container elementor-column-gap-no\">\n\t\t\t\t\t<div class=\"elementor-column elementor-col-50 elementor-top-column elementor-element elementor-element-edb0917\" data-id=\"edb0917\" data-element_type=\"column\">\n\t\t\t<div class=\"elementor-widget-wrap elementor-element-populated\">\n\t\t\t\t\t\t<div class=\"elementor-element elementor-element-b1f3cd3 elementor-widget elementor-widget-cs_title\" data-id=\"b1f3cd3\" data-element_type=\"widget\" data-widget_type=\"cs_title.default\">\n\t\t\t\t<div class=\"elementor-widget-container\">\n\t\t\t\t\t\n        <div class=\"cs-title-wrap text-center\">\t            <div class=\"cs-title-text\">\n\t                <p>Ein Besuch des historischen Zentrums von Portoferraio ist eine Reise in eine zeitlose Atmosph\u00e4re. Die engen Treppengassen, kleinen Panoramapl\u00e4tze, blumengeschm\u00fcckten Balkone und charakteristischen Winkel erz\u00e4hlen vom Leben auf der Insel. Zu den sehenswerten Monumenten geh\u00f6ren alte Kirchen, heilige St\u00e4tten und eindrucksvolle Ecken, die die Vergangenheit Cosmopolis offenbaren.<\/p><p>Gegen\u00fcber dem Hafenbecken, auf dem Vorgebirge Le Grotte, befinden sich die \u00dcberreste des Monumentalkomplexes von Le Grotte. Die zum Meer hin gelegenen Terrassen, eleganten Mosaike und Thermalanlagen zeugen vom Prestige des Ortes, der wahrscheinlich mit dem kaiserlichen Haus des Augustus verbunden war.<\/p><p>Nicht weit entfernt, in der Ortschaft Magazzini, steht die kleine Kirche Santo Stefano alle Trane. Dieses faszinierende romanisch-pisanische Geb\u00e4ude mit seiner einzigartigen Architektur z\u00e4hlt zu den bedeutendsten der Insel und ist einen Besuch wert.<\/p>\t            <\/div>        <\/div>\t\t\t\t<\/div>\n\t\t\t\t<\/div>\n\t\t\t\t\t<\/div>\n\t\t<\/div>\n\t\t\t\t<div class=\"elementor-column elementor-col-50 elementor-top-column elementor-element elementor-element-485d142 dark-color elementor-invisible\" data-id=\"485d142\" data-element_type=\"column\" data-settings=\"{&quot;background_background&quot;:&quot;slideshow&quot;,&quot;background_slideshow_gallery&quot;:[{&quot;id&quot;:3881,&quot;url&quot;:&quot;https:\\\/\\\/www.aethaliabedandbreakfast.com\\\/wp-content\\\/uploads\\\/2025\\\/04\\\/villa_romana_delle_grotte2.jpg&quot;},{&quot;id&quot;:3880,&quot;url&quot;:&quot;https:\\\/\\\/www.aethaliabedandbreakfast.com\\\/wp-content\\\/uploads\\\/2025\\\/04\\\/santo-stefano-trane.jpg&quot;}],&quot;background_slideshow_ken_burns&quot;:&quot;yes&quot;,&quot;background_slideshow_lazyload&quot;:&quot;yes&quot;,&quot;animation&quot;:&quot;fadeIn&quot;,&quot;background_slideshow_loop&quot;:&quot;yes&quot;,&quot;background_slideshow_slide_duration&quot;:5000,&quot;background_slideshow_slide_transition&quot;:&quot;fade&quot;,&quot;background_slideshow_transition_duration&quot;:500,&quot;background_slideshow_ken_burns_zoom_direction&quot;:&quot;in&quot;}\">\n\t\t\t<div class=\"elementor-widget-wrap elementor-element-populated\">\n\t\t\t\t\t\t<div class=\"elementor-element elementor-element-2d0627a elementor-widget elementor-widget-spacer\" data-id=\"2d0627a\" data-element_type=\"widget\" data-widget_type=\"spacer.default\">\n\t\t\t\t<div class=\"elementor-widget-container\">\n\t\t\t\t\t\t\t<div class=\"elementor-spacer\">\n\t\t\t<div class=\"elementor-spacer-inner\"><\/div>\n\t\t<\/div>\n\t\t\t\t\t\t<\/div>\n\t\t\t\t<\/div>\n\t\t\t\t\t<\/div>\n\t\t<\/div>\n\t\t\t\t\t<\/div>\n\t\t<\/section>\n\t\t\t\t<\/div>\n\t\t","protected":false},"excerpt":{"rendered":"<p>Elba und Portoferraio Entdeckung der Insel Oft wird die Insel Elba als klein vorgestellt, doch sie \u00fcberrascht mit ihrer Gr\u00f6\u00dfe und Vielfalt. Sie ist nach Sizilien und Sardinien die drittgr\u00f6\u00dfte Insel Italiens und die gr\u00f6\u00dfte des Toskanischen Archipels. Mit einer K\u00fcstenl\u00e4nge von 147 Kilometern bietet sie atemberaubende Landschaften, ein mildes Klima und ein einzigartiges Natur- &#8230;<\/p>\n","protected":false},"author":2,"featured_media":0,"parent":0,"menu_order":0,"comment_status":"closed","ping_status":"closed","template":"template-wide-content.php","meta":{"cozystay_single_page_hide_site_header":"","cozystay_single_page_site_header_source":"","cozystay_single_page_custom_site_header":"0","cozystay_single_page_custom_sticky_site_header":"0","cozystay_single_page_hide_page_title":"on","cozystay_single_page_header_section_size":"","cozystay_single_page_header_background_color":"","cozystay_single_page_header_background_position_x":"center","cozystay_single_page_header_background_position_y":"center","cozystay_single_page_header_background_size":"cover","cozystay_single_page_header_background_repeat":"off","cozystay_single_page_header_background_scroll":"on","cozystay_single_page_header_text_color":"","cozystay_single_page_header_show_breadcrumb":"","cozystay_single_page_site_footer_hide_main":"","cozystay_single_custom_site_footer_main_source":"","cozystay_single_custom_site_footer_main":"0","cozystay_single_page_site_footer_hide_above":"","cozystay_single_custom_site_footer_above_source":"","cozystay_single_custom_site_footer_above":"0","cozystay_single_page_site_footer_hide_instagram":"","cozystay_single_page_site_footer_hide_bottom":"","cozystay_single_custom_mobile_menu_source":"","cozystay_single_custom_mobile_menu":"0","cozystay_single_custom_mobile_menu_animation":"","cozystay_single_custom_mobile_menu_width":"","cozystay_single_custom_mobile_menu_custom_width":375,"footnotes":""},"class_list":["post-4812","page","type-page","status-publish","hentry"],"_links":{"self":[{"href":"https:\/\/www.aethaliabedandbreakfast.com\/de\/wp-json\/wp\/v2\/pages\/4812","targetHints":{"allow":["GET"]}}],"collection":[{"href":"https:\/\/www.aethaliabedandbreakfast.com\/de\/wp-json\/wp\/v2\/pages"}],"about":[{"href":"https:\/\/www.aethaliabedandbreakfast.com\/de\/wp-json\/wp\/v2\/types\/page"}],"author":[{"embeddable":true,"href":"https:\/\/www.aethaliabedandbreakfast.com\/de\/wp-json\/wp\/v2\/users\/2"}],"replies":[{"embeddable":true,"href":"https:\/\/www.aethaliabedandbreakfast.com\/de\/wp-json\/wp\/v2\/comments?post=4812"}],"version-history":[{"count":5,"href":"https:\/\/www.aethaliabedandbreakfast.com\/de\/wp-json\/wp\/v2\/pages\/4812\/revisions"}],"predecessor-version":[{"id":5364,"href":"https:\/\/www.aethaliabedandbreakfast.com\/de\/wp-json\/wp\/v2\/pages\/4812\/revisions\/5364"}],"wp:attachment":[{"href":"https:\/\/www.aethaliabedandbreakfast.com\/de\/wp-json\/wp\/v2\/media?parent=4812"}],"curies":[{"name":"wp","href":"https:\/\/api.w.org\/{rel}","templated":true}]}}