{"id":4826,"date":"2025-04-04T10:54:44","date_gmt":"2025-04-04T08:54:44","guid":{"rendered":"http:\/\/aethaliabb.youelba.com\/vela\/"},"modified":"2025-04-24T12:49:01","modified_gmt":"2025-04-24T10:49:01","slug":"segeln","status":"publish","type":"page","link":"https:\/\/www.aethaliabedandbreakfast.com\/de\/erlebnisse\/segeln\/","title":{"rendered":"Segeln"},"content":{"rendered":"\t\t<div data-elementor-type=\"wp-page\" data-elementor-id=\"4826\" class=\"elementor elementor-4826 elementor-3944\">\n\t\t\t\t\t\t<section class=\"elementor-section elementor-top-section elementor-element elementor-element-a97905d elementor-section-height-min-height cs-section-content-fullwidth cs-parallax-on-scroll cs_scroll_y_100 elementor-section-boxed elementor-section-height-default elementor-section-items-middle\" data-id=\"a97905d\" data-element_type=\"section\" data-settings=\"{&quot;background_background&quot;:&quot;classic&quot;}\" data-cs-parallax-y=\"100\" style=\"background-image: none;\" data-cs-background-image=\"https:\/\/www.aethaliabedandbreakfast.com\/wp-content\/uploads\/2025\/04\/scuola-vela-bagnaia-t.jpg\" data-cs-background-image-alt-text=\"Scuola Vela Bagnaia\">\n\t\t\t\t\t\t\t<div class=\"elementor-background-overlay\"><\/div>\n\t\t\t\t\t\t\t<div class=\"elementor-container elementor-column-gap-no\">\n\t\t\t\t\t<div class=\"elementor-column elementor-col-100 elementor-top-column elementor-element elementor-element-de70886 dark-color\" data-id=\"de70886\" data-element_type=\"column\">\n\t\t\t<div class=\"elementor-widget-wrap elementor-element-populated\">\n\t\t\t\t\t\t<div class=\"elementor-element elementor-element-3eab04e elementor-widget elementor-widget-cs_title\" data-id=\"3eab04e\" data-element_type=\"widget\" data-widget_type=\"cs_title.default\">\n\t\t\t\t<div class=\"elementor-widget-container\">\n\t\t\t\t\t\n        <div class=\"cs-title-wrap text-center\">\t            <div class=\"cs-subtitle-wrap\"><span class=\"cs-subtitle color-white\">Segelschule Bagnaia<\/span><\/div>\t            <h1 class=\"cs-title\">\n\t                Segeln\t            <\/h1>\t            <div class=\"cs-title-text\">\n\t                Segeln geh\u00f6rt zu den ganzheitlichsten Sportarten: inklusiv, mitrei\u00dfend und ohne Altersgrenzen.\t            <\/div>        <\/div>\t\t\t\t<\/div>\n\t\t\t\t<\/div>\n\t\t\t\t\t<\/div>\n\t\t<\/div>\n\t\t\t\t\t<\/div>\n\t\t<\/section>\n\t\t\t\t<section class=\"elementor-section elementor-top-section elementor-element elementor-element-891d8cd elementor-section-boxed elementor-section-height-default elementor-section-height-default\" data-id=\"891d8cd\" data-element_type=\"section\">\n\t\t\t\t\t\t<div class=\"elementor-container elementor-column-gap-no\">\n\t\t\t\t\t<div class=\"elementor-column elementor-col-100 elementor-top-column elementor-element elementor-element-f542bd7\" data-id=\"f542bd7\" data-element_type=\"column\">\n\t\t\t<div class=\"elementor-widget-wrap elementor-element-populated\">\n\t\t\t\t\t\t<div class=\"elementor-element elementor-element-aa6887a my-title elementor-widget elementor-widget-cs_title\" data-id=\"aa6887a\" data-element_type=\"widget\" data-widget_type=\"cs_title.default\">\n\t\t\t\t<div class=\"elementor-widget-container\">\n\t\t\t\t\t\n        <div class=\"cs-title-wrap\">\t            <div class=\"cs-subtitle-wrap\"><span class=\"cs-subtitle\">Das Meer aktiv und mit Begeisterung erleben<\/span><\/div>\t            <h2 class=\"cs-title\">\n\t                Segelkurse\t            <\/h2>\t            <div class=\"cs-title-text\">\n\t                <p>Segeln ist eine der vielseitigsten Sportarten \u00fcberhaupt \u2013 und eine der wenigen Aktivit\u00e4ten, die wirklich f\u00fcr jedes Alter geeignet ist.<\/p><p>Die Segelschule Bagnaia bietet ein umfangreiches Kursprogramm f\u00fcr alle Altersgruppen an: Kinder von 6 bis 12 Jahren, Jugendliche von 13 bis 17 Jahren und Erwachsene ab 18 Jahren. Anf\u00e4ngerkurse gibt es f\u00fcr alle Altersklassen: Die J\u00fcngsten beginnen mit Optimisten, w\u00e4hrend Jugendliche und Erwachsene auf Tridente-Booten lernen.<\/p><p>Es ist nie zu sp\u00e4t, um Segeln zu lernen!<\/p><p>F\u00fcr Fortgeschrittene oder alle, die ihre Technik verbessern m\u00f6chten, bietet die Schule auch weiterf\u00fchrende Kurse mit Booten wie Open Skiff f\u00fcr Kinder, Phantom 16 Katamarane, Laser Standard und XD, 29er f\u00fcr Jugendliche sowie Hobie 18 und Tiger, Laser, Kielboote und sogar ein Drachenboot f\u00fcr Erwachsene.<\/p><p>Seit 2023 besteht au\u00dferdem die M\u00f6glichkeit, das aufregende Segeln mit Foils zu erleben \u2013 mit w\u00f6chentlichen Kursen auf dem modernen WASZP.<\/p><p>Eine wunderbare Gelegenheit, das Meer w\u00e4hrend Ihres Urlaubs auf aktive und leidenschaftliche Weise zu erleben!<\/p>\t            <\/div>        <\/div>\t\t\t\t<\/div>\n\t\t\t\t<\/div>\n\t\t\t\t\t<\/div>\n\t\t<\/div>\n\t\t\t\t\t<\/div>\n\t\t<\/section>\n\t\t\t\t<section class=\"elementor-section elementor-top-section elementor-element elementor-element-d72cd2d cs-section-content-fullwidth cs-animation-small-offset elementor-section-boxed elementor-section-height-default elementor-section-height-default elementor-invisible\" data-id=\"d72cd2d\" data-element_type=\"section\" data-settings=\"{&quot;animation&quot;:&quot;fadeInRight&quot;}\">\n\t\t\t\t\t\t<div class=\"elementor-container elementor-column-gap-no\">\n\t\t\t\t\t<div class=\"elementor-column elementor-col-100 elementor-top-column elementor-element elementor-element-efb7c3c\" data-id=\"efb7c3c\" data-element_type=\"column\">\n\t\t\t<div class=\"elementor-widget-wrap elementor-element-populated\">\n\t\t\t\t\t\t<div class=\"elementor-element elementor-element-395eb80 elementor-widget elementor-widget-cs_gallery\" data-id=\"395eb80\" data-element_type=\"widget\" data-widget_type=\"cs_gallery.default\">\n\t\t\t\t<div class=\"elementor-widget-container\">\n\t\t\t\t\t\n            <div class=\"cs-gallery gap-16 gallery-carousel style-overflow\" data-column=\"3\" data-fade=\"\" data-autoplay=\"off\" data-autoplay-speed=\"5000\" data-show-arrows=\"on\" data-show-dots=\"\" data-variable-width=\"off\" data-overflow-style=\"on\" data-center-mode=\"\">\n                <div class=\"cs-gallery-wrap\">                    <div class=\"cs-gallery-item\"><img fetchpriority=\"high\" decoding=\"async\" width=\"600\" height=\"600\" src=\"https:\/\/www.aethaliabedandbreakfast.com\/wp-content\/uploads\/2025\/04\/480B2583-scuola-vela-bagnaia-600x600.jpg\" class=\"attachment-cozystay_600x600-crop size-cozystay_600x600-crop wp-image-4001\" alt=\"Scuola Vela Bagnaia\" srcset=\"https:\/\/www.aethaliabedandbreakfast.com\/wp-content\/uploads\/2025\/04\/480B2583-scuola-vela-bagnaia-600x600.jpg 600w, https:\/\/www.aethaliabedandbreakfast.com\/wp-content\/uploads\/2025\/04\/480B2583-scuola-vela-bagnaia-150x150.jpg 150w, https:\/\/www.aethaliabedandbreakfast.com\/wp-content\/uploads\/2025\/04\/480B2583-scuola-vela-bagnaia-300x300.jpg 300w\" sizes=\"(max-width: 600px) 100vw, 600px\" \/>                    <\/div>                    <div class=\"cs-gallery-item\"><img decoding=\"async\" width=\"600\" height=\"600\" src=\"https:\/\/www.aethaliabedandbreakfast.com\/wp-content\/uploads\/2025\/04\/scuola-vela-bagnaia_0222-600x600.jpg\" class=\"attachment-cozystay_600x600-crop size-cozystay_600x600-crop wp-image-4008\" alt=\"Scuola Vela Bagnaia\" srcset=\"https:\/\/www.aethaliabedandbreakfast.com\/wp-content\/uploads\/2025\/04\/scuola-vela-bagnaia_0222-600x600.jpg 600w, https:\/\/www.aethaliabedandbreakfast.com\/wp-content\/uploads\/2025\/04\/scuola-vela-bagnaia_0222-150x150.jpg 150w, https:\/\/www.aethaliabedandbreakfast.com\/wp-content\/uploads\/2025\/04\/scuola-vela-bagnaia_0222-300x300.jpg 300w\" sizes=\"(max-width: 600px) 100vw, 600px\" \/>                    <\/div>                    <div class=\"cs-gallery-item\"><img decoding=\"async\" width=\"600\" height=\"600\" src=\"https:\/\/www.aethaliabedandbreakfast.com\/wp-content\/uploads\/2025\/04\/DSC_0941-scuola-vela-bagnaia-600x600.jpg\" class=\"attachment-cozystay_600x600-crop size-cozystay_600x600-crop wp-image-4004\" alt=\"Scuola Vela Bagnaia\" srcset=\"https:\/\/www.aethaliabedandbreakfast.com\/wp-content\/uploads\/2025\/04\/DSC_0941-scuola-vela-bagnaia-600x600.jpg 600w, https:\/\/www.aethaliabedandbreakfast.com\/wp-content\/uploads\/2025\/04\/DSC_0941-scuola-vela-bagnaia-150x150.jpg 150w, https:\/\/www.aethaliabedandbreakfast.com\/wp-content\/uploads\/2025\/04\/DSC_0941-scuola-vela-bagnaia-300x300.jpg 300w\" sizes=\"(max-width: 600px) 100vw, 600px\" \/>                    <\/div>                    <div class=\"cs-gallery-item\"><img loading=\"lazy\" decoding=\"async\" width=\"600\" height=\"600\" src=\"https:\/\/www.aethaliabedandbreakfast.com\/wp-content\/uploads\/2025\/04\/IMG_0614-scuola-vela-bagnaia-600x600.jpg\" class=\"attachment-cozystay_600x600-crop size-cozystay_600x600-crop wp-image-4003\" alt=\"Scuola Vela Bagnaia\" srcset=\"https:\/\/www.aethaliabedandbreakfast.com\/wp-content\/uploads\/2025\/04\/IMG_0614-scuola-vela-bagnaia-600x600.jpg 600w, https:\/\/www.aethaliabedandbreakfast.com\/wp-content\/uploads\/2025\/04\/IMG_0614-scuola-vela-bagnaia-150x150.jpg 150w, https:\/\/www.aethaliabedandbreakfast.com\/wp-content\/uploads\/2025\/04\/IMG_0614-scuola-vela-bagnaia-300x300.jpg 300w\" sizes=\"(max-width: 600px) 100vw, 600px\" \/>                    <\/div>                    <div class=\"cs-gallery-item\"><img loading=\"lazy\" decoding=\"async\" width=\"600\" height=\"600\" src=\"https:\/\/www.aethaliabedandbreakfast.com\/wp-content\/uploads\/2025\/04\/DSC_0574-scuola-vela-bagnaia-600x600.jpg\" class=\"attachment-cozystay_600x600-crop size-cozystay_600x600-crop wp-image-4009\" alt=\"Barche a vela nel golfo di Bagnaia\" srcset=\"https:\/\/www.aethaliabedandbreakfast.com\/wp-content\/uploads\/2025\/04\/DSC_0574-scuola-vela-bagnaia-600x600.jpg 600w, https:\/\/www.aethaliabedandbreakfast.com\/wp-content\/uploads\/2025\/04\/DSC_0574-scuola-vela-bagnaia-150x150.jpg 150w, https:\/\/www.aethaliabedandbreakfast.com\/wp-content\/uploads\/2025\/04\/DSC_0574-scuola-vela-bagnaia-300x300.jpg 300w\" sizes=\"(max-width: 600px) 100vw, 600px\" \/>                    <\/div>                    <div class=\"cs-gallery-item\"><img loading=\"lazy\" decoding=\"async\" width=\"600\" height=\"600\" src=\"https:\/\/www.aethaliabedandbreakfast.com\/wp-content\/uploads\/2025\/04\/20180815_Elba_Bagnaia_0941-600x600.jpg\" class=\"attachment-cozystay_600x600-crop size-cozystay_600x600-crop wp-image-4006\" alt=\"Scuola Vela Bagnaia\" srcset=\"https:\/\/www.aethaliabedandbreakfast.com\/wp-content\/uploads\/2025\/04\/20180815_Elba_Bagnaia_0941-600x600.jpg 600w, https:\/\/www.aethaliabedandbreakfast.com\/wp-content\/uploads\/2025\/04\/20180815_Elba_Bagnaia_0941-150x150.jpg 150w, https:\/\/www.aethaliabedandbreakfast.com\/wp-content\/uploads\/2025\/04\/20180815_Elba_Bagnaia_0941-300x300.jpg 300w\" sizes=\"(max-width: 600px) 100vw, 600px\" \/>                    <\/div>                    <div class=\"cs-gallery-item\"><img loading=\"lazy\" decoding=\"async\" width=\"600\" height=\"600\" src=\"https:\/\/www.aethaliabedandbreakfast.com\/wp-content\/uploads\/2025\/04\/DSC_0330-scuola-vela-bagnaia-600x600.jpg\" class=\"attachment-cozystay_600x600-crop size-cozystay_600x600-crop wp-image-4005\" alt=\"Scuola Vela Bagnaia\" srcset=\"https:\/\/www.aethaliabedandbreakfast.com\/wp-content\/uploads\/2025\/04\/DSC_0330-scuola-vela-bagnaia-600x600.jpg 600w, https:\/\/www.aethaliabedandbreakfast.com\/wp-content\/uploads\/2025\/04\/DSC_0330-scuola-vela-bagnaia-150x150.jpg 150w, https:\/\/www.aethaliabedandbreakfast.com\/wp-content\/uploads\/2025\/04\/DSC_0330-scuola-vela-bagnaia-300x300.jpg 300w\" sizes=\"(max-width: 600px) 100vw, 600px\" \/>                    <\/div>                    <div class=\"cs-gallery-item\"><img loading=\"lazy\" decoding=\"async\" width=\"600\" height=\"600\" src=\"https:\/\/www.aethaliabedandbreakfast.com\/wp-content\/uploads\/2025\/04\/DSC_0334-scuola-vela-bagnaia-600x600.jpg\" class=\"attachment-cozystay_600x600-crop size-cozystay_600x600-crop wp-image-4007\" alt=\"Scuola Vela Bagnaia\" srcset=\"https:\/\/www.aethaliabedandbreakfast.com\/wp-content\/uploads\/2025\/04\/DSC_0334-scuola-vela-bagnaia-600x600.jpg 600w, https:\/\/www.aethaliabedandbreakfast.com\/wp-content\/uploads\/2025\/04\/DSC_0334-scuola-vela-bagnaia-150x150.jpg 150w, https:\/\/www.aethaliabedandbreakfast.com\/wp-content\/uploads\/2025\/04\/DSC_0334-scuola-vela-bagnaia-300x300.jpg 300w\" sizes=\"(max-width: 600px) 100vw, 600px\" \/>                    <\/div>                    <div class=\"cs-gallery-item\"><img loading=\"lazy\" decoding=\"async\" width=\"600\" height=\"600\" src=\"https:\/\/www.aethaliabedandbreakfast.com\/wp-content\/uploads\/2025\/04\/scuola-vela-bagnaia_Elba_Italia-2773-600x600.jpg\" class=\"attachment-cozystay_600x600-crop size-cozystay_600x600-crop wp-image-4002\" alt=\"Scuola Vela Bagnaia\" srcset=\"https:\/\/www.aethaliabedandbreakfast.com\/wp-content\/uploads\/2025\/04\/scuola-vela-bagnaia_Elba_Italia-2773-600x600.jpg 600w, https:\/\/www.aethaliabedandbreakfast.com\/wp-content\/uploads\/2025\/04\/scuola-vela-bagnaia_Elba_Italia-2773-150x150.jpg 150w, https:\/\/www.aethaliabedandbreakfast.com\/wp-content\/uploads\/2025\/04\/scuola-vela-bagnaia_Elba_Italia-2773-300x300.jpg 300w\" sizes=\"(max-width: 600px) 100vw, 600px\" \/>                    <\/div>                <\/div>\n            <\/div>\t\t\t\t<\/div>\n\t\t\t\t<\/div>\n\t\t\t\t<div class=\"elementor-element elementor-element-0b37e96 elementor-widget elementor-widget-cs_call_to_action\" data-id=\"0b37e96\" data-element_type=\"widget\" data-widget_type=\"cs_call_to_action.default\">\n\t\t\t\t<div class=\"elementor-widget-container\">\n\t\t\t\t\t\n\t\t<div class=\"cs-cta cta-layout-text-normal text-center cta-hover-img-zoom\">\n            <div class=\"cs-cta-wrap\">                <div class=\"cs-cta-overlay\"><\/div>\n                <div class=\"cs-cta-content\">\t\t\t\t\t<div class=\"cs-subtitle-wrap\"><span class=\"cs-subtitle\">Informationen und\/oder Buchungen<\/span><\/div>\t\t            <h4 class=\"cs-cta-title cs-title\">\n\t\t                Segelschule Bagnaia\t\t            <\/h4>\t\t            <div class=\"cs-cta-text\">\n\t\t                <p>Loc. Bagnaia, 57038 Rio<\/p><p>Tel: <a href=\"tel:+393337807237\" target=\"_blank\" rel=\"noopener\">+39 333 7807237<\/a><br \/>E-mail: <a href=\"mailto:teambagnaia@gmail.com\">teambagnaia@gmail.com<\/a><\/p>\t\t            <\/div>\t                <div class=\"cs-cta-btn\">\n\t                    <a class=\"button cs-btn-underline\" role=\"button\" href=\"https:\/\/segelferien.de\/\" target=\"_blank\">\n\t                        <span class=\"cs-btn-text\">Webseite<\/span>\t                    <\/a>\n\t                <\/div>\t\t\t<\/div>                <a class=\"cs-cta-link\" href=\"#\" aria-label=\"Call to Action Link\"><\/a>            <\/div>\n        <\/div>\t\t\t\t<\/div>\n\t\t\t\t<\/div>\n\t\t\t\t\t<\/div>\n\t\t<\/div>\n\t\t\t\t\t<\/div>\n\t\t<\/section>\n\t\t\t\t<\/div>\n\t\t","protected":false},"excerpt":{"rendered":"<p>Segelschule Bagnaia Segeln Segeln geh\u00f6rt zu den ganzheitlichsten Sportarten: inklusiv, mitrei\u00dfend und ohne Altersgrenzen. Das Meer aktiv und mit Begeisterung erleben Segelkurse Segeln ist eine der vielseitigsten Sportarten \u00fcberhaupt \u2013 und eine der wenigen Aktivit\u00e4ten, die wirklich f\u00fcr jedes Alter geeignet ist. Die Segelschule Bagnaia bietet ein umfangreiches Kursprogramm f\u00fcr alle Altersgruppen an: Kinder von &#8230;<\/p>\n","protected":false},"author":2,"featured_media":0,"parent":4854,"menu_order":0,"comment_status":"closed","ping_status":"closed","template":"template-wide-content.php","meta":{"cozystay_single_page_hide_site_header":"","cozystay_single_page_site_header_source":"","cozystay_single_page_custom_site_header":"0","cozystay_single_page_custom_sticky_site_header":"0","cozystay_single_page_hide_page_title":"on","cozystay_single_page_header_section_size":"","cozystay_single_page_header_background_color":"","cozystay_single_page_header_background_position_x":"center","cozystay_single_page_header_background_position_y":"center","cozystay_single_page_header_background_size":"cover","cozystay_single_page_header_background_repeat":"off","cozystay_single_page_header_background_scroll":"on","cozystay_single_page_header_text_color":"","cozystay_single_page_header_show_breadcrumb":"","cozystay_single_page_site_footer_hide_main":"","cozystay_single_custom_site_footer_main_source":"","cozystay_single_custom_site_footer_main":"0","cozystay_single_page_site_footer_hide_above":"","cozystay_single_custom_site_footer_above_source":"","cozystay_single_custom_site_footer_above":"0","cozystay_single_page_site_footer_hide_instagram":"","cozystay_single_page_site_footer_hide_bottom":"","cozystay_single_custom_mobile_menu_source":"","cozystay_single_custom_mobile_menu":"0","cozystay_single_custom_mobile_menu_animation":"","cozystay_single_custom_mobile_menu_width":"","cozystay_single_custom_mobile_menu_custom_width":375,"footnotes":""},"class_list":["post-4826","page","type-page","status-publish","hentry"],"_links":{"self":[{"href":"https:\/\/www.aethaliabedandbreakfast.com\/de\/wp-json\/wp\/v2\/pages\/4826","targetHints":{"allow":["GET"]}}],"collection":[{"href":"https:\/\/www.aethaliabedandbreakfast.com\/de\/wp-json\/wp\/v2\/pages"}],"about":[{"href":"https:\/\/www.aethaliabedandbreakfast.com\/de\/wp-json\/wp\/v2\/types\/page"}],"author":[{"embeddable":true,"href":"https:\/\/www.aethaliabedandbreakfast.com\/de\/wp-json\/wp\/v2\/users\/2"}],"replies":[{"embeddable":true,"href":"https:\/\/www.aethaliabedandbreakfast.com\/de\/wp-json\/wp\/v2\/comments?post=4826"}],"version-history":[{"count":4,"href":"https:\/\/www.aethaliabedandbreakfast.com\/de\/wp-json\/wp\/v2\/pages\/4826\/revisions"}],"predecessor-version":[{"id":5547,"href":"https:\/\/www.aethaliabedandbreakfast.com\/de\/wp-json\/wp\/v2\/pages\/4826\/revisions\/5547"}],"up":[{"embeddable":true,"href":"https:\/\/www.aethaliabedandbreakfast.com\/de\/wp-json\/wp\/v2\/pages\/4854"}],"wp:attachment":[{"href":"https:\/\/www.aethaliabedandbreakfast.com\/de\/wp-json\/wp\/v2\/media?parent=4826"}],"curies":[{"name":"wp","href":"https:\/\/api.w.org\/{rel}","templated":true}]}}