{"id":4842,"date":"2025-04-14T08:34:00","date_gmt":"2025-04-14T06:34:00","guid":{"rendered":"http:\/\/aethaliabb.youelba.com\/immersioni\/"},"modified":"2025-04-24T12:15:56","modified_gmt":"2025-04-24T10:15:56","slug":"tauchen","status":"publish","type":"page","link":"https:\/\/www.aethaliabedandbreakfast.com\/de\/erlebnisse\/tauchen\/","title":{"rendered":"Tauchen"},"content":{"rendered":"\t\t<div data-elementor-type=\"wp-page\" data-elementor-id=\"4842\" class=\"elementor elementor-4842 elementor-4119\">\n\t\t\t\t\t\t<section class=\"elementor-section elementor-top-section elementor-element elementor-element-a97905d elementor-section-height-min-height cs-section-content-fullwidth cs-parallax-on-scroll cs_scroll_y_100 elementor-section-boxed elementor-section-height-default elementor-section-items-middle\" data-id=\"a97905d\" data-element_type=\"section\" data-settings=\"{&quot;background_background&quot;:&quot;classic&quot;}\" data-cs-parallax-y=\"100\" style=\"background-image: none;\" data-cs-background-image=\"https:\/\/www.aethaliabedandbreakfast.com\/wp-content\/uploads\/2025\/04\/image11.jpg\" data-cs-background-image-alt-text=\"\">\n\t\t\t\t\t\t\t<div class=\"elementor-background-overlay\"><\/div>\n\t\t\t\t\t\t\t<div class=\"elementor-container elementor-column-gap-no\">\n\t\t\t\t\t<div class=\"elementor-column elementor-col-100 elementor-top-column elementor-element elementor-element-de70886 dark-color\" data-id=\"de70886\" data-element_type=\"column\">\n\t\t\t<div class=\"elementor-widget-wrap elementor-element-populated\">\n\t\t\t\t\t\t<div class=\"elementor-element elementor-element-3eab04e elementor-widget elementor-widget-cs_title\" data-id=\"3eab04e\" data-element_type=\"widget\" data-widget_type=\"cs_title.default\">\n\t\t\t\t<div class=\"elementor-widget-container\">\n\t\t\t\t\t\n        <div class=\"cs-title-wrap text-center\">\t            <div class=\"cs-subtitle-wrap\"><span class=\"cs-subtitle color-white\">Enfola Diving Center<\/span><\/div>\t            <h1 class=\"cs-title\">\n\t                Tauchen\t            <\/h1>\t            <div class=\"cs-title-text\">\n\t                Kurse, gef\u00fchrte Ausfl\u00fcge und Unterwasserabenteuer in einem der faszinierendsten Meeresabschnitte der Insel Elba.\t            <\/div>        <\/div>\t\t\t\t<\/div>\n\t\t\t\t<\/div>\n\t\t\t\t\t<\/div>\n\t\t<\/div>\n\t\t\t\t\t<\/div>\n\t\t<\/section>\n\t\t\t\t<section class=\"elementor-section elementor-top-section elementor-element elementor-element-891d8cd elementor-section-boxed elementor-section-height-default elementor-section-height-default\" data-id=\"891d8cd\" data-element_type=\"section\">\n\t\t\t\t\t\t<div class=\"elementor-container elementor-column-gap-no\">\n\t\t\t\t\t<div class=\"elementor-column elementor-col-100 elementor-top-column elementor-element elementor-element-f542bd7\" data-id=\"f542bd7\" data-element_type=\"column\">\n\t\t\t<div class=\"elementor-widget-wrap elementor-element-populated\">\n\t\t\t\t\t\t<div class=\"elementor-element elementor-element-aa6887a my-title elementor-widget elementor-widget-cs_title\" data-id=\"aa6887a\" data-element_type=\"widget\" data-widget_type=\"cs_title.default\">\n\t\t\t\t<div class=\"elementor-widget-container\">\n\t\t\t\t\t\n        <div class=\"cs-title-wrap\">\t            <div class=\"cs-subtitle-wrap\"><span class=\"cs-subtitle\">Das Meer mit Leidenschaft entdecken \u2013 Tauchen, Schnorcheln und Abenteuer<\/span><\/div>\t            <h2 class=\"cs-title\">\n\t                Tauchen und Schnorcheln\t            <\/h2>\t            <div class=\"cs-title-text\">\n\t                <p>In der wundersch\u00f6nen Bucht von Capo d\u2019Enfola gelegen, ist das mit dem B&amp;B Aethalia verbundene Tauchzentrum der ideale Ausgangspunkt, um die atemberaubende Unterwasserwelt der Insel Elba zu erkunden.<\/p><p>Die angebotenen Aktivit\u00e4ten eignen sich f\u00fcr alle \u2013 von absoluten Anf\u00e4ngern bis hin zu Fortgeschrittenen, die eine Zertifizierung anstreben oder selbst Tauchlehrer werden m\u00f6chten.<\/p><p>Das Zentrum organisiert Tauchkurse, gef\u00fchrte Tauchg\u00e4nge und Schnorchelausfl\u00fcge \u2013 alles unter der Anleitung qualifizierter Tauchlehrer, mit einem hohen Ma\u00df an Sicherheit und Professionalit\u00e4t. Die Ausfahrten finden morgens und nachmittags statt und dauern jeweils etwa drei Stunden.<\/p><p>Die Tauchgr\u00fcnde rund um Enfola geh\u00f6ren zu den sch\u00f6nsten der Insel \u2013 mit reichem Meeresleben, Felsw\u00e4nden, H\u00f6hlen und spektakul\u00e4ren Unterwasserlandschaften.<\/p><p>Ob erste Taucherfahrung oder technische Tauchabenteuer \u2013 das Eintauchen in die Unterwasserwelt der Insel Elba wird zu einem unvergesslichen Erlebnis.<\/p>\t            <\/div>        <\/div>\t\t\t\t<\/div>\n\t\t\t\t<\/div>\n\t\t\t\t\t<\/div>\n\t\t<\/div>\n\t\t\t\t\t<\/div>\n\t\t<\/section>\n\t\t\t\t<section class=\"elementor-section elementor-top-section elementor-element elementor-element-d72cd2d cs-section-content-fullwidth cs-animation-small-offset elementor-section-boxed elementor-section-height-default elementor-section-height-default elementor-invisible\" data-id=\"d72cd2d\" data-element_type=\"section\" data-settings=\"{&quot;animation&quot;:&quot;fadeInRight&quot;}\">\n\t\t\t\t\t\t<div class=\"elementor-container elementor-column-gap-no\">\n\t\t\t\t\t<div class=\"elementor-column elementor-col-100 elementor-top-column elementor-element elementor-element-efb7c3c\" data-id=\"efb7c3c\" data-element_type=\"column\">\n\t\t\t<div class=\"elementor-widget-wrap elementor-element-populated\">\n\t\t\t\t\t\t<div class=\"elementor-element elementor-element-395eb80 elementor-widget elementor-widget-cs_gallery\" data-id=\"395eb80\" data-element_type=\"widget\" data-widget_type=\"cs_gallery.default\">\n\t\t\t\t<div class=\"elementor-widget-container\">\n\t\t\t\t\t\n            <div class=\"cs-gallery gap-16 gallery-carousel style-overflow\" data-column=\"3\" data-fade=\"\" data-autoplay=\"off\" data-autoplay-speed=\"5000\" data-show-arrows=\"on\" data-show-dots=\"\" data-variable-width=\"off\" data-overflow-style=\"on\" data-center-mode=\"\">\n                <div class=\"cs-gallery-wrap\">                    <div class=\"cs-gallery-item\"><img fetchpriority=\"high\" decoding=\"async\" width=\"600\" height=\"600\" src=\"https:\/\/www.aethaliabedandbreakfast.com\/wp-content\/uploads\/2025\/04\/image5-600x600.jpeg\" class=\"attachment-cozystay_600x600-crop size-cozystay_600x600-crop wp-image-4149\" alt=\"\" srcset=\"https:\/\/www.aethaliabedandbreakfast.com\/wp-content\/uploads\/2025\/04\/image5-600x600.jpeg 600w, https:\/\/www.aethaliabedandbreakfast.com\/wp-content\/uploads\/2025\/04\/image5-150x150.jpeg 150w, https:\/\/www.aethaliabedandbreakfast.com\/wp-content\/uploads\/2025\/04\/image5-300x300.jpeg 300w\" sizes=\"(max-width: 600px) 100vw, 600px\" \/>                    <\/div>                    <div class=\"cs-gallery-item\"><img decoding=\"async\" width=\"600\" height=\"600\" src=\"https:\/\/www.aethaliabedandbreakfast.com\/wp-content\/uploads\/2025\/04\/image20-600x600.jpeg\" class=\"attachment-cozystay_600x600-crop size-cozystay_600x600-crop wp-image-4157\" alt=\"Polpo\" srcset=\"https:\/\/www.aethaliabedandbreakfast.com\/wp-content\/uploads\/2025\/04\/image20-600x600.jpeg 600w, https:\/\/www.aethaliabedandbreakfast.com\/wp-content\/uploads\/2025\/04\/image20-150x150.jpeg 150w, https:\/\/www.aethaliabedandbreakfast.com\/wp-content\/uploads\/2025\/04\/image20-300x300.jpeg 300w\" sizes=\"(max-width: 600px) 100vw, 600px\" \/>                    <\/div>                    <div class=\"cs-gallery-item\"><img decoding=\"async\" width=\"600\" height=\"600\" src=\"https:\/\/www.aethaliabedandbreakfast.com\/wp-content\/uploads\/2025\/04\/image17-600x600.jpeg\" class=\"attachment-cozystay_600x600-crop size-cozystay_600x600-crop wp-image-4155\" alt=\"Sub in immersione\" srcset=\"https:\/\/www.aethaliabedandbreakfast.com\/wp-content\/uploads\/2025\/04\/image17-600x600.jpeg 600w, https:\/\/www.aethaliabedandbreakfast.com\/wp-content\/uploads\/2025\/04\/image17-150x150.jpeg 150w, https:\/\/www.aethaliabedandbreakfast.com\/wp-content\/uploads\/2025\/04\/image17-300x300.jpeg 300w\" sizes=\"(max-width: 600px) 100vw, 600px\" \/>                    <\/div>                    <div class=\"cs-gallery-item\"><img loading=\"lazy\" decoding=\"async\" width=\"600\" height=\"600\" src=\"https:\/\/www.aethaliabedandbreakfast.com\/wp-content\/uploads\/2025\/04\/image14-600x600.jpeg\" class=\"attachment-cozystay_600x600-crop size-cozystay_600x600-crop wp-image-4152\" alt=\"Sub in immersione\" srcset=\"https:\/\/www.aethaliabedandbreakfast.com\/wp-content\/uploads\/2025\/04\/image14-600x600.jpeg 600w, https:\/\/www.aethaliabedandbreakfast.com\/wp-content\/uploads\/2025\/04\/image14-150x150.jpeg 150w, https:\/\/www.aethaliabedandbreakfast.com\/wp-content\/uploads\/2025\/04\/image14-300x300.jpeg 300w\" sizes=\"(max-width: 600px) 100vw, 600px\" \/>                    <\/div>                    <div class=\"cs-gallery-item\"><img loading=\"lazy\" decoding=\"async\" width=\"600\" height=\"600\" src=\"https:\/\/www.aethaliabedandbreakfast.com\/wp-content\/uploads\/2025\/04\/image15-600x600.jpg\" class=\"attachment-cozystay_600x600-crop size-cozystay_600x600-crop wp-image-4153\" alt=\"Enfola Diving Center sul gommone con i sub\" srcset=\"https:\/\/www.aethaliabedandbreakfast.com\/wp-content\/uploads\/2025\/04\/image15-600x600.jpg 600w, https:\/\/www.aethaliabedandbreakfast.com\/wp-content\/uploads\/2025\/04\/image15-150x150.jpg 150w, https:\/\/www.aethaliabedandbreakfast.com\/wp-content\/uploads\/2025\/04\/image15-300x300.jpg 300w\" sizes=\"(max-width: 600px) 100vw, 600px\" \/>                    <\/div>                    <div class=\"cs-gallery-item\"><img loading=\"lazy\" decoding=\"async\" width=\"600\" height=\"600\" src=\"https:\/\/www.aethaliabedandbreakfast.com\/wp-content\/uploads\/2025\/04\/image0-600x600.jpeg\" class=\"attachment-cozystay_600x600-crop size-cozystay_600x600-crop wp-image-4148\" alt=\"\" srcset=\"https:\/\/www.aethaliabedandbreakfast.com\/wp-content\/uploads\/2025\/04\/image0-600x600.jpeg 600w, https:\/\/www.aethaliabedandbreakfast.com\/wp-content\/uploads\/2025\/04\/image0-150x150.jpeg 150w, https:\/\/www.aethaliabedandbreakfast.com\/wp-content\/uploads\/2025\/04\/image0-300x300.jpeg 300w\" sizes=\"(max-width: 600px) 100vw, 600px\" \/>                    <\/div>                    <div class=\"cs-gallery-item\"><img loading=\"lazy\" decoding=\"async\" width=\"600\" height=\"600\" src=\"https:\/\/www.aethaliabedandbreakfast.com\/wp-content\/uploads\/2025\/04\/image16-600x600.jpeg\" class=\"attachment-cozystay_600x600-crop size-cozystay_600x600-crop wp-image-4154\" alt=\"\" srcset=\"https:\/\/www.aethaliabedandbreakfast.com\/wp-content\/uploads\/2025\/04\/image16-600x600.jpeg 600w, https:\/\/www.aethaliabedandbreakfast.com\/wp-content\/uploads\/2025\/04\/image16-150x150.jpeg 150w, https:\/\/www.aethaliabedandbreakfast.com\/wp-content\/uploads\/2025\/04\/image16-300x300.jpeg 300w\" sizes=\"(max-width: 600px) 100vw, 600px\" \/>                    <\/div>                    <div class=\"cs-gallery-item\"><img loading=\"lazy\" decoding=\"async\" width=\"600\" height=\"600\" src=\"https:\/\/www.aethaliabedandbreakfast.com\/wp-content\/uploads\/2025\/04\/image9-600x600.jpeg\" class=\"attachment-cozystay_600x600-crop size-cozystay_600x600-crop wp-image-4150\" alt=\"\" srcset=\"https:\/\/www.aethaliabedandbreakfast.com\/wp-content\/uploads\/2025\/04\/image9-600x600.jpeg 600w, https:\/\/www.aethaliabedandbreakfast.com\/wp-content\/uploads\/2025\/04\/image9-150x150.jpeg 150w, https:\/\/www.aethaliabedandbreakfast.com\/wp-content\/uploads\/2025\/04\/image9-300x300.jpeg 300w\" sizes=\"(max-width: 600px) 100vw, 600px\" \/>                    <\/div>                    <div class=\"cs-gallery-item\"><img loading=\"lazy\" decoding=\"async\" width=\"600\" height=\"593\" src=\"https:\/\/www.aethaliabedandbreakfast.com\/wp-content\/uploads\/2025\/04\/image12-600x593.jpeg\" class=\"attachment-cozystay_600x600-crop size-cozystay_600x600-crop wp-image-4151\" alt=\"\" \/>                    <\/div>                    <div class=\"cs-gallery-item\"><img loading=\"lazy\" decoding=\"async\" width=\"600\" height=\"463\" src=\"https:\/\/www.aethaliabedandbreakfast.com\/wp-content\/uploads\/2025\/04\/image18-600x463.jpeg\" class=\"attachment-cozystay_600x600-crop size-cozystay_600x600-crop wp-image-4156\" alt=\"Medusa\" \/>                    <\/div>                <\/div>\n            <\/div>\t\t\t\t<\/div>\n\t\t\t\t<\/div>\n\t\t\t\t<div class=\"elementor-element elementor-element-0b37e96 elementor-widget elementor-widget-cs_call_to_action\" data-id=\"0b37e96\" data-element_type=\"widget\" data-widget_type=\"cs_call_to_action.default\">\n\t\t\t\t<div class=\"elementor-widget-container\">\n\t\t\t\t\t\n\t\t<div class=\"cs-cta cta-layout-text-normal text-center cta-hover-img-zoom\">\n            <div class=\"cs-cta-wrap\">                <div class=\"cs-cta-overlay\"><\/div>\n                <div class=\"cs-cta-content\">\t\t\t\t\t<div class=\"cs-subtitle-wrap\"><span class=\"cs-subtitle\">Informationen und\/oder Buchung<\/span><\/div>\t\t            <h4 class=\"cs-cta-title cs-title\">\n\t\t                Enfola Diving Center\n\n\t\t            <\/h4>\t\t            <div class=\"cs-cta-text\">\n\t\t                Loc. Enfola, 57037 Portoferraio\n\nTel: <a href=\"tel:+393487925653\" target=\"_blank\" rel=\"noopener\">+39 348 7925653<\/a>\t\t            <\/div>\t                <div class=\"cs-cta-btn\">\n\t                    <a class=\"button cs-btn-underline\" role=\"button\" href=\"https:\/\/enfoladivingcenter.it\/de\/\" target=\"_blank\">\n\t                        <span class=\"cs-btn-text\">Website<\/span>\t                    <\/a>\n\t                <\/div>\t\t\t<\/div>            <\/div>\n        <\/div>\t\t\t\t<\/div>\n\t\t\t\t<\/div>\n\t\t\t\t\t<\/div>\n\t\t<\/div>\n\t\t\t\t\t<\/div>\n\t\t<\/section>\n\t\t\t\t<\/div>\n\t\t","protected":false},"excerpt":{"rendered":"<p>Enfola Diving Center Tauchen Kurse, gef\u00fchrte Ausfl\u00fcge und Unterwasserabenteuer in einem der faszinierendsten Meeresabschnitte der Insel Elba. Das Meer mit Leidenschaft entdecken \u2013 Tauchen, Schnorcheln und Abenteuer Tauchen und Schnorcheln In der wundersch\u00f6nen Bucht von Capo d\u2019Enfola gelegen, ist das mit dem B&amp;B Aethalia verbundene Tauchzentrum der ideale Ausgangspunkt, um die atemberaubende Unterwasserwelt der Insel &#8230;<\/p>\n","protected":false},"author":2,"featured_media":0,"parent":4854,"menu_order":0,"comment_status":"closed","ping_status":"closed","template":"template-wide-content.php","meta":{"cozystay_single_page_hide_site_header":"","cozystay_single_page_site_header_source":"","cozystay_single_page_custom_site_header":"0","cozystay_single_page_custom_sticky_site_header":"0","cozystay_single_page_hide_page_title":"on","cozystay_single_page_header_section_size":"","cozystay_single_page_header_background_color":"","cozystay_single_page_header_background_position_x":"center","cozystay_single_page_header_background_position_y":"center","cozystay_single_page_header_background_size":"cover","cozystay_single_page_header_background_repeat":"off","cozystay_single_page_header_background_scroll":"on","cozystay_single_page_header_text_color":"","cozystay_single_page_header_show_breadcrumb":"","cozystay_single_page_site_footer_hide_main":"","cozystay_single_custom_site_footer_main_source":"","cozystay_single_custom_site_footer_main":"0","cozystay_single_page_site_footer_hide_above":"","cozystay_single_custom_site_footer_above_source":"","cozystay_single_custom_site_footer_above":"0","cozystay_single_page_site_footer_hide_instagram":"","cozystay_single_page_site_footer_hide_bottom":"","cozystay_single_custom_mobile_menu_source":"","cozystay_single_custom_mobile_menu":"0","cozystay_single_custom_mobile_menu_animation":"","cozystay_single_custom_mobile_menu_width":"","cozystay_single_custom_mobile_menu_custom_width":375,"footnotes":""},"class_list":["post-4842","page","type-page","status-publish","hentry"],"_links":{"self":[{"href":"https:\/\/www.aethaliabedandbreakfast.com\/de\/wp-json\/wp\/v2\/pages\/4842","targetHints":{"allow":["GET"]}}],"collection":[{"href":"https:\/\/www.aethaliabedandbreakfast.com\/de\/wp-json\/wp\/v2\/pages"}],"about":[{"href":"https:\/\/www.aethaliabedandbreakfast.com\/de\/wp-json\/wp\/v2\/types\/page"}],"author":[{"embeddable":true,"href":"https:\/\/www.aethaliabedandbreakfast.com\/de\/wp-json\/wp\/v2\/users\/2"}],"replies":[{"embeddable":true,"href":"https:\/\/www.aethaliabedandbreakfast.com\/de\/wp-json\/wp\/v2\/comments?post=4842"}],"version-history":[{"count":4,"href":"https:\/\/www.aethaliabedandbreakfast.com\/de\/wp-json\/wp\/v2\/pages\/4842\/revisions"}],"predecessor-version":[{"id":5486,"href":"https:\/\/www.aethaliabedandbreakfast.com\/de\/wp-json\/wp\/v2\/pages\/4842\/revisions\/5486"}],"up":[{"embeddable":true,"href":"https:\/\/www.aethaliabedandbreakfast.com\/de\/wp-json\/wp\/v2\/pages\/4854"}],"wp:attachment":[{"href":"https:\/\/www.aethaliabedandbreakfast.com\/de\/wp-json\/wp\/v2\/media?parent=4842"}],"curies":[{"name":"wp","href":"https:\/\/api.w.org\/{rel}","templated":true}]}}