{"id":4911,"date":"2024-12-04T16:27:12","date_gmt":"2024-12-04T15:27:12","guid":{"rendered":"http:\/\/aethaliabb.youelba.com\/ferienwohnungen\/bilocale-vittorio\/"},"modified":"2025-04-30T16:30:20","modified_gmt":"2025-04-30T14:30:20","slug":"zweizimmerwohnung-vittorio","status":"publish","type":"page","link":"https:\/\/www.aethaliabedandbreakfast.com\/de\/ferienwohnungen\/zweizimmerwohnung-vittorio\/","title":{"rendered":"Zweizimmerwohnung Vittorio"},"content":{"rendered":"\t\t<div data-elementor-type=\"wp-page\" data-elementor-id=\"4911\" class=\"elementor elementor-4911 elementor-3323\">\n\t\t\t\t\t\t<section class=\"elementor-section elementor-top-section elementor-element elementor-element-801451a elementor-section-height-min-height cs-section-content-fullwidth cs-parallax-on-scroll cs_scroll_y_80 elementor-section-boxed elementor-section-height-default elementor-section-items-middle\" data-id=\"801451a\" data-element_type=\"section\" data-settings=\"{&quot;background_background&quot;:&quot;classic&quot;}\" data-cs-parallax-y=\"80\" style=\"background-image: none;\" data-cs-background-image=\"https:\/\/www.aethaliabedandbreakfast.com\/wp-content\/uploads\/2025\/04\/bilocale-vittorio-testata.jpg\" data-cs-background-image-alt-text=\"Bilocale Vittorio\">\n\t\t\t\t\t\t\t<div class=\"elementor-background-overlay\"><\/div>\n\t\t\t\t\t\t\t<div class=\"elementor-container elementor-column-gap-no\">\n\t\t\t\t\t<div class=\"elementor-column elementor-col-100 elementor-top-column elementor-element elementor-element-7844eab dark-color\" data-id=\"7844eab\" data-element_type=\"column\">\n\t\t\t<div class=\"elementor-widget-wrap\">\n\t\t\t\t\t\t\t<\/div>\n\t\t<\/div>\n\t\t\t\t\t<\/div>\n\t\t<\/section>\n\t\t\t\t<section class=\"elementor-section elementor-top-section elementor-element elementor-element-794445d elementor-section-boxed elementor-section-height-default elementor-section-height-default\" data-id=\"794445d\" data-element_type=\"section\">\n\t\t\t\t\t\t<div class=\"elementor-container elementor-column-gap-no\">\n\t\t\t\t\t<div class=\"elementor-column elementor-col-66 elementor-top-column elementor-element elementor-element-559ab60\" data-id=\"559ab60\" data-element_type=\"column\">\n\t\t\t<div class=\"elementor-widget-wrap elementor-element-populated\">\n\t\t\t\t\t\t<div class=\"elementor-element elementor-element-4f7870c elementor-widget elementor-widget-cs_title\" data-id=\"4f7870c\" data-element_type=\"widget\" data-widget_type=\"cs_title.default\">\n\t\t\t\t<div class=\"elementor-widget-container\">\n\t\t\t\t\t\n        <div class=\"cs-title-wrap text-left\">\t            <div class=\"cs-subtitle-wrap\"><span class=\"cs-subtitle\">Mit atemberaubender Aussicht auf den Golf von Portoferraio<\/span><\/div>\t            <h2 class=\"cs-title\">\n\t                Zweizimmerwohnung Vittorio\t            <\/h2>        <\/div>\t\t\t\t<\/div>\n\t\t\t\t<\/div>\n\t\t\t\t<div class=\"elementor-element elementor-element-3e76977 elementor-widget elementor-widget-cs_info_box\" data-id=\"3e76977\" data-element_type=\"widget\" data-widget_type=\"cs_info_box.default\">\n\t\t\t\t<div class=\"elementor-widget-container\">\n\t\t\t\t\t\n\t\t\t<div class=\"cs-info-box column-4 valign-middle img-left text-left\">\n                <div class=\"cs-info-box-wrap\">                    <div class=\"cs-info-box-item elementor-repeater-item-d6a32d6\">\n                    \t<div class=\"cs-item-container\">\t                        <div class=\"cs-info-box-img\"><i aria-hidden=\"true\" class=\"flaticon flaticon-user-2\"><\/i>\t                        <\/div>\t                        <div class=\"cs-info-box-content\">\n\t                            <h6 class=\"cs-title cs-info-box-title\">2 G\u00e4ste\t\t\t\t\t\t\t\t<\/h6>\t                        <\/div>\t                    <\/div>\n                    <\/div>                    <div class=\"cs-info-box-item elementor-repeater-item-672e169\">\n                    \t<div class=\"cs-item-container\">\t                        <div class=\"cs-info-box-img\"><i aria-hidden=\"true\" class=\"flaticon flaticon-stove\"><\/i>\t                        <\/div>\t                        <div class=\"cs-info-box-content\">\n\t                            <h6 class=\"cs-title cs-info-box-title\">1 K\u00fcche\t\t\t\t\t\t\t\t<\/h6>\t                        <\/div>\t                    <\/div>\n                    <\/div>                    <div class=\"cs-info-box-item elementor-repeater-item-858123f\">\n                    \t<div class=\"cs-item-container\">\t                        <div class=\"cs-info-box-img\"><i aria-hidden=\"true\" class=\"flaticon flaticon-bed-2\"><\/i>\t                        <\/div>\t                        <div class=\"cs-info-box-content\">\n\t                            <h6 class=\"cs-title cs-info-box-title\">1 Doppelbett\t\t\t\t\t\t\t\t<\/h6>\t                        <\/div>\t                    <\/div>\n                    <\/div>                    <div class=\"cs-info-box-item elementor-repeater-item-ef722d3\">\n                    \t<div class=\"cs-item-container\">\t                        <div class=\"cs-info-box-img\"><i aria-hidden=\"true\" class=\"flaticon flaticon-shower-1\"><\/i>\t                        <\/div>\t                        <div class=\"cs-info-box-content\">\n\t                            <h6 class=\"cs-title cs-info-box-title\">1 Badezimmer\t\t\t\t\t\t\t\t<\/h6>\t                        <\/div>\t                    <\/div>\n                    <\/div>\t\t\t\t<\/div>\n\t\t\t<\/div>\t\t\t\t<\/div>\n\t\t\t\t<\/div>\n\t\t\t\t<div class=\"elementor-element elementor-element-85ef486 my-title elementor-widget elementor-widget-cs_title\" data-id=\"85ef486\" data-element_type=\"widget\" data-widget_type=\"cs_title.default\">\n\t\t\t\t<div class=\"elementor-widget-container\">\n\t\t\t\t\t\n        <div class=\"cs-title-wrap text-left\">\t            <div class=\"cs-title-text\">\n\t                <p>Die Zweizimmerwohnung Vittorio ist eine gem\u00fctliche Unterkunft mit herrlichem Meerblick.<\/p><p>Das Apartment verf\u00fcgt \u00fcber ein Schlafzimmer mit Doppelbett sowie ein Badezimmer mit Dusche.<\/p><p>Die funktionale und komplett ausgestattete K\u00fcche bietet alles, was Sie brauchen, um w\u00e4hrend Ihres Aufenthalts leckere Mahlzeiten zuzubereiten.<\/p><p>Im Au\u00dfenbereich bietet die Wohnung einen gro\u00dfz\u00fcgigen privaten Bereich mit Grill und Sonnenliegen \u2013 ideal zum Entspannen im Freien. Die gro\u00dfe Pergola ist perfekt f\u00fcr Mahlzeiten im Freien und bietet einen atemberaubenden Blick \u00fcber den gesamten Golf von Portoferraio, was eine ganz besondere und stimmungsvolle Atmosph\u00e4re schafft.<\/p><p>Die Wohnung ist au\u00dferdem mit Klimaanlage ausgestattet.<\/p>\t            <\/div>        <\/div>\t\t\t\t<\/div>\n\t\t\t\t<\/div>\n\t\t\t\t\t<\/div>\n\t\t<\/div>\n\t\t\t\t<div class=\"elementor-column elementor-col-33 elementor-top-column elementor-element elementor-element-a72484e\" data-id=\"a72484e\" data-element_type=\"column\">\n\t\t\t<div class=\"elementor-widget-wrap elementor-element-populated\">\n\t\t\t\t\t\t<section class=\"elementor-section elementor-inner-section elementor-element elementor-element-d4cbe84 elementor-section-boxed elementor-section-height-default elementor-section-height-default\" data-id=\"d4cbe84\" data-element_type=\"section\" data-settings=\"{&quot;background_background&quot;:&quot;classic&quot;}\">\n\t\t\t\t\t\t<div class=\"elementor-container elementor-column-gap-no\">\n\t\t\t\t\t<div class=\"elementor-column elementor-col-100 elementor-inner-column elementor-element elementor-element-4a70667\" data-id=\"4a70667\" data-element_type=\"column\">\n\t\t\t<div class=\"elementor-widget-wrap elementor-element-populated\">\n\t\t\t\t\t\t<div class=\"elementor-element elementor-element-acbcba6 elementor-widget elementor-widget-cs_title\" data-id=\"acbcba6\" data-element_type=\"widget\" data-widget_type=\"cs_title.default\">\n\t\t\t\t<div class=\"elementor-widget-container\">\n\t\t\t\t\t\n        <div class=\"cs-title-wrap\">\t            <h6 class=\"cs-title\">\n\t                Mehr erfahren\t            <\/h6>        <\/div>\t\t\t\t<\/div>\n\t\t\t\t<\/div>\n\t\t\t\t<div class=\"elementor-element elementor-element-a132a68 elementor-widget elementor-widget-cs_list\" data-id=\"a132a68\" data-element_type=\"widget\" data-widget_type=\"cs_list.default\">\n\t\t\t\t<div class=\"elementor-widget-container\">\n\t\t\t\t\t\n            <ul class=\"cs-list cs-list-type-unordered with-border\">                <li>                        <span class=\"list-icon color-primary\">\n                            <svg aria-hidden=\"true\" class=\"e-font-icon-svg e-fas-circle\" viewBox=\"0 0 512 512\" xmlns=\"http:\/\/www.w3.org\/2000\/svg\"><path d=\"M256 8C119 8 8 119 8 256s111 248 248 248 248-111 248-248S393 8 256 8z\"><\/path><\/svg>                        <\/span>                    <span class=\"list-content\">Ausstattung der Unterkunft<\/span>                        <a class=\"list-link\" href=\"\/de\/ferienwohnungen\/\" aria-label=\"List Item Link\"><\/a>                <\/li>                <li>                        <span class=\"list-icon color-primary\">\n                            <svg aria-hidden=\"true\" class=\"e-font-icon-svg e-fas-circle\" viewBox=\"0 0 512 512\" xmlns=\"http:\/\/www.w3.org\/2000\/svg\"><path d=\"M256 8C119 8 8 119 8 256s111 248 248 248 248-111 248-248S393 8 256 8z\"><\/path><\/svg>                        <\/span>                    <span class=\"list-content\">Angebote und Verg\u00fcnstigungen<\/span>                        <a class=\"list-link\" href=\"\/de\/angebote-und-vereinbarungen\/\" aria-label=\"List Item Link\"><\/a>                <\/li>                <li>                        <span class=\"list-icon color-primary\">\n                            <svg aria-hidden=\"true\" class=\"e-font-icon-svg e-fas-circle\" viewBox=\"0 0 512 512\" xmlns=\"http:\/\/www.w3.org\/2000\/svg\"><path d=\"M256 8C119 8 8 119 8 256s111 248 248 248 248-111 248-248S393 8 256 8z\"><\/path><\/svg>                        <\/span>                    <span class=\"list-content\">Allgemeine Bedingungen<\/span>                        <a class=\"list-link\" href=\"\/de\/stornierungsbedingungen\/\" aria-label=\"List Item Link\"><\/a>                <\/li>            <\/ul>\t\t\t\t<\/div>\n\t\t\t\t<\/div>\n\t\t\t\t<div class=\"elementor-element elementor-element-fc10899 elementor-align-justify elementor-widget elementor-widget-cs_button\" data-id=\"fc10899\" data-element_type=\"widget\" data-widget_type=\"cs_button.default\">\n\t\t\t\t<div class=\"elementor-widget-container\">\n\t\t\t\t\t        <a href=\"https:\/\/www.bed-and-breakfast.it\/de\/toskana\/aethalia-bed-and-breakfast-portoferraio\/28433\" target=\"_blank\" class=\"elementor-button-link button cs-btn-color-black\" role=\"button\">\n            <span class=\"cs-btn-text\">Buchen<\/span>        <\/a>\t\t\t\t<\/div>\n\t\t\t\t<\/div>\n\t\t\t\t\t<\/div>\n\t\t<\/div>\n\t\t\t\t\t<\/div>\n\t\t<\/section>\n\t\t\t\t\t<\/div>\n\t\t<\/div>\n\t\t\t\t\t<\/div>\n\t\t<\/section>\n\t\t\t\t<section class=\"elementor-section elementor-top-section elementor-element elementor-element-632e1fe elementor-section-boxed elementor-section-height-default elementor-section-height-default\" data-id=\"632e1fe\" data-element_type=\"section\">\n\t\t\t\t\t\t<div class=\"elementor-container elementor-column-gap-no\">\n\t\t\t\t\t<div class=\"elementor-column elementor-col-100 elementor-top-column elementor-element elementor-element-b85a064\" data-id=\"b85a064\" data-element_type=\"column\">\n\t\t\t<div class=\"elementor-widget-wrap elementor-element-populated\">\n\t\t\t\t\t\t<div class=\"elementor-element elementor-element-e55e76b elementor-widget elementor-widget-cs_title\" data-id=\"e55e76b\" data-element_type=\"widget\" data-widget_type=\"cs_title.default\">\n\t\t\t\t<div class=\"elementor-widget-container\">\n\t\t\t\t\t\n        <div class=\"cs-title-wrap\">\t            <h6 class=\"cs-title\">\n\t                Ausstattung im Apartmentsi\t            <\/h6>        <\/div>\t\t\t\t<\/div>\n\t\t\t\t<\/div>\n\t\t\t\t<div class=\"elementor-element elementor-element-49d2e4a elementor-widget elementor-widget-cs_info_box\" data-id=\"49d2e4a\" data-element_type=\"widget\" data-widget_type=\"cs_info_box.default\">\n\t\t\t\t<div class=\"elementor-widget-container\">\n\t\t\t\t\t\n\t\t\t<div class=\"cs-info-box column-3 valign-middle img-left text-left\">\n                <div class=\"cs-info-box-wrap\">                    <div class=\"cs-info-box-item elementor-repeater-item-24789ef\">\n                    \t<div class=\"cs-item-container\">\t                        <div class=\"cs-info-box-img\"><i aria-hidden=\"true\" class=\"flaticon flaticon-wifi-connection\"><\/i>\t                        <\/div>\t                        <div class=\"cs-info-box-content\">\n\t                            <h6 class=\"cs-title cs-info-box-title\">Kostenloses WLAN\t\t\t\t\t\t\t\t<\/h6>\t                        <\/div>\t                    <\/div>\n                    <\/div>                    <div class=\"cs-info-box-item elementor-repeater-item-d6a32d6\">\n                    \t<div class=\"cs-item-container\">\t                        <div class=\"cs-info-box-img\"><i aria-hidden=\"true\" class=\"flaticon flaticon-air-conditioner-2\"><\/i>\t                        <\/div>\t                        <div class=\"cs-info-box-content\">\n\t                            <h6 class=\"cs-title cs-info-box-title\">Klimaanlage\t\t\t\t\t\t\t\t<\/h6>\t                        <\/div>\t                    <\/div>\n                    <\/div>                    <div class=\"cs-info-box-item elementor-repeater-item-b05f215\">\n                    \t<div class=\"cs-item-container\">\t                        <div class=\"cs-info-box-img\"><i aria-hidden=\"true\" class=\"flaticon flaticon-barbecue\"><\/i>\t                        <\/div>\t                        <div class=\"cs-info-box-content\">\n\t                            <h6 class=\"cs-title cs-info-box-title\">Grill\t\t\t\t\t\t\t\t<\/h6>\t                        <\/div>\t                    <\/div>\n                    <\/div>\t\t\t\t<\/div>\n\t\t\t<\/div>\t\t\t\t<\/div>\n\t\t\t\t<\/div>\n\t\t\t\t<div class=\"elementor-element elementor-element-77ceb85 elementor-widget elementor-widget-cs_title\" data-id=\"77ceb85\" data-element_type=\"widget\" data-widget_type=\"cs_title.default\">\n\t\t\t\t<div class=\"elementor-widget-container\">\n\t\t\t\t\t\n        <div class=\"cs-title-wrap\">\t            <h6 class=\"cs-title\">\n\t                N\u00fctzliche Informationen f\u00fcr Ihren Aufenthalt\t            <\/h6>\t            <div class=\"cs-title-text\">\n\t                <ul>\n \t<li>Bettw\u00e4sche ist nicht inbegriffen. Sie kann bei der Buchung angefragt werden.<\/li>\n \t<li>Die Endreinigung kostet 50 Euro.<\/li>\n \t<li>Die K\u00fcche muss beim Check-out sauber hinterlassen werden.<\/li>\n<\/ul>\t            <\/div>        <\/div>\t\t\t\t<\/div>\n\t\t\t\t<\/div>\n\t\t\t\t\t<\/div>\n\t\t<\/div>\n\t\t\t\t\t<\/div>\n\t\t<\/section>\n\t\t\t\t<section class=\"elementor-section elementor-top-section elementor-element elementor-element-6c41533 cs-section-content-fullwidth elementor-section-boxed elementor-section-height-default elementor-section-height-default\" data-id=\"6c41533\" data-element_type=\"section\">\n\t\t\t\t\t\t<div class=\"elementor-container elementor-column-gap-no\">\n\t\t\t\t\t<div class=\"elementor-column elementor-col-100 elementor-top-column elementor-element elementor-element-39dded5\" data-id=\"39dded5\" data-element_type=\"column\">\n\t\t\t<div class=\"elementor-widget-wrap elementor-element-populated\">\n\t\t\t\t\t\t<div class=\"elementor-element elementor-element-1cb6529 elementor-widget elementor-widget-cs_gallery\" data-id=\"1cb6529\" data-element_type=\"widget\" data-widget_type=\"cs_gallery.default\">\n\t\t\t\t<div class=\"elementor-widget-container\">\n\t\t\t\t\t\n            <div class=\"cs-gallery gap-5 gallery-carousel style-overflow align-middle-v\" data-column=\"3\" data-fade=\"\" data-autoplay=\"off\" data-autoplay-speed=\"5000\" data-show-arrows=\"on\" data-show-dots=\"\" data-variable-width=\"off\" data-overflow-style=\"on\" data-center-mode=\"\">\n                <div class=\"cs-gallery-wrap\">                    <div class=\"cs-gallery-item\">                            <a href=\"https:\/\/www.aethaliabedandbreakfast.com\/wp-content\/uploads\/2025\/04\/bilocale-vittorio-esterno.jpg\" data-elementor-open-lightbox=\"yes\" data-elementor-lightbox-slideshow=\"1cb6529\" data-elementor-lightbox-title=\"bilocale-vittorio-esterno\" data-e-action-hash=\"#elementor-action%3Aaction%3Dlightbox%26settings%3DeyJpZCI6NTc3OCwidXJsIjoiaHR0cHM6XC9cL3d3dy5hZXRoYWxpYWJlZGFuZGJyZWFrZmFzdC5jb21cL3dwLWNvbnRlbnRcL3VwbG9hZHNcLzIwMjVcLzA0XC9iaWxvY2FsZS12aXR0b3Jpby1lc3Rlcm5vLmpwZyIsInNsaWRlc2hvdyI6IjFjYjY1MjkifQ%3D%3D\" aria-label=\"Image\"><img decoding=\"async\" src=\"https:\/\/www.aethaliabedandbreakfast.com\/wp-content\/uploads\/elementor\/thumbs\/bilocale-vittorio-esterno-r54hkkz0z37frw3gca3tdu34h7bzsnisdojvwlla0w.jpg\" title=\"bilocale-vittorio-esterno\" alt=\"Esterno del Bilocale Vittorio\" loading=\"lazy\" \/><\/a>                    <\/div>                    <div class=\"cs-gallery-item\">                            <a href=\"https:\/\/www.aethaliabedandbreakfast.com\/wp-content\/uploads\/2025\/04\/bilocale-vittorio-copertina.jpg\" data-elementor-open-lightbox=\"yes\" data-elementor-lightbox-slideshow=\"1cb6529\" data-elementor-lightbox-title=\"bilocale-vittorio-copertina\" data-e-action-hash=\"#elementor-action%3Aaction%3Dlightbox%26settings%3DeyJpZCI6NTcyNiwidXJsIjoiaHR0cHM6XC9cL3d3dy5hZXRoYWxpYWJlZGFuZGJyZWFrZmFzdC5jb21cL3dwLWNvbnRlbnRcL3VwbG9hZHNcLzIwMjVcLzA0XC9iaWxvY2FsZS12aXR0b3Jpby1jb3BlcnRpbmEuanBnIiwic2xpZGVzaG93IjoiMWNiNjUyOSJ9\" aria-label=\"Image\"><img decoding=\"async\" src=\"https:\/\/www.aethaliabedandbreakfast.com\/wp-content\/uploads\/elementor\/thumbs\/bilocale-vittorio-copertina-r54gkjtqzpvqq0fmqpensxf0pgxgqch7fc9tmr0kjk.jpg\" title=\"bilocale-vittorio-copertina\" alt=\"Bilocale Vittorio - Aethalia B&amp;B\" loading=\"lazy\" \/><\/a>                    <\/div>                    <div class=\"cs-gallery-item\">                            <a href=\"https:\/\/www.aethaliabedandbreakfast.com\/wp-content\/uploads\/2025\/04\/bilocale-vittorio-cucina2.jpg\" data-elementor-open-lightbox=\"yes\" data-elementor-lightbox-slideshow=\"1cb6529\" data-elementor-lightbox-title=\"bilocale-vittorio-cucina2\" data-e-action-hash=\"#elementor-action%3Aaction%3Dlightbox%26settings%3DeyJpZCI6NTc3NCwidXJsIjoiaHR0cHM6XC9cL3d3dy5hZXRoYWxpYWJlZGFuZGJyZWFrZmFzdC5jb21cL3dwLWNvbnRlbnRcL3VwbG9hZHNcLzIwMjVcLzA0XC9iaWxvY2FsZS12aXR0b3Jpby1jdWNpbmEyLmpwZyIsInNsaWRlc2hvdyI6IjFjYjY1MjkifQ%3D%3D\" aria-label=\"Image\"><img decoding=\"async\" src=\"https:\/\/www.aethaliabedandbreakfast.com\/wp-content\/uploads\/elementor\/thumbs\/bilocale-vittorio-cucina2-r54hkfbzu2zpu8bn97o1yvicww3sigwecwmz0xtn28.jpg\" title=\"bilocale-vittorio-cucina2\" alt=\"Cucina del Bilocale Vittorio\" loading=\"lazy\" \/><\/a>                    <\/div>                    <div class=\"cs-gallery-item\">                            <a href=\"https:\/\/www.aethaliabedandbreakfast.com\/wp-content\/uploads\/2025\/04\/bilocale-vittorio-cucina.jpg\" data-elementor-open-lightbox=\"yes\" data-elementor-lightbox-slideshow=\"1cb6529\" data-elementor-lightbox-title=\"bilocale-vittorio-cucina\" data-e-action-hash=\"#elementor-action%3Aaction%3Dlightbox%26settings%3DeyJpZCI6NTc3MCwidXJsIjoiaHR0cHM6XC9cL3d3dy5hZXRoYWxpYWJlZGFuZGJyZWFrZmFzdC5jb21cL3dwLWNvbnRlbnRcL3VwbG9hZHNcLzIwMjVcLzA0XC9iaWxvY2FsZS12aXR0b3Jpby1jdWNpbmEuanBnIiwic2xpZGVzaG93IjoiMWNiNjUyOSJ9\" aria-label=\"Image\"><img decoding=\"async\" src=\"https:\/\/www.aethaliabedandbreakfast.com\/wp-content\/uploads\/elementor\/thumbs\/bilocale-vittorio-cucina-r54hkamsvwta86ih0nmx4ep1xyqyfzdqo9djmk0lxc.jpg\" title=\"bilocale-vittorio-cucina\" alt=\"Cucina del Bilocale Vittorio\" loading=\"lazy\" \/><\/a>                    <\/div>                    <div class=\"cs-gallery-item\">                            <a href=\"https:\/\/www.aethaliabedandbreakfast.com\/wp-content\/uploads\/2025\/04\/bilocale-vittorio-camera1.jpg\" data-elementor-open-lightbox=\"yes\" data-elementor-lightbox-slideshow=\"1cb6529\" data-elementor-lightbox-title=\"bilocale-vittorio-camera1\" data-e-action-hash=\"#elementor-action%3Aaction%3Dlightbox%26settings%3DeyJpZCI6NTc1OCwidXJsIjoiaHR0cHM6XC9cL3d3dy5hZXRoYWxpYWJlZGFuZGJyZWFrZmFzdC5jb21cL3dwLWNvbnRlbnRcL3VwbG9hZHNcLzIwMjVcLzA0XC9iaWxvY2FsZS12aXR0b3Jpby1jYW1lcmExLmpwZyIsInNsaWRlc2hvdyI6IjFjYjY1MjkifQ%3D%3D\" aria-label=\"Image\"><img decoding=\"async\" src=\"https:\/\/www.aethaliabedandbreakfast.com\/wp-content\/uploads\/elementor\/thumbs\/bilocale-vittorio-camera1-r54hjunjnq7eqt5olyq9g0q7uexpt4may2aaguoav4.jpg\" title=\"bilocale-vittorio-camera1\" alt=\"Camera del Bilocale Vittorio\" loading=\"lazy\" \/><\/a>                    <\/div>                    <div class=\"cs-gallery-item\">                            <a href=\"https:\/\/www.aethaliabedandbreakfast.com\/wp-content\/uploads\/2025\/04\/bilocale-vittorio-camera2.jpg\" data-elementor-open-lightbox=\"yes\" data-elementor-lightbox-slideshow=\"1cb6529\" data-elementor-lightbox-title=\"bilocale-vittorio-camera2\" data-e-action-hash=\"#elementor-action%3Aaction%3Dlightbox%26settings%3DeyJpZCI6NTc2MiwidXJsIjoiaHR0cHM6XC9cL3d3dy5hZXRoYWxpYWJlZGFuZGJyZWFrZmFzdC5jb21cL3dwLWNvbnRlbnRcL3VwbG9hZHNcLzIwMjVcLzA0XC9iaWxvY2FsZS12aXR0b3Jpby1jYW1lcmEyLmpwZyIsInNsaWRlc2hvdyI6IjFjYjY1MjkifQ%3D%3D\" aria-label=\"Image\"><img decoding=\"async\" src=\"https:\/\/www.aethaliabedandbreakfast.com\/wp-content\/uploads\/elementor\/thumbs\/bilocale-vittorio-camera2-r54hk0aksqf4ogxhp160uzazeq5x3b8oyu77cifxts.jpg\" title=\"bilocale-vittorio-camera2\" alt=\"Camera del Bilocale Vittorio\" loading=\"lazy\" \/><\/a>                    <\/div>                    <div class=\"cs-gallery-item\">                            <a href=\"https:\/\/www.aethaliabedandbreakfast.com\/wp-content\/uploads\/2025\/04\/bilocale-vittorio-camera3.jpg\" data-elementor-open-lightbox=\"yes\" data-elementor-lightbox-slideshow=\"1cb6529\" data-elementor-lightbox-title=\"bilocale-vittorio-camera3\" data-e-action-hash=\"#elementor-action%3Aaction%3Dlightbox%26settings%3DeyJpZCI6NTc2NiwidXJsIjoiaHR0cHM6XC9cL3d3dy5hZXRoYWxpYWJlZGFuZGJyZWFrZmFzdC5jb21cL3dwLWNvbnRlbnRcL3VwbG9hZHNcLzIwMjVcLzA0XC9iaWxvY2FsZS12aXR0b3Jpby1jYW1lcmEzLmpwZyIsInNsaWRlc2hvdyI6IjFjYjY1MjkifQ%3D%3D\" aria-label=\"Image\"><img decoding=\"async\" src=\"https:\/\/www.aethaliabedandbreakfast.com\/wp-content\/uploads\/elementor\/thumbs\/bilocale-vittorio-camera3-r54hk5xlxqmum4pas3ls9xvqz1e4dhv2zm44867ksg.jpg\" title=\"bilocale-vittorio-camera3\" alt=\"Camera del Bilocale Vittorio\" loading=\"lazy\" \/><\/a>                    <\/div>                <\/div>\n            <\/div>\t\t\t\t<\/div>\n\t\t\t\t<\/div>\n\t\t\t\t\t<\/div>\n\t\t<\/div>\n\t\t\t\t\t<\/div>\n\t\t<\/section>\n\t\t\t\t<\/div>\n\t\t","protected":false},"excerpt":{"rendered":"<p>Mit atemberaubender Aussicht auf den Golf von Portoferraio Zweizimmerwohnung Vittorio 2 G\u00e4ste 1 K\u00fcche 1 Doppelbett 1 Badezimmer Die Zweizimmerwohnung Vittorio ist eine gem\u00fctliche Unterkunft mit herrlichem Meerblick. Das Apartment verf\u00fcgt \u00fcber ein Schlafzimmer mit Doppelbett sowie ein Badezimmer mit Dusche. Die funktionale und komplett ausgestattete K\u00fcche bietet alles, was Sie brauchen, um w\u00e4hrend Ihres &#8230;<\/p>\n","protected":false},"author":2,"featured_media":0,"parent":4901,"menu_order":0,"comment_status":"closed","ping_status":"closed","template":"template-wide-content.php","meta":{"cozystay_single_page_hide_site_header":"","cozystay_single_page_site_header_source":"","cozystay_single_page_custom_site_header":"0","cozystay_single_page_custom_sticky_site_header":"0","cozystay_single_page_hide_page_title":"on","cozystay_single_page_header_section_size":"","cozystay_single_page_header_background_color":"","cozystay_single_page_header_background_position_x":"center","cozystay_single_page_header_background_position_y":"center","cozystay_single_page_header_background_size":"cover","cozystay_single_page_header_background_repeat":"off","cozystay_single_page_header_background_scroll":"on","cozystay_single_page_header_text_color":"","cozystay_single_page_header_show_breadcrumb":"","cozystay_single_page_site_footer_hide_main":"","cozystay_single_custom_site_footer_main_source":"","cozystay_single_custom_site_footer_main":"0","cozystay_single_page_site_footer_hide_above":"","cozystay_single_custom_site_footer_above_source":"","cozystay_single_custom_site_footer_above":"0","cozystay_single_page_site_footer_hide_instagram":"","cozystay_single_page_site_footer_hide_bottom":"","cozystay_single_custom_mobile_menu_source":"","cozystay_single_custom_mobile_menu":"0","cozystay_single_custom_mobile_menu_animation":"","cozystay_single_custom_mobile_menu_width":"","cozystay_single_custom_mobile_menu_custom_width":375,"footnotes":""},"class_list":["post-4911","page","type-page","status-publish","hentry"],"_links":{"self":[{"href":"https:\/\/www.aethaliabedandbreakfast.com\/de\/wp-json\/wp\/v2\/pages\/4911","targetHints":{"allow":["GET"]}}],"collection":[{"href":"https:\/\/www.aethaliabedandbreakfast.com\/de\/wp-json\/wp\/v2\/pages"}],"about":[{"href":"https:\/\/www.aethaliabedandbreakfast.com\/de\/wp-json\/wp\/v2\/types\/page"}],"author":[{"embeddable":true,"href":"https:\/\/www.aethaliabedandbreakfast.com\/de\/wp-json\/wp\/v2\/users\/2"}],"replies":[{"embeddable":true,"href":"https:\/\/www.aethaliabedandbreakfast.com\/de\/wp-json\/wp\/v2\/comments?post=4911"}],"version-history":[{"count":5,"href":"https:\/\/www.aethaliabedandbreakfast.com\/de\/wp-json\/wp\/v2\/pages\/4911\/revisions"}],"predecessor-version":[{"id":5790,"href":"https:\/\/www.aethaliabedandbreakfast.com\/de\/wp-json\/wp\/v2\/pages\/4911\/revisions\/5790"}],"up":[{"embeddable":true,"href":"https:\/\/www.aethaliabedandbreakfast.com\/de\/wp-json\/wp\/v2\/pages\/4901"}],"wp:attachment":[{"href":"https:\/\/www.aethaliabedandbreakfast.com\/de\/wp-json\/wp\/v2\/media?parent=4911"}],"curies":[{"name":"wp","href":"https:\/\/api.w.org\/{rel}","templated":true}]}}