{"id":4804,"date":"2024-12-06T10:59:42","date_gmt":"2024-12-06T09:59:42","guid":{"rendered":"http:\/\/aethaliabb.youelba.com\/offerte-e-convenzioni\/"},"modified":"2025-04-24T15:14:03","modified_gmt":"2025-04-24T13:14:03","slug":"offres-et-partenariats","status":"publish","type":"page","link":"https:\/\/www.aethaliabedandbreakfast.com\/fr\/offres-et-partenariats\/","title":{"rendered":"Offres et partenariats"},"content":{"rendered":"\t\t<div data-elementor-type=\"wp-page\" data-elementor-id=\"4804\" class=\"elementor elementor-4804 elementor-3516\">\n\t\t\t\t\t\t<section class=\"elementor-section elementor-top-section elementor-element elementor-element-27e9867 elementor-section-height-min-height cs-section-content-fullwidth cs-parallax-on-scroll cs_scroll_y_100 elementor-section-boxed elementor-section-height-default elementor-section-items-middle\" data-id=\"27e9867\" data-element_type=\"section\" data-settings=\"{&quot;background_background&quot;:&quot;classic&quot;}\" data-cs-parallax-y=\"100\" style=\"background-image: none;\" data-cs-background-image=\"https:\/\/www.aethaliabedandbreakfast.com\/wp-content\/uploads\/2025\/04\/o_bagnaia-bagnaia_45-48.jpg\" data-cs-background-image-alt-text=\"Spiaggia di Bagnaia\">\n\t\t\t\t\t\t\t<div class=\"elementor-background-overlay\"><\/div>\n\t\t\t\t\t\t\t<div class=\"elementor-container elementor-column-gap-no\">\n\t\t\t\t\t<div class=\"elementor-column elementor-col-100 elementor-top-column elementor-element elementor-element-79d0588 dark-color\" data-id=\"79d0588\" data-element_type=\"column\">\n\t\t\t<div class=\"elementor-widget-wrap elementor-element-populated\">\n\t\t\t\t\t\t<div class=\"elementor-element elementor-element-c946610 elementor-widget elementor-widget-cs_title\" data-id=\"c946610\" data-element_type=\"widget\" data-widget_type=\"cs_title.default\">\n\t\t\t\t<div class=\"elementor-widget-container\">\n\t\t\t\t\t\n        <div class=\"cs-title-wrap text-center\">\t            <div class=\"cs-subtitle-wrap\"><span class=\"cs-subtitle color-white\">Offres vacances \u00cele d\u2019Elbe<\/span><\/div>\t            <h1 class=\"cs-title\">\n\t                Offres et conventions\t            <\/h1>        <\/div>\t\t\t\t<\/div>\n\t\t\t\t<\/div>\n\t\t\t\t\t<\/div>\n\t\t<\/div>\n\t\t\t\t\t<\/div>\n\t\t<\/section>\n\t\t\t\t<section class=\"elementor-section elementor-top-section elementor-element elementor-element-6f2ca20 elementor-section-boxed elementor-section-height-default elementor-section-height-default\" data-id=\"6f2ca20\" data-element_type=\"section\">\n\t\t\t\t\t\t<div class=\"elementor-container elementor-column-gap-no\">\n\t\t\t\t\t<div class=\"elementor-column elementor-col-100 elementor-top-column elementor-element elementor-element-fc2b27f\" data-id=\"fc2b27f\" data-element_type=\"column\">\n\t\t\t<div class=\"elementor-widget-wrap elementor-element-populated\">\n\t\t\t\t\t\t<div class=\"elementor-element elementor-element-412197a elementor-widget elementor-widget-cs_title\" data-id=\"412197a\" data-element_type=\"widget\" data-widget_type=\"cs_title.default\">\n\t\t\t\t<div class=\"elementor-widget-container\">\n\t\t\t\t\t\n        <div class=\"cs-title-wrap text-center\">\t            <h3 class=\"cs-title\">\n\t                Des vacances de r\u00eave, \u00e0 des prix imbattables\t            <\/h3>\t            <div class=\"cs-title-text\">\n\t                D\u00e9couvrez les offres sp\u00e9ciales et les conventions du B&#038;B Aethalia : des avantages exclusifs pour rendre votre s\u00e9jour sur l\u2019\u00eele d\u2019Elbe encore plus sp\u00e9cial.\t            <\/div>        <\/div>\t\t\t\t<\/div>\n\t\t\t\t<\/div>\n\t\t\t\t<section class=\"elementor-section elementor-inner-section elementor-element elementor-element-1a114c8 elementor-section-boxed elementor-section-height-default elementor-section-height-default\" data-id=\"1a114c8\" data-element_type=\"section\">\n\t\t\t\t\t\t<div class=\"elementor-container elementor-column-gap-no\">\n\t\t\t\t\t<div class=\"elementor-column elementor-col-50 elementor-inner-column elementor-element elementor-element-6e4ee57\" data-id=\"6e4ee57\" data-element_type=\"column\">\n\t\t\t<div class=\"elementor-widget-wrap elementor-element-populated\">\n\t\t\t\t\t\t<div class=\"elementor-element elementor-element-e2f033f elementor-align-right elementor-mobile-align-center elementor-widget elementor-widget-cs_button\" data-id=\"e2f033f\" data-element_type=\"widget\" data-widget_type=\"cs_button.default\">\n\t\t\t\t<div class=\"elementor-widget-container\">\n\t\t\t\t\t        <a href=\"https:\/\/www.bed-and-breakfast.it\/fr\/toscane\/aethalia-bed-and-breakfast-portoferraio\/28433\" target=\"_blank\" class=\"elementor-button-link button cs-btn-color-primary\" role=\"button\">\n            <span class=\"cs-btn-text\">R\u00e9server<\/span>        <\/a>\t\t\t\t<\/div>\n\t\t\t\t<\/div>\n\t\t\t\t\t<\/div>\n\t\t<\/div>\n\t\t\t\t<div class=\"elementor-column elementor-col-50 elementor-inner-column elementor-element elementor-element-a373a07\" data-id=\"a373a07\" data-element_type=\"column\">\n\t\t\t<div class=\"elementor-widget-wrap elementor-element-populated\">\n\t\t\t\t\t\t<div class=\"elementor-element elementor-element-f526ce6 elementor-align-left elementor-mobile-align-center elementor-widget elementor-widget-cs_button\" data-id=\"f526ce6\" data-element_type=\"widget\" data-widget_type=\"cs_button.default\">\n\t\t\t\t<div class=\"elementor-widget-container\">\n\t\t\t\t\t        <a href=\"\/fr\/contacts\/\" class=\"elementor-button-link button cs-btn-color-primary\" role=\"button\">\n            <span class=\"cs-btn-text\">Contacts<\/span>        <\/a>\t\t\t\t<\/div>\n\t\t\t\t<\/div>\n\t\t\t\t\t<\/div>\n\t\t<\/div>\n\t\t\t\t\t<\/div>\n\t\t<\/section>\n\t\t\t\t\t<\/div>\n\t\t<\/div>\n\t\t\t\t\t<\/div>\n\t\t<\/section>\n\t\t\t\t<section class=\"elementor-section elementor-top-section elementor-element elementor-element-cc4f97b elementor-section-full_width elementor-section-content-middle elementor-section-height-default elementor-section-height-default\" data-id=\"cc4f97b\" data-element_type=\"section\" data-settings=\"{&quot;background_background&quot;:&quot;classic&quot;}\">\n\t\t\t\t\t\t<div class=\"elementor-container elementor-column-gap-no\">\n\t\t\t\t\t<div class=\"elementor-column elementor-col-50 elementor-top-column elementor-element elementor-element-8c05861\" data-id=\"8c05861\" data-element_type=\"column\">\n\t\t\t<div class=\"elementor-widget-wrap elementor-element-populated\">\n\t\t\t\t\t\t<div class=\"elementor-element elementor-element-65d9ae4 elementor-widget elementor-widget-cs_title\" data-id=\"65d9ae4\" data-element_type=\"widget\" data-widget_type=\"cs_title.default\">\n\t\t\t\t<div class=\"elementor-widget-container\">\n\t\t\t\t\t\n        <div class=\"cs-title-wrap text-center\">\t            <div class=\"cs-subtitle-wrap\"><span class=\"cs-subtitle\">Mer et plage<\/span><\/div>\t            <h4 class=\"cs-title\">\n\t                Une journ\u00e9e \u00e0 la mer, offerte\t            <\/h4>\t            <div class=\"cs-title-text\">\n\t                Pour votre premier jour de vacances, nous vous offrons un parasol et deux transats dans l\u2019un des \u00e9tablissements baln\u00e9aires partenaires. Une occasion parfaite de commencer vos vacances dans la d\u00e9tente la plus totale, entour\u00e9 par la beaut\u00e9 de la mer et le confort de la plage.\t            <\/div>        <\/div>\t\t\t\t<\/div>\n\t\t\t\t<\/div>\n\t\t\t\t\t<\/div>\n\t\t<\/div>\n\t\t\t\t<div class=\"elementor-column elementor-col-50 elementor-top-column elementor-element elementor-element-3a03af8 dark-color elementor-invisible\" data-id=\"3a03af8\" data-element_type=\"column\" data-settings=\"{&quot;background_background&quot;:&quot;classic&quot;,&quot;animation&quot;:&quot;fadeIn&quot;}\">\n\t\t\t<div class=\"elementor-widget-wrap elementor-element-populated\">\n\t\t\t\t\t\t<div class=\"elementor-element elementor-element-e55ea05 elementor-widget elementor-widget-spacer\" data-id=\"e55ea05\" data-element_type=\"widget\" data-widget_type=\"spacer.default\">\n\t\t\t\t<div class=\"elementor-widget-container\">\n\t\t\t\t\t\t\t<div class=\"elementor-spacer\">\n\t\t\t<div class=\"elementor-spacer-inner\"><\/div>\n\t\t<\/div>\n\t\t\t\t\t\t<\/div>\n\t\t\t\t<\/div>\n\t\t\t\t\t<\/div>\n\t\t<\/div>\n\t\t\t\t\t<\/div>\n\t\t<\/section>\n\t\t\t\t<section class=\"elementor-section elementor-top-section elementor-element elementor-element-ae32829 elementor-section-full_width elementor-section-content-middle elementor-reverse-tablet elementor-reverse-mobile elementor-section-height-default elementor-section-height-default\" data-id=\"ae32829\" data-element_type=\"section\" data-settings=\"{&quot;background_background&quot;:&quot;classic&quot;}\">\n\t\t\t\t\t\t<div class=\"elementor-container elementor-column-gap-no\">\n\t\t\t\t\t<div class=\"elementor-column elementor-col-50 elementor-top-column elementor-element elementor-element-363e162 dark-color elementor-invisible\" data-id=\"363e162\" data-element_type=\"column\" data-settings=\"{&quot;background_background&quot;:&quot;slideshow&quot;,&quot;background_slideshow_gallery&quot;:[{&quot;id&quot;:2996,&quot;url&quot;:&quot;https:\\\/\\\/www.aethaliabedandbreakfast.com\\\/wp-content\\\/uploads\\\/2024\\\/11\\\/IMG_8296-bb-aethalia.jpg&quot;},{&quot;id&quot;:2894,&quot;url&quot;:&quot;https:\\\/\\\/www.aethaliabedandbreakfast.com\\\/wp-content\\\/uploads\\\/2024\\\/11\\\/colazione-359494562.jpg&quot;},{&quot;id&quot;:2896,&quot;url&quot;:&quot;https:\\\/\\\/www.aethaliabedandbreakfast.com\\\/wp-content\\\/uploads\\\/2024\\\/11\\\/colazione-298921705.jpg&quot;}],&quot;background_slideshow_ken_burns&quot;:&quot;yes&quot;,&quot;background_slideshow_lazyload&quot;:&quot;yes&quot;,&quot;animation&quot;:&quot;fadeIn&quot;,&quot;background_slideshow_loop&quot;:&quot;yes&quot;,&quot;background_slideshow_slide_duration&quot;:5000,&quot;background_slideshow_slide_transition&quot;:&quot;fade&quot;,&quot;background_slideshow_transition_duration&quot;:500,&quot;background_slideshow_ken_burns_zoom_direction&quot;:&quot;in&quot;}\">\n\t\t\t<div class=\"elementor-widget-wrap elementor-element-populated\">\n\t\t\t\t\t\t<div class=\"elementor-element elementor-element-4775cc6 elementor-widget elementor-widget-spacer\" data-id=\"4775cc6\" data-element_type=\"widget\" data-widget_type=\"spacer.default\">\n\t\t\t\t<div class=\"elementor-widget-container\">\n\t\t\t\t\t\t\t<div class=\"elementor-spacer\">\n\t\t\t<div class=\"elementor-spacer-inner\"><\/div>\n\t\t<\/div>\n\t\t\t\t\t\t<\/div>\n\t\t\t\t<\/div>\n\t\t\t\t\t<\/div>\n\t\t<\/div>\n\t\t\t\t<div class=\"elementor-column elementor-col-50 elementor-top-column elementor-element elementor-element-cbd298e\" data-id=\"cbd298e\" data-element_type=\"column\">\n\t\t\t<div class=\"elementor-widget-wrap elementor-element-populated\">\n\t\t\t\t\t\t<div class=\"elementor-element elementor-element-47b0844 elementor-widget elementor-widget-cs_title\" data-id=\"47b0844\" data-element_type=\"widget\" data-widget_type=\"cs_title.default\">\n\t\t\t\t<div class=\"elementor-widget-container\">\n\t\t\t\t\t\n        <div class=\"cs-title-wrap text-center\">\t            <div class=\"cs-subtitle-wrap\"><span class=\"cs-subtitle\">Promo \u00e9t\u00e9 2025<\/span><\/div>\t            <h4 class=\"cs-title\">\n\t                R\u00e9duction de 10 %\t            <\/h4>\t            <div class=\"cs-title-text\">\n\t                <p>Pour toute r\u00e9servation directe effectu\u00e9e pour les mois d\u2019avril et mai 2025, nous r\u00e9servons une r\u00e9duction exclusive de 10 %.<\/p><p>Commencez la nouvelle saison avec un s\u00e9jour plac\u00e9 sous le signe du confort et des \u00e9conomies, en profitant de tous les services propos\u00e9s par notre \u00e9tablissement.<\/p>\t            <\/div>        <\/div>\t\t\t\t<\/div>\n\t\t\t\t<\/div>\n\t\t\t\t\t<\/div>\n\t\t<\/div>\n\t\t\t\t\t<\/div>\n\t\t<\/section>\n\t\t\t\t<section class=\"elementor-section elementor-top-section elementor-element elementor-element-5f88a7d elementor-section-boxed elementor-section-height-default elementor-section-height-default\" data-id=\"5f88a7d\" data-element_type=\"section\">\n\t\t\t\t\t\t<div class=\"elementor-container elementor-column-gap-no\">\n\t\t\t\t\t<div class=\"elementor-column elementor-col-100 elementor-top-column elementor-element elementor-element-b914741\" data-id=\"b914741\" data-element_type=\"column\">\n\t\t\t<div class=\"elementor-widget-wrap elementor-element-populated\">\n\t\t\t\t\t\t<div class=\"elementor-element elementor-element-5fd0c6d elementor-widget elementor-widget-cs_title\" data-id=\"5fd0c6d\" data-element_type=\"widget\" data-widget_type=\"cs_title.default\">\n\t\t\t\t<div class=\"elementor-widget-container\">\n\t\t\t\t\t\n        <div class=\"cs-title-wrap text-center\">\t            <h5 class=\"cs-title\">\n\t                Conventions exclusives pour nos h\u00f4tes\t            <\/h5>\t            <div class=\"cs-title-text\">\n\t                Le B&#038;B Aethalia offre \u00e0 ses clients des avantages exclusifs gr\u00e2ce \u00e0 des accords avec des entreprises s\u00e9lectionn\u00e9es. Des activit\u00e9s sportives aux exp\u00e9riences en mer, en passant par la location de v\u00e9hicules et la d\u00e9tente sur la plage, tout est pens\u00e9 pour rendre votre s\u00e9jour inoubliable.\t            <\/div>        <\/div>\t\t\t\t<\/div>\n\t\t\t\t<\/div>\n\t\t\t\t<div class=\"elementor-element elementor-element-b0eaf9f elementor-widget elementor-widget-cs_info_box\" data-id=\"b0eaf9f\" data-element_type=\"widget\" data-widget_type=\"cs_info_box.default\">\n\t\t\t\t<div class=\"elementor-widget-container\">\n\t\t\t\t\t\n\t\t\t<div class=\"cs-info-box column-3 valign-top img-top tablet-column-3 mobile-column-2 text-center\">\n                <div class=\"cs-info-box-wrap\">                    <div class=\"cs-info-box-item elementor-repeater-item-7936491\">\n                    \t<div class=\"cs-item-container\">\t                        <div class=\"cs-info-box-img\"><i aria-hidden=\"true\" class=\"flaticon flaticon-rental-car\"><\/i>\t                        <\/div>\t                        <div class=\"cs-info-box-content\">\n\t                            <h6 class=\"cs-title cs-info-box-title\">Rent Chiappi\t\t\t\t\t\t\t\t<\/h6>\t                            \t<div class=\"cs-info-box-text\"><p>10 % de r\u00e9duction sur la location de voitures et de scooters<\/p><\/div>\t                        <\/div>\t                    <\/div>\n                    <\/div>                    <div class=\"cs-info-box-item elementor-repeater-item-11f2846\">\n                    \t<div class=\"cs-item-container\">\t                        <div class=\"cs-info-box-img\"><img decoding=\"async\" width=\"150\" height=\"150\" src=\"https:\/\/www.aethaliabedandbreakfast.com\/wp-content\/uploads\/2024\/12\/boat-150x150.png\" class=\"attachment-thumbnail size-thumbnail wp-image-3571\" alt=\"\" srcset=\"https:\/\/www.aethaliabedandbreakfast.com\/wp-content\/uploads\/2024\/12\/boat-150x150.png 150w, https:\/\/www.aethaliabedandbreakfast.com\/wp-content\/uploads\/2024\/12\/boat-300x300.png 300w, https:\/\/www.aethaliabedandbreakfast.com\/wp-content\/uploads\/2024\/12\/boat-370x370.png 370w, https:\/\/www.aethaliabedandbreakfast.com\/wp-content\/uploads\/2024\/12\/boat-255x255.png 255w, https:\/\/www.aethaliabedandbreakfast.com\/wp-content\/uploads\/2024\/12\/boat.png 512w\" sizes=\"(max-width: 150px) 100vw, 150px\" \/>\t                        <\/div>\t                        <div class=\"cs-info-box-content\">\n\t                            <h6 class=\"cs-title cs-info-box-title\">Rent Bagnaia\t\t\t\t\t\t\t\t<\/h6>\t                            \t<div class=\"cs-info-box-text\"><p>10 % de r\u00e9duction sur la location de bateaux \u00e0 moteur, voiliers et bateaux pneumatiques<\/p><\/div>\t                        <\/div>\t                    <\/div>\n                    <\/div>                    <div class=\"cs-info-box-item elementor-repeater-item-f4d8256\">\n                    \t<div class=\"cs-item-container\">\t                        <div class=\"cs-info-box-img\"><i aria-hidden=\"true\" class=\"flaticon flaticon-bicycle\"><\/i>\t                        <\/div>\t                        <div class=\"cs-info-box-content\">\n\t                            <h6 class=\"cs-title cs-info-box-title\">E-Rocks\t\t\t\t\t\t\t\t<\/h6>\t                            \t<div class=\"cs-info-box-text\"><p>10 % de r\u00e9duction sur la location de v\u00e9los \u00e9lectriques et les excursions guid\u00e9es pour explorer l\u2019\u00eele d\u2019Elbe<\/p><\/div>\t                        <\/div>\t\t\t\t\t\t\t\t<a class=\"cs-info-box-link\" href=\"\/experience\/tour-in-e-bike\/\"  aria-label=\"Info Box Link\"><\/a>\t                    <\/div>\n                    <\/div>\t\t\t\t<\/div>\n\t\t\t<\/div>\t\t\t\t<\/div>\n\t\t\t\t<\/div>\n\t\t\t\t<div class=\"elementor-element elementor-element-42c2239 elementor-widget elementor-widget-cs_info_box\" data-id=\"42c2239\" data-element_type=\"widget\" data-widget_type=\"cs_info_box.default\">\n\t\t\t\t<div class=\"elementor-widget-container\">\n\t\t\t\t\t\n\t\t\t<div class=\"cs-info-box column-3 valign-top img-top tablet-column-3 mobile-column-2 text-center\">\n                <div class=\"cs-info-box-wrap\">                    <div class=\"cs-info-box-item elementor-repeater-item-7936491\">\n                    \t<div class=\"cs-item-container\">\t                        <div class=\"cs-info-box-img\"><i aria-hidden=\"true\" class=\"flaticon flaticon-snorkel\"><\/i>\t                        <\/div>\t                        <div class=\"cs-info-box-content\">\n\t                            <h6 class=\"cs-title cs-info-box-title\">Enfola Diving Center\t\t\t\t\t\t\t\t<\/h6>\t                            \t<div class=\"cs-info-box-text\"><p>10 % de r\u00e9duction<\/p><\/div>\t                        <\/div>\t\t\t\t\t\t\t\t<a class=\"cs-info-box-link\" href=\"\/experience\/immersioni\/\"  aria-label=\"Info Box Link\"><\/a>\t                    <\/div>\n                    <\/div>                    <div class=\"cs-info-box-item elementor-repeater-item-11f2846\">\n                    \t<div class=\"cs-item-container\">\t                        <div class=\"cs-info-box-img\"><img decoding=\"async\" width=\"150\" height=\"150\" src=\"https:\/\/www.aethaliabedandbreakfast.com\/wp-content\/uploads\/2024\/12\/boat-1-150x150.png\" class=\"attachment-thumbnail size-thumbnail wp-image-3570\" alt=\"\" srcset=\"https:\/\/www.aethaliabedandbreakfast.com\/wp-content\/uploads\/2024\/12\/boat-1-150x150.png 150w, https:\/\/www.aethaliabedandbreakfast.com\/wp-content\/uploads\/2024\/12\/boat-1-300x300.png 300w, https:\/\/www.aethaliabedandbreakfast.com\/wp-content\/uploads\/2024\/12\/boat-1-370x370.png 370w, https:\/\/www.aethaliabedandbreakfast.com\/wp-content\/uploads\/2024\/12\/boat-1-255x255.png 255w, https:\/\/www.aethaliabedandbreakfast.com\/wp-content\/uploads\/2024\/12\/boat-1.png 512w\" sizes=\"(max-width: 150px) 100vw, 150px\" \/>\t                        <\/div>\t                        <div class=\"cs-info-box-content\">\n\t                            <h6 class=\"cs-title cs-info-box-title\">\u00c9cole de voile de Bagnaia\t\t\t\t\t\t\t\t<\/h6>\t                            \t<div class=\"cs-info-box-text\"><p>10 % de r\u00e9duction<\/p><\/div>\t                        <\/div>\t\t\t\t\t\t\t\t<a class=\"cs-info-box-link\" href=\"\/experience\/vela\/\"  aria-label=\"Info Box Link\"><\/a>\t                    <\/div>\n                    <\/div>                    <div class=\"cs-info-box-item elementor-repeater-item-f4d8256\">\n                    \t<div class=\"cs-item-container\">\t                        <div class=\"cs-info-box-img\"><img decoding=\"async\" width=\"150\" height=\"150\" src=\"https:\/\/www.aethaliabedandbreakfast.com\/wp-content\/uploads\/2025\/03\/golf-150x150.png\" class=\"attachment-thumbnail size-thumbnail wp-image-3830\" alt=\"\" srcset=\"https:\/\/www.aethaliabedandbreakfast.com\/wp-content\/uploads\/2025\/03\/golf-150x150.png 150w, https:\/\/www.aethaliabedandbreakfast.com\/wp-content\/uploads\/2025\/03\/golf-300x300.png 300w, https:\/\/www.aethaliabedandbreakfast.com\/wp-content\/uploads\/2025\/03\/golf-370x370.png 370w, https:\/\/www.aethaliabedandbreakfast.com\/wp-content\/uploads\/2025\/03\/golf-255x255.png 255w, https:\/\/www.aethaliabedandbreakfast.com\/wp-content\/uploads\/2025\/03\/golf.png 512w\" sizes=\"(max-width: 150px) 100vw, 150px\" \/>\t                        <\/div>\t                        <div class=\"cs-info-box-content\">\n\t                            <h6 class=\"cs-title cs-info-box-title\">Golf Acquabona\t\t\t\t\t\t\t\t<\/h6>\t                            \t<div class=\"cs-info-box-text\"><p>10 % de r\u00e9duction<\/p><\/div>\t                        <\/div>\t                    <\/div>\n                    <\/div>\t\t\t\t<\/div>\n\t\t\t<\/div>\t\t\t\t<\/div>\n\t\t\t\t<\/div>\n\t\t\t\t<div class=\"elementor-element elementor-element-d1d82bd elementor-widget elementor-widget-cs_info_box\" data-id=\"d1d82bd\" data-element_type=\"widget\" data-widget_type=\"cs_info_box.default\">\n\t\t\t\t<div class=\"elementor-widget-container\">\n\t\t\t\t\t\n\t\t\t<div class=\"cs-info-box column-1 valign-top img-top tablet-column-3 mobile-column-2 text-center\">\n                <div class=\"cs-info-box-wrap\">                    <div class=\"cs-info-box-item elementor-repeater-item-01d16f3\">\n                    \t<div class=\"cs-item-container\">\t                        <div class=\"cs-info-box-img\"><i aria-hidden=\"true\" class=\"flaticon flaticon-sun-bath\"><\/i>\t                        <\/div>\t                        <div class=\"cs-info-box-content\">\n\t                            <h6 class=\"cs-title cs-info-box-title\">10 % de r\u00e9duction dans les \u00e9tablissements baln\u00e9aires et \u201cpoints bleus\u201d partenaires\t\t\t\t\t\t\t\t<\/h6>\t                            \t<div class=\"cs-info-box-text\"><p>Le Sirene - plage des Ghiaie<br\/>\nChicco Rent - plage de Scaglieri<br\/>\nBagni Orano - plage de Lacona<br\/>\nIl Convio - plage de Cavoli<br\/><\/p><\/div>\t                        <\/div>\t                    <\/div>\n                    <\/div>\t\t\t\t<\/div>\n\t\t\t<\/div>\t\t\t\t<\/div>\n\t\t\t\t<\/div>\n\t\t\t\t\t<\/div>\n\t\t<\/div>\n\t\t\t\t\t<\/div>\n\t\t<\/section>\n\t\t\t\t<\/div>\n\t\t","protected":false},"excerpt":{"rendered":"<p>Offres vacances \u00cele d\u2019Elbe Offres et conventions Des vacances de r\u00eave, \u00e0 des prix imbattables D\u00e9couvrez les offres sp\u00e9ciales et les conventions du B&#038;B Aethalia : des avantages exclusifs pour rendre votre s\u00e9jour sur l\u2019\u00eele d\u2019Elbe encore plus sp\u00e9cial. R\u00e9server Contacts Mer et plage Une journ\u00e9e \u00e0 la mer, offerte Pour votre premier jour de &#8230;<\/p>\n","protected":false},"author":2,"featured_media":0,"parent":0,"menu_order":0,"comment_status":"closed","ping_status":"closed","template":"template-wide-content.php","meta":{"cozystay_single_page_hide_site_header":"","cozystay_single_page_site_header_source":"","cozystay_single_page_custom_site_header":"0","cozystay_single_page_custom_sticky_site_header":"0","cozystay_single_page_hide_page_title":"on","cozystay_single_page_header_section_size":"","cozystay_single_page_header_background_color":"","cozystay_single_page_header_background_position_x":"center","cozystay_single_page_header_background_position_y":"center","cozystay_single_page_header_background_size":"cover","cozystay_single_page_header_background_repeat":"off","cozystay_single_page_header_background_scroll":"on","cozystay_single_page_header_text_color":"","cozystay_single_page_header_show_breadcrumb":"","cozystay_single_page_site_footer_hide_main":"","cozystay_single_custom_site_footer_main_source":"","cozystay_single_custom_site_footer_main":"0","cozystay_single_page_site_footer_hide_above":"","cozystay_single_custom_site_footer_above_source":"","cozystay_single_custom_site_footer_above":"0","cozystay_single_page_site_footer_hide_instagram":"","cozystay_single_page_site_footer_hide_bottom":"","cozystay_single_custom_mobile_menu_source":"","cozystay_single_custom_mobile_menu":"0","cozystay_single_custom_mobile_menu_animation":"","cozystay_single_custom_mobile_menu_width":"","cozystay_single_custom_mobile_menu_custom_width":375,"footnotes":""},"class_list":["post-4804","page","type-page","status-publish","hentry"],"_links":{"self":[{"href":"https:\/\/www.aethaliabedandbreakfast.com\/fr\/wp-json\/wp\/v2\/pages\/4804","targetHints":{"allow":["GET"]}}],"collection":[{"href":"https:\/\/www.aethaliabedandbreakfast.com\/fr\/wp-json\/wp\/v2\/pages"}],"about":[{"href":"https:\/\/www.aethaliabedandbreakfast.com\/fr\/wp-json\/wp\/v2\/types\/page"}],"author":[{"embeddable":true,"href":"https:\/\/www.aethaliabedandbreakfast.com\/fr\/wp-json\/wp\/v2\/users\/2"}],"replies":[{"embeddable":true,"href":"https:\/\/www.aethaliabedandbreakfast.com\/fr\/wp-json\/wp\/v2\/comments?post=4804"}],"version-history":[{"count":5,"href":"https:\/\/www.aethaliabedandbreakfast.com\/fr\/wp-json\/wp\/v2\/pages\/4804\/revisions"}],"predecessor-version":[{"id":5661,"href":"https:\/\/www.aethaliabedandbreakfast.com\/fr\/wp-json\/wp\/v2\/pages\/4804\/revisions\/5661"}],"wp:attachment":[{"href":"https:\/\/www.aethaliabedandbreakfast.com\/fr\/wp-json\/wp\/v2\/media?parent=4804"}],"curies":[{"name":"wp","href":"https:\/\/api.w.org\/{rel}","templated":true}]}}