{"id":4811,"date":"2024-12-06T12:23:25","date_gmt":"2024-12-06T11:23:25","guid":{"rendered":"http:\/\/aethaliabb.youelba.com\/isola-delba\/"},"modified":"2025-04-24T11:15:41","modified_gmt":"2025-04-24T09:15:41","slug":"ile-delbe","status":"publish","type":"page","link":"https:\/\/www.aethaliabedandbreakfast.com\/fr\/ile-delbe\/","title":{"rendered":"\u00cele d\u2019Elbe"},"content":{"rendered":"\t\t<div data-elementor-type=\"wp-page\" data-elementor-id=\"4811\" class=\"elementor elementor-4811 elementor-3587\">\n\t\t\t\t\t\t<section class=\"elementor-section elementor-top-section elementor-element elementor-element-27e9867 elementor-section-height-min-height cs-section-content-fullwidth cs-parallax-on-scroll cs_scroll_y_100 elementor-section-boxed elementor-section-height-default elementor-section-items-middle\" data-id=\"27e9867\" data-element_type=\"section\" data-settings=\"{&quot;background_background&quot;:&quot;classic&quot;}\" data-cs-parallax-y=\"100\" style=\"background-image: none;\" data-cs-background-image=\"https:\/\/www.aethaliabedandbreakfast.com\/wp-content\/uploads\/2025\/04\/o_capobianco_5.jpg\" data-cs-background-image-alt-text=\"Spiaggia di Capo Bianco\">\n\t\t\t\t\t\t\t<div class=\"elementor-background-overlay\"><\/div>\n\t\t\t\t\t\t\t<div class=\"elementor-container elementor-column-gap-no\">\n\t\t\t\t\t<div class=\"elementor-column elementor-col-100 elementor-top-column elementor-element elementor-element-79d0588 dark-color\" data-id=\"79d0588\" data-element_type=\"column\">\n\t\t\t<div class=\"elementor-widget-wrap elementor-element-populated\">\n\t\t\t\t\t\t<div class=\"elementor-element elementor-element-c946610 elementor-widget elementor-widget-cs_title\" data-id=\"c946610\" data-element_type=\"widget\" data-widget_type=\"cs_title.default\">\n\t\t\t\t<div class=\"elementor-widget-container\">\n\t\t\t\t\t\n        <div class=\"cs-title-wrap text-center\">\t            <div class=\"cs-subtitle-wrap\"><span class=\"cs-subtitle color-white\">Elbe et Portoferraio<\/span><\/div>\t            <h1 class=\"cs-title\">\n\t                \u00c0 la d\u00e9couverte de l\u2019\u00eele\t            <\/h1>\t            <div class=\"cs-title-text\">\n\t                Souvent imagin\u00e9e comme une petite \u00eele, l\u2019Elbe surprend par sa taille et sa diversit\u00e9. C\u2019est la troisi\u00e8me plus grande \u00eele d\u2019Italie apr\u00e8s la Sicile et la Sardaigne, et la plus vaste de l\u2019Archipel Toscan. Avec un littoral de 147 kilom\u00e8tres, elle offre des paysages \u00e0 couper le souffle, un climat doux et un patrimoine naturel et historique unique.\t            <\/div>        <\/div>\t\t\t\t<\/div>\n\t\t\t\t<\/div>\n\t\t\t\t\t<\/div>\n\t\t<\/div>\n\t\t\t\t\t<\/div>\n\t\t<\/section>\n\t\t\t\t<section class=\"elementor-section elementor-top-section elementor-element elementor-element-6f2ca20 elementor-section-boxed elementor-section-height-default elementor-section-height-default\" data-id=\"6f2ca20\" data-element_type=\"section\">\n\t\t\t\t\t\t<div class=\"elementor-container elementor-column-gap-no\">\n\t\t\t\t\t<div class=\"elementor-column elementor-col-100 elementor-top-column elementor-element elementor-element-fc2b27f\" data-id=\"fc2b27f\" data-element_type=\"column\">\n\t\t\t<div class=\"elementor-widget-wrap elementor-element-populated\">\n\t\t\t\t\t\t<div class=\"elementor-element elementor-element-412197a elementor-widget elementor-widget-cs_title\" data-id=\"412197a\" data-element_type=\"widget\" data-widget_type=\"cs_title.default\">\n\t\t\t\t<div class=\"elementor-widget-container\">\n\t\t\t\t\t\n        <div class=\"cs-title-wrap text-center\">\t            <h2 class=\"cs-title\">\n\t                \u00cele d\u2019Elbe\t            <\/h2>\t            <div class=\"cs-title-text\">\n\t                <p>L\u2019\u00eele offre une multitude de paysages vari\u00e9s : villages de p\u00eacheurs romantiques, hameaux perch\u00e9s, anciens ch\u00e2teaux, vall\u00e9es verdoyantes, golfes enchanteurs et plages de sable ou de galets se succ\u00e8dent dans un d\u00e9cor de carte postale.<\/p><p>Explorer l\u2019Elbe, c\u2019est s\u2019immerger dans sa nature : sentiers de randonn\u00e9e et parcours du Parc National sillonnent des panoramas spectaculaires, tandis que la mer cristalline invite \u00e0 \u00eatre parcourue en cano\u00eb ou en voilier. En quelques kilom\u00e8tres seulement, on passe de falaises abruptes plongeant dans la mer \u00e0 la cime granitique du Mont Capanne, qui, avec ses 1 019 m\u00e8tres, offre une vue \u00e0 360\u00b0 sur l\u2019\u00eele et l\u2019archipel.<\/p>\t            <\/div>        <\/div>\t\t\t\t<\/div>\n\t\t\t\t<\/div>\n\t\t\t\t\t<\/div>\n\t\t<\/div>\n\t\t\t\t\t<\/div>\n\t\t<\/section>\n\t\t\t\t<section class=\"elementor-section elementor-top-section elementor-element elementor-element-fe98eaa elementor-section-content-middle elementor-section-boxed elementor-section-height-default elementor-section-height-default\" data-id=\"fe98eaa\" data-element_type=\"section\">\n\t\t\t\t\t\t<div class=\"elementor-container elementor-column-gap-no\">\n\t\t\t\t\t<div class=\"elementor-column elementor-col-50 elementor-top-column elementor-element elementor-element-c8f5ebd\" data-id=\"c8f5ebd\" data-element_type=\"column\">\n\t\t\t<div class=\"elementor-widget-wrap elementor-element-populated\">\n\t\t\t\t\t\t<section class=\"elementor-section elementor-inner-section elementor-element elementor-element-8ef6977 elementor-section-content-middle elementor-section-boxed elementor-section-height-default elementor-section-height-default\" data-id=\"8ef6977\" data-element_type=\"section\">\n\t\t\t\t\t\t<div class=\"elementor-container elementor-column-gap-no\">\n\t\t\t\t\t<div class=\"elementor-column elementor-col-50 elementor-inner-column elementor-element elementor-element-43268a0\" data-id=\"43268a0\" data-element_type=\"column\">\n\t\t\t<div class=\"elementor-widget-wrap elementor-element-populated\">\n\t\t\t\t\t\t<div class=\"elementor-element elementor-element-9df312a animated-fast cs-animation-small-offset elementor-invisible elementor-widget elementor-widget-image\" data-id=\"9df312a\" data-element_type=\"widget\" data-settings=\"{&quot;_animation&quot;:&quot;fadeInLeft&quot;,&quot;_animation_tablet&quot;:&quot;fadeInUp&quot;}\" data-widget_type=\"image.default\">\n\t\t\t\t<div class=\"elementor-widget-container\">\n\t\t\t\t\t\t\t\t\t\t\t\t\t\t\t<img fetchpriority=\"high\" decoding=\"async\" width=\"550\" height=\"825\" src=\"https:\/\/www.aethaliabedandbreakfast.com\/wp-content\/uploads\/2025\/04\/IMG_8573-portoferraio-550x825.jpg\" class=\"attachment-cozystay_550x9999 size-cozystay_550x9999 wp-image-4638\" alt=\"\" srcset=\"https:\/\/www.aethaliabedandbreakfast.com\/wp-content\/uploads\/2025\/04\/IMG_8573-portoferraio-550x825.jpg 550w, https:\/\/www.aethaliabedandbreakfast.com\/wp-content\/uploads\/2025\/04\/IMG_8573-portoferraio-200x300.jpg 200w, https:\/\/www.aethaliabedandbreakfast.com\/wp-content\/uploads\/2025\/04\/IMG_8573-portoferraio-683x1024.jpg 683w, https:\/\/www.aethaliabedandbreakfast.com\/wp-content\/uploads\/2025\/04\/IMG_8573-portoferraio-768x1152.jpg 768w, https:\/\/www.aethaliabedandbreakfast.com\/wp-content\/uploads\/2025\/04\/IMG_8573-portoferraio-780x1170.jpg 780w, https:\/\/www.aethaliabedandbreakfast.com\/wp-content\/uploads\/2025\/04\/IMG_8573-portoferraio-600x900.jpg 600w, https:\/\/www.aethaliabedandbreakfast.com\/wp-content\/uploads\/2025\/04\/IMG_8573-portoferraio-370x555.jpg 370w, https:\/\/www.aethaliabedandbreakfast.com\/wp-content\/uploads\/2025\/04\/IMG_8573-portoferraio-255x383.jpg 255w, https:\/\/www.aethaliabedandbreakfast.com\/wp-content\/uploads\/2025\/04\/IMG_8573-portoferraio-100x150.jpg 100w, https:\/\/www.aethaliabedandbreakfast.com\/wp-content\/uploads\/2025\/04\/IMG_8573-portoferraio.jpg 800w\" sizes=\"(max-width: 550px) 100vw, 550px\" \/>\t\t\t\t\t\t\t\t\t\t\t\t\t\t\t<\/div>\n\t\t\t\t<\/div>\n\t\t\t\t\t<\/div>\n\t\t<\/div>\n\t\t\t\t<div class=\"elementor-column elementor-col-50 elementor-inner-column elementor-element elementor-element-a2d350f\" data-id=\"a2d350f\" data-element_type=\"column\">\n\t\t\t<div class=\"elementor-widget-wrap elementor-element-populated\">\n\t\t\t\t\t\t<div class=\"elementor-element elementor-element-c4dbc1f animated-fast cs-animation-small-offset elementor-invisible elementor-widget elementor-widget-image\" data-id=\"c4dbc1f\" data-element_type=\"widget\" data-settings=\"{&quot;_animation&quot;:&quot;fadeInLeft&quot;,&quot;_animation_delay&quot;:150,&quot;_animation_tablet&quot;:&quot;fadeInUp&quot;}\" data-widget_type=\"image.default\">\n\t\t\t\t<div class=\"elementor-widget-container\">\n\t\t\t\t\t\t\t\t\t\t\t\t\t\t\t<img decoding=\"async\" width=\"780\" height=\"975\" src=\"https:\/\/www.aethaliabedandbreakfast.com\/wp-content\/uploads\/2025\/04\/IMG_8566-portoferraio-780x975.jpg\" class=\"attachment-cozystay_780x9999 size-cozystay_780x9999 wp-image-4635\" alt=\"\" srcset=\"https:\/\/www.aethaliabedandbreakfast.com\/wp-content\/uploads\/2025\/04\/IMG_8566-portoferraio-780x975.jpg 780w, https:\/\/www.aethaliabedandbreakfast.com\/wp-content\/uploads\/2025\/04\/IMG_8566-portoferraio-240x300.jpg 240w, https:\/\/www.aethaliabedandbreakfast.com\/wp-content\/uploads\/2025\/04\/IMG_8566-portoferraio-819x1024.jpg 819w, https:\/\/www.aethaliabedandbreakfast.com\/wp-content\/uploads\/2025\/04\/IMG_8566-portoferraio-768x960.jpg 768w, https:\/\/www.aethaliabedandbreakfast.com\/wp-content\/uploads\/2025\/04\/IMG_8566-portoferraio-600x750.jpg 600w, https:\/\/www.aethaliabedandbreakfast.com\/wp-content\/uploads\/2025\/04\/IMG_8566-portoferraio-550x688.jpg 550w, https:\/\/www.aethaliabedandbreakfast.com\/wp-content\/uploads\/2025\/04\/IMG_8566-portoferraio-370x463.jpg 370w, https:\/\/www.aethaliabedandbreakfast.com\/wp-content\/uploads\/2025\/04\/IMG_8566-portoferraio-255x319.jpg 255w, https:\/\/www.aethaliabedandbreakfast.com\/wp-content\/uploads\/2025\/04\/IMG_8566-portoferraio-120x150.jpg 120w, https:\/\/www.aethaliabedandbreakfast.com\/wp-content\/uploads\/2025\/04\/IMG_8566-portoferraio.jpg 1200w\" sizes=\"(max-width: 780px) 100vw, 780px\" \/>\t\t\t\t\t\t\t\t\t\t\t\t\t\t\t<\/div>\n\t\t\t\t<\/div>\n\t\t\t\t\t<\/div>\n\t\t<\/div>\n\t\t\t\t\t<\/div>\n\t\t<\/section>\n\t\t\t\t\t<\/div>\n\t\t<\/div>\n\t\t\t\t<div class=\"elementor-column elementor-col-50 elementor-top-column elementor-element elementor-element-b3daafa\" data-id=\"b3daafa\" data-element_type=\"column\">\n\t\t\t<div class=\"elementor-widget-wrap elementor-element-populated\">\n\t\t\t\t\t\t<div class=\"elementor-element elementor-element-b75d2d8 my-title elementor-widget elementor-widget-cs_title\" data-id=\"b75d2d8\" data-element_type=\"widget\" data-widget_type=\"cs_title.default\">\n\t\t\t\t<div class=\"elementor-widget-container\">\n\t\t\t\t\t\n        <div class=\"cs-title-wrap\">\t            <h3 class=\"cs-title\">\n\t                Une \u00eele riche d\u2019histoire\t            <\/h3>\t            <div class=\"cs-title-text\">\n\t                <p>L\u2019\u00eele d\u2019Elbe poss\u00e8de une histoire riche et fascinante. Habit\u00e9e d\u00e8s la pr\u00e9histoire, elle est c\u00e9l\u00e8bre pour ses mines de fer exploit\u00e9es d\u00e8s les d\u00e9buts de l\u2019\u00e9poque historique. Connue sous le nom d\u2019\u00ab Ilva \u00bb par les Ligures et \u00ab Aethalia \u00bb par les Grecs, elle a vu se succ\u00e9der de nombreuses civilisations : les \u00c9trusques, puis les Romains, qui la domin\u00e8rent pendant des si\u00e8cles, suivis au Moyen \u00c2ge par les Pisans, les Appiani et les M\u00e9dicis.<\/p><p>Portoferraio, autrefois appel\u00e9e Cosmopoli en l\u2019honneur de Cosme de M\u00e9dicis, conserve encore aujourd\u2019hui les imposantes fortifications \u00e9difi\u00e9es par les M\u00e9dicis. Les Espagnols, quant \u00e0 eux, ont laiss\u00e9 leur empreinte en construisant la forteresse San Giacomo et le Fort Focardo \u00e0 Porto Azzurro.<\/p><p>Napol\u00e9on Bonaparte a \u00e9galement marqu\u00e9 l\u2019histoire de l\u2019\u00eele lors de son court r\u00e8gne (1814-1815). Parmi les t\u00e9moignages les plus significatifs de son passage figurent la Palazzina dei Mulini, la Villa San Martino et des lieux comme la Madonna del Monte \u00e0 Marciana Alta.<\/p><p>La pr\u00e9sence de nombreuses traces historiques et culturelles, associ\u00e9e aux merveilles naturelles exceptionnelles, fait de cette \u00eele un lieu magique et unique au monde o\u00f9 passer ses vacances.<\/p>\t            <\/div>        <\/div>\t\t\t\t<\/div>\n\t\t\t\t<\/div>\n\t\t\t\t\t<\/div>\n\t\t<\/div>\n\t\t\t\t\t<\/div>\n\t\t<\/section>\n\t\t\t\t<section class=\"elementor-section elementor-top-section elementor-element elementor-element-cc4f97b elementor-section-full_width elementor-section-content-middle elementor-section-height-default elementor-section-height-default\" data-id=\"cc4f97b\" data-element_type=\"section\" id=\"portoferraio\" data-settings=\"{&quot;background_background&quot;:&quot;classic&quot;}\">\n\t\t\t\t\t\t<div class=\"elementor-container elementor-column-gap-no\">\n\t\t\t\t\t<div class=\"elementor-column elementor-col-50 elementor-top-column elementor-element elementor-element-8c05861\" data-id=\"8c05861\" data-element_type=\"column\">\n\t\t\t<div class=\"elementor-widget-wrap elementor-element-populated\">\n\t\t\t\t\t\t<div class=\"elementor-element elementor-element-65d9ae4 my-title elementor-widget elementor-widget-cs_title\" data-id=\"65d9ae4\" data-element_type=\"widget\" data-widget_type=\"cs_title.default\">\n\t\t\t\t<div class=\"elementor-widget-container\">\n\t\t\t\t\t\n        <div class=\"cs-title-wrap text-center\">\t            <div class=\"cs-subtitle-wrap\"><span class=\"cs-subtitle\">Histoire, charme et culture<\/span><\/div>\t            <h4 class=\"cs-title\">\n\t                Portoferraio\t            <\/h4>\t            <div class=\"cs-title-text\">\n\t                <p>Portoferraio est un lieu riche en histoire et en beaut\u00e9. La ville a des origines tr\u00e8s anciennes : elle \u00e9tait connue \u00e0 l\u2019\u00e9poque mythologique sous le nom de Porto Argo, puis appel\u00e9e Fabricia en raison des activit\u00e9s de sid\u00e9rurgie pr\u00e9sentes \u00e0 l\u2019\u00e9poque \u00e9trusco-romaine.<\/p><p>Des si\u00e8cles apr\u00e8s sa fondation, Portoferraio conserve encore tout le charme de la Renaissance. Les imposantes murailles \u00e9rig\u00e9es au XVIe si\u00e8cle par Cosme Ier de M\u00e9dicis, qui rebaptisa la ville Cosmopoli, repr\u00e9sentent un chef-d\u2019\u0153uvre d\u2019ing\u00e9nierie et de beaut\u00e9 architecturale. Ceux qui arrivent par ferry sont imm\u00e9diatement frapp\u00e9s par le panorama suggestif du port, domin\u00e9 par les anciennes forteresses.<\/p>\t            <\/div>        <\/div>\t\t\t\t<\/div>\n\t\t\t\t<\/div>\n\t\t\t\t\t<\/div>\n\t\t<\/div>\n\t\t\t\t<div class=\"elementor-column elementor-col-50 elementor-top-column elementor-element elementor-element-3a03af8 dark-color elementor-invisible\" data-id=\"3a03af8\" data-element_type=\"column\" data-settings=\"{&quot;background_background&quot;:&quot;slideshow&quot;,&quot;background_slideshow_gallery&quot;:[{&quot;id&quot;:3872,&quot;url&quot;:&quot;https:\\\/\\\/www.aethaliabedandbreakfast.com\\\/wp-content\\\/uploads\\\/2025\\\/04\\\/IMG_8567-portoferraio.jpg&quot;},{&quot;id&quot;:3873,&quot;url&quot;:&quot;https:\\\/\\\/www.aethaliabedandbreakfast.com\\\/wp-content\\\/uploads\\\/2025\\\/04\\\/bastioni-medicei.jpg&quot;},{&quot;id&quot;:3871,&quot;url&quot;:&quot;https:\\\/\\\/www.aethaliabedandbreakfast.com\\\/wp-content\\\/uploads\\\/2025\\\/04\\\/o_fortezze-portoferraio-9543.jpg&quot;}],&quot;background_slideshow_ken_burns&quot;:&quot;yes&quot;,&quot;background_slideshow_lazyload&quot;:&quot;yes&quot;,&quot;animation&quot;:&quot;fadeIn&quot;,&quot;background_slideshow_loop&quot;:&quot;yes&quot;,&quot;background_slideshow_slide_duration&quot;:5000,&quot;background_slideshow_slide_transition&quot;:&quot;fade&quot;,&quot;background_slideshow_transition_duration&quot;:500,&quot;background_slideshow_ken_burns_zoom_direction&quot;:&quot;in&quot;}\">\n\t\t\t<div class=\"elementor-widget-wrap elementor-element-populated\">\n\t\t\t\t\t\t<div class=\"elementor-element elementor-element-e55ea05 elementor-widget elementor-widget-spacer\" data-id=\"e55ea05\" data-element_type=\"widget\" data-widget_type=\"spacer.default\">\n\t\t\t\t<div class=\"elementor-widget-container\">\n\t\t\t\t\t\t\t<div class=\"elementor-spacer\">\n\t\t\t<div class=\"elementor-spacer-inner\"><\/div>\n\t\t<\/div>\n\t\t\t\t\t\t<\/div>\n\t\t\t\t<\/div>\n\t\t\t\t\t<\/div>\n\t\t<\/div>\n\t\t\t\t\t<\/div>\n\t\t<\/section>\n\t\t\t\t<section class=\"elementor-section elementor-top-section elementor-element elementor-element-ae32829 elementor-section-full_width elementor-section-content-middle elementor-reverse-tablet elementor-reverse-mobile elementor-section-height-default elementor-section-height-default\" data-id=\"ae32829\" data-element_type=\"section\" data-settings=\"{&quot;background_background&quot;:&quot;classic&quot;}\">\n\t\t\t\t\t\t<div class=\"elementor-container elementor-column-gap-no\">\n\t\t\t\t\t<div class=\"elementor-column elementor-col-50 elementor-top-column elementor-element elementor-element-363e162 dark-color elementor-invisible\" data-id=\"363e162\" data-element_type=\"column\" data-settings=\"{&quot;background_background&quot;:&quot;slideshow&quot;,&quot;background_slideshow_gallery&quot;:[{&quot;id&quot;:3876,&quot;url&quot;:&quot;https:\\\/\\\/www.aethaliabedandbreakfast.com\\\/wp-content\\\/uploads\\\/2025\\\/04\\\/torre-linguella-portoferraio-8753.jpg&quot;},{&quot;id&quot;:3874,&quot;url&quot;:&quot;https:\\\/\\\/www.aethaliabedandbreakfast.com\\\/wp-content\\\/uploads\\\/2025\\\/04\\\/forte-stella.jpg&quot;},{&quot;id&quot;:3875,&quot;url&quot;:&quot;https:\\\/\\\/www.aethaliabedandbreakfast.com\\\/wp-content\\\/uploads\\\/2025\\\/04\\\/forte-falcone-portoferraio-9640.jpg&quot;}],&quot;background_slideshow_ken_burns&quot;:&quot;yes&quot;,&quot;background_slideshow_lazyload&quot;:&quot;yes&quot;,&quot;animation&quot;:&quot;fadeIn&quot;,&quot;background_slideshow_loop&quot;:&quot;yes&quot;,&quot;background_slideshow_slide_duration&quot;:5000,&quot;background_slideshow_slide_transition&quot;:&quot;fade&quot;,&quot;background_slideshow_transition_duration&quot;:500,&quot;background_slideshow_ken_burns_zoom_direction&quot;:&quot;in&quot;}\">\n\t\t\t<div class=\"elementor-widget-wrap elementor-element-populated\">\n\t\t\t\t\t\t<div class=\"elementor-element elementor-element-4775cc6 elementor-widget elementor-widget-spacer\" data-id=\"4775cc6\" data-element_type=\"widget\" data-widget_type=\"spacer.default\">\n\t\t\t\t<div class=\"elementor-widget-container\">\n\t\t\t\t\t\t\t<div class=\"elementor-spacer\">\n\t\t\t<div class=\"elementor-spacer-inner\"><\/div>\n\t\t<\/div>\n\t\t\t\t\t\t<\/div>\n\t\t\t\t<\/div>\n\t\t\t\t\t<\/div>\n\t\t<\/div>\n\t\t\t\t<div class=\"elementor-column elementor-col-50 elementor-top-column elementor-element elementor-element-cbd298e\" data-id=\"cbd298e\" data-element_type=\"column\">\n\t\t\t<div class=\"elementor-widget-wrap elementor-element-populated\">\n\t\t\t\t\t\t<div class=\"elementor-element elementor-element-47b0844 elementor-widget elementor-widget-cs_title\" data-id=\"47b0844\" data-element_type=\"widget\" data-widget_type=\"cs_title.default\">\n\t\t\t\t<div class=\"elementor-widget-container\">\n\t\t\t\t\t\n        <div class=\"cs-title-wrap text-center\">\t            <div class=\"cs-title-text\">\n\t                <p>La Tour du Marteau, situ\u00e9e \u00e0 l\u2019entr\u00e9e du port, fait partie de la forteresse de la Linguella et abrite aujourd\u2019hui un int\u00e9ressant mus\u00e9e arch\u00e9ologique avec des vestiges \u00e9trusques et romains.<\/p><p>Au-dessus du centre historique se dresse le Fort Stella, construit en 1548, avec un ancien phare datant de 1788, l\u2019un des plus anciens d\u2019Europe. De l\u00e0, on profite d\u2019une vue splendide sur le port et sur la Villa dei Mulini, r\u00e9sidence d\u2019hiver de Napol\u00e9on Bonaparte pendant son exil \u00e0 l\u2019\u00eele d\u2019Elbe.<\/p><p>Le Fort Falcone, situ\u00e9 au point culminant de la ville, est la plus grande fortification m\u00e9dic\u00e9enne de l\u2019\u00eele. Ses puissantes murailles ont r\u00e9sist\u00e9 aux attaques des Sarrasins, contrairement \u00e0 d\u2019autres forteresses de l\u2019\u00eele souvent ravag\u00e9es par les incursions pirates.<\/p>\t            <\/div>        <\/div>\t\t\t\t<\/div>\n\t\t\t\t<\/div>\n\t\t\t\t\t<\/div>\n\t\t<\/div>\n\t\t\t\t\t<\/div>\n\t\t<\/section>\n\t\t\t\t<section class=\"elementor-section elementor-top-section elementor-element elementor-element-c629794 elementor-section-full_width elementor-section-content-middle elementor-section-height-default elementor-section-height-default\" data-id=\"c629794\" data-element_type=\"section\" data-settings=\"{&quot;background_background&quot;:&quot;classic&quot;}\">\n\t\t\t\t\t\t<div class=\"elementor-container elementor-column-gap-no\">\n\t\t\t\t\t<div class=\"elementor-column elementor-col-50 elementor-top-column elementor-element elementor-element-edb0917\" data-id=\"edb0917\" data-element_type=\"column\">\n\t\t\t<div class=\"elementor-widget-wrap elementor-element-populated\">\n\t\t\t\t\t\t<div class=\"elementor-element elementor-element-b1f3cd3 elementor-widget elementor-widget-cs_title\" data-id=\"b1f3cd3\" data-element_type=\"widget\" data-widget_type=\"cs_title.default\">\n\t\t\t\t<div class=\"elementor-widget-container\">\n\t\t\t\t\t\n        <div class=\"cs-title-wrap text-center\">\t            <div class=\"cs-title-text\">\n\t                <p>Visiter le centre historique de Portoferraio, c\u2019est s\u2019immerger dans une atmosph\u00e8re hors du temps. Les ruelles \u00e9troites en escalier, les petites places panoramiques, les balcons fleuris et les coins pittoresques racontent la vie sur l\u2019\u00eele. Parmi les monuments \u00e0 d\u00e9couvrir figurent d\u2019anciennes \u00e9glises, des lieux sacr\u00e9s et des vues \u00e9vocatrices r\u00e9v\u00e9lant le pass\u00e9 de Cosmopoli.<\/p><p>En face du port, sur le promontoire de Le Grotte, se trouvent les vestiges du Complexe Monumental de Le Grotte. Les terrasses surplombant la mer, les mosa\u00efques \u00e9l\u00e9gantes et les espaces thermaux t\u00e9moignent du prestige du lieu, probablement li\u00e9 \u00e0 la maison imp\u00e9riale d\u2019Auguste.<\/p><p>Non loin de l\u00e0, dans la localit\u00e9 de Magazzini, se dresse la petite \u00e9glise de Santo Stefano alle Trane. Cet \u00e9difice roman pisan, fascinant par son architecture unique, est l\u2019un des plus remarquables de l\u2019\u00eele et m\u00e9rite une visite.<\/p>\t            <\/div>        <\/div>\t\t\t\t<\/div>\n\t\t\t\t<\/div>\n\t\t\t\t\t<\/div>\n\t\t<\/div>\n\t\t\t\t<div class=\"elementor-column elementor-col-50 elementor-top-column elementor-element elementor-element-485d142 dark-color elementor-invisible\" data-id=\"485d142\" data-element_type=\"column\" data-settings=\"{&quot;background_background&quot;:&quot;slideshow&quot;,&quot;background_slideshow_gallery&quot;:[{&quot;id&quot;:3881,&quot;url&quot;:&quot;https:\\\/\\\/www.aethaliabedandbreakfast.com\\\/wp-content\\\/uploads\\\/2025\\\/04\\\/villa_romana_delle_grotte2.jpg&quot;},{&quot;id&quot;:3880,&quot;url&quot;:&quot;https:\\\/\\\/www.aethaliabedandbreakfast.com\\\/wp-content\\\/uploads\\\/2025\\\/04\\\/santo-stefano-trane.jpg&quot;}],&quot;background_slideshow_ken_burns&quot;:&quot;yes&quot;,&quot;background_slideshow_lazyload&quot;:&quot;yes&quot;,&quot;animation&quot;:&quot;fadeIn&quot;,&quot;background_slideshow_loop&quot;:&quot;yes&quot;,&quot;background_slideshow_slide_duration&quot;:5000,&quot;background_slideshow_slide_transition&quot;:&quot;fade&quot;,&quot;background_slideshow_transition_duration&quot;:500,&quot;background_slideshow_ken_burns_zoom_direction&quot;:&quot;in&quot;}\">\n\t\t\t<div class=\"elementor-widget-wrap elementor-element-populated\">\n\t\t\t\t\t\t<div class=\"elementor-element elementor-element-2d0627a elementor-widget elementor-widget-spacer\" data-id=\"2d0627a\" data-element_type=\"widget\" data-widget_type=\"spacer.default\">\n\t\t\t\t<div class=\"elementor-widget-container\">\n\t\t\t\t\t\t\t<div class=\"elementor-spacer\">\n\t\t\t<div class=\"elementor-spacer-inner\"><\/div>\n\t\t<\/div>\n\t\t\t\t\t\t<\/div>\n\t\t\t\t<\/div>\n\t\t\t\t\t<\/div>\n\t\t<\/div>\n\t\t\t\t\t<\/div>\n\t\t<\/section>\n\t\t\t\t<\/div>\n\t\t","protected":false},"excerpt":{"rendered":"<p>Elbe et Portoferraio \u00c0 la d\u00e9couverte de l\u2019\u00eele Souvent imagin\u00e9e comme une petite \u00eele, l\u2019Elbe surprend par sa taille et sa diversit\u00e9. C\u2019est la troisi\u00e8me plus grande \u00eele d\u2019Italie apr\u00e8s la Sicile et la Sardaigne, et la plus vaste de l\u2019Archipel Toscan. Avec un littoral de 147 kilom\u00e8tres, elle offre des paysages \u00e0 couper le &#8230;<\/p>\n","protected":false},"author":2,"featured_media":0,"parent":0,"menu_order":0,"comment_status":"closed","ping_status":"closed","template":"template-wide-content.php","meta":{"cozystay_single_page_hide_site_header":"","cozystay_single_page_site_header_source":"","cozystay_single_page_custom_site_header":"0","cozystay_single_page_custom_sticky_site_header":"0","cozystay_single_page_hide_page_title":"on","cozystay_single_page_header_section_size":"","cozystay_single_page_header_background_color":"","cozystay_single_page_header_background_position_x":"center","cozystay_single_page_header_background_position_y":"center","cozystay_single_page_header_background_size":"cover","cozystay_single_page_header_background_repeat":"off","cozystay_single_page_header_background_scroll":"on","cozystay_single_page_header_text_color":"","cozystay_single_page_header_show_breadcrumb":"","cozystay_single_page_site_footer_hide_main":"","cozystay_single_custom_site_footer_main_source":"","cozystay_single_custom_site_footer_main":"0","cozystay_single_page_site_footer_hide_above":"","cozystay_single_custom_site_footer_above_source":"","cozystay_single_custom_site_footer_above":"0","cozystay_single_page_site_footer_hide_instagram":"","cozystay_single_page_site_footer_hide_bottom":"","cozystay_single_custom_mobile_menu_source":"","cozystay_single_custom_mobile_menu":"0","cozystay_single_custom_mobile_menu_animation":"","cozystay_single_custom_mobile_menu_width":"","cozystay_single_custom_mobile_menu_custom_width":375,"footnotes":""},"class_list":["post-4811","page","type-page","status-publish","hentry"],"_links":{"self":[{"href":"https:\/\/www.aethaliabedandbreakfast.com\/fr\/wp-json\/wp\/v2\/pages\/4811","targetHints":{"allow":["GET"]}}],"collection":[{"href":"https:\/\/www.aethaliabedandbreakfast.com\/fr\/wp-json\/wp\/v2\/pages"}],"about":[{"href":"https:\/\/www.aethaliabedandbreakfast.com\/fr\/wp-json\/wp\/v2\/types\/page"}],"author":[{"embeddable":true,"href":"https:\/\/www.aethaliabedandbreakfast.com\/fr\/wp-json\/wp\/v2\/users\/2"}],"replies":[{"embeddable":true,"href":"https:\/\/www.aethaliabedandbreakfast.com\/fr\/wp-json\/wp\/v2\/comments?post=4811"}],"version-history":[{"count":5,"href":"https:\/\/www.aethaliabedandbreakfast.com\/fr\/wp-json\/wp\/v2\/pages\/4811\/revisions"}],"predecessor-version":[{"id":5385,"href":"https:\/\/www.aethaliabedandbreakfast.com\/fr\/wp-json\/wp\/v2\/pages\/4811\/revisions\/5385"}],"wp:attachment":[{"href":"https:\/\/www.aethaliabedandbreakfast.com\/fr\/wp-json\/wp\/v2\/media?parent=4811"}],"curies":[{"name":"wp","href":"https:\/\/api.w.org\/{rel}","templated":true}]}}