{"id":4825,"date":"2025-04-04T10:54:44","date_gmt":"2025-04-04T08:54:44","guid":{"rendered":"http:\/\/aethaliabb.youelba.com\/vela\/"},"modified":"2025-04-24T12:50:36","modified_gmt":"2025-04-24T10:50:36","slug":"voile","status":"publish","type":"page","link":"https:\/\/www.aethaliabedandbreakfast.com\/fr\/experiences\/voile\/","title":{"rendered":"Voile"},"content":{"rendered":"\t\t<div data-elementor-type=\"wp-page\" data-elementor-id=\"4825\" class=\"elementor elementor-4825 elementor-3944\">\n\t\t\t\t\t\t<section class=\"elementor-section elementor-top-section elementor-element elementor-element-a97905d elementor-section-height-min-height cs-section-content-fullwidth cs-parallax-on-scroll cs_scroll_y_100 elementor-section-boxed elementor-section-height-default elementor-section-items-middle\" data-id=\"a97905d\" data-element_type=\"section\" data-settings=\"{&quot;background_background&quot;:&quot;classic&quot;}\" data-cs-parallax-y=\"100\" style=\"background-image: none;\" data-cs-background-image=\"https:\/\/www.aethaliabedandbreakfast.com\/wp-content\/uploads\/2025\/04\/scuola-vela-bagnaia-t.jpg\" data-cs-background-image-alt-text=\"Scuola Vela Bagnaia\">\n\t\t\t\t\t\t\t<div class=\"elementor-background-overlay\"><\/div>\n\t\t\t\t\t\t\t<div class=\"elementor-container elementor-column-gap-no\">\n\t\t\t\t\t<div class=\"elementor-column elementor-col-100 elementor-top-column elementor-element elementor-element-de70886 dark-color\" data-id=\"de70886\" data-element_type=\"column\">\n\t\t\t<div class=\"elementor-widget-wrap elementor-element-populated\">\n\t\t\t\t\t\t<div class=\"elementor-element elementor-element-3eab04e elementor-widget elementor-widget-cs_title\" data-id=\"3eab04e\" data-element_type=\"widget\" data-widget_type=\"cs_title.default\">\n\t\t\t\t<div class=\"elementor-widget-container\">\n\t\t\t\t\t\n        <div class=\"cs-title-wrap text-center\">\t            <div class=\"cs-subtitle-wrap\"><span class=\"cs-subtitle color-white\">\u00c9cole de voile Bagnaia<\/span><\/div>\t            <h1 class=\"cs-title\">\n\t                Voile\t            <\/h1>\t            <div class=\"cs-title-text\">\n\t                La voile est l\u2019un des sports les plus complets : inclusive, captivante et sans limite d\u2019\u00e2ge.\t            <\/div>        <\/div>\t\t\t\t<\/div>\n\t\t\t\t<\/div>\n\t\t\t\t\t<\/div>\n\t\t<\/div>\n\t\t\t\t\t<\/div>\n\t\t<\/section>\n\t\t\t\t<section class=\"elementor-section elementor-top-section elementor-element elementor-element-891d8cd elementor-section-boxed elementor-section-height-default elementor-section-height-default\" data-id=\"891d8cd\" data-element_type=\"section\">\n\t\t\t\t\t\t<div class=\"elementor-container elementor-column-gap-no\">\n\t\t\t\t\t<div class=\"elementor-column elementor-col-100 elementor-top-column elementor-element elementor-element-f542bd7\" data-id=\"f542bd7\" data-element_type=\"column\">\n\t\t\t<div class=\"elementor-widget-wrap elementor-element-populated\">\n\t\t\t\t\t\t<div class=\"elementor-element elementor-element-aa6887a my-title elementor-widget elementor-widget-cs_title\" data-id=\"aa6887a\" data-element_type=\"widget\" data-widget_type=\"cs_title.default\">\n\t\t\t\t<div class=\"elementor-widget-container\">\n\t\t\t\t\t\n        <div class=\"cs-title-wrap\">\t            <div class=\"cs-subtitle-wrap\"><span class=\"cs-subtitle\">Vivre la mer de mani\u00e8re active et passionnante<\/span><\/div>\t            <h2 class=\"cs-title\">\n\t                Cours de voile\t            <\/h2>\t            <div class=\"cs-title-text\">\n\t                <p>La voile est l\u2019un des sports les plus polyvalents qui soient. Et surtout, c\u2019est l\u2019une des rares activit\u00e9s v\u00e9ritablement accessibles \u00e0 tous les \u00e2ges.<\/p><p>L\u2019\u00c9cole de Voile Bagnaia propose un large programme de cours adapt\u00e9s \u00e0 toutes les tranches d\u2019\u00e2ge : enfants de 6 \u00e0 12 ans, adolescents de 13 \u00e0 17 ans et adultes \u00e0 partir de 18 ans. Des cours pour d\u00e9butants sont disponibles pour chaque groupe d\u2019\u00e2ge : les plus jeunes commencent sur Optimist, tandis que les adolescents et les adultes apprennent sur des bateaux Tridente.<\/p><p>Il n\u2019est jamais trop tard pour apprendre \u00e0 naviguer !<\/p><p>Pour ceux qui ont d\u00e9j\u00e0 de l\u2019exp\u00e9rience ou souhaitent se perfectionner, l\u2019\u00e9cole propose \u00e9galement des cours avanc\u00e9s sur des bateaux tels que Open Skiff pour les enfants, Catamarans Phantom 16, Laser Standard et XD, 29er pour les adolescents, Hobie 18 et Tiger, Laser, d\u00e9riveurs fixes et un Dragon pour les adultes.<\/p><p>Depuis 2023, il est aussi possible de d\u00e9couvrir les sensations de la voile sur foil gr\u00e2ce aux cours hebdomadaires sur le mod\u00e8le moderne WASZP.<\/p><p>Une belle opportunit\u00e9 de vivre la mer de fa\u00e7on active et passionn\u00e9e pendant vos vacances !<\/p>\t            <\/div>        <\/div>\t\t\t\t<\/div>\n\t\t\t\t<\/div>\n\t\t\t\t\t<\/div>\n\t\t<\/div>\n\t\t\t\t\t<\/div>\n\t\t<\/section>\n\t\t\t\t<section class=\"elementor-section elementor-top-section elementor-element elementor-element-d72cd2d cs-section-content-fullwidth cs-animation-small-offset elementor-section-boxed elementor-section-height-default elementor-section-height-default elementor-invisible\" data-id=\"d72cd2d\" data-element_type=\"section\" data-settings=\"{&quot;animation&quot;:&quot;fadeInRight&quot;}\">\n\t\t\t\t\t\t<div class=\"elementor-container elementor-column-gap-no\">\n\t\t\t\t\t<div class=\"elementor-column elementor-col-100 elementor-top-column elementor-element elementor-element-efb7c3c\" data-id=\"efb7c3c\" data-element_type=\"column\">\n\t\t\t<div class=\"elementor-widget-wrap elementor-element-populated\">\n\t\t\t\t\t\t<div class=\"elementor-element elementor-element-395eb80 elementor-widget elementor-widget-cs_gallery\" data-id=\"395eb80\" data-element_type=\"widget\" data-widget_type=\"cs_gallery.default\">\n\t\t\t\t<div class=\"elementor-widget-container\">\n\t\t\t\t\t\n            <div class=\"cs-gallery gap-16 gallery-carousel style-overflow\" data-column=\"3\" data-fade=\"\" data-autoplay=\"off\" data-autoplay-speed=\"5000\" data-show-arrows=\"on\" data-show-dots=\"\" data-variable-width=\"off\" data-overflow-style=\"on\" data-center-mode=\"\">\n                <div class=\"cs-gallery-wrap\">                    <div class=\"cs-gallery-item\"><img fetchpriority=\"high\" decoding=\"async\" width=\"600\" height=\"600\" src=\"https:\/\/www.aethaliabedandbreakfast.com\/wp-content\/uploads\/2025\/04\/480B2583-scuola-vela-bagnaia-600x600.jpg\" class=\"attachment-cozystay_600x600-crop size-cozystay_600x600-crop wp-image-4001\" alt=\"Scuola Vela Bagnaia\" srcset=\"https:\/\/www.aethaliabedandbreakfast.com\/wp-content\/uploads\/2025\/04\/480B2583-scuola-vela-bagnaia-600x600.jpg 600w, https:\/\/www.aethaliabedandbreakfast.com\/wp-content\/uploads\/2025\/04\/480B2583-scuola-vela-bagnaia-150x150.jpg 150w, https:\/\/www.aethaliabedandbreakfast.com\/wp-content\/uploads\/2025\/04\/480B2583-scuola-vela-bagnaia-300x300.jpg 300w\" sizes=\"(max-width: 600px) 100vw, 600px\" \/>                    <\/div>                    <div class=\"cs-gallery-item\"><img decoding=\"async\" width=\"600\" height=\"600\" src=\"https:\/\/www.aethaliabedandbreakfast.com\/wp-content\/uploads\/2025\/04\/scuola-vela-bagnaia_0222-600x600.jpg\" class=\"attachment-cozystay_600x600-crop size-cozystay_600x600-crop wp-image-4008\" alt=\"Scuola Vela Bagnaia\" srcset=\"https:\/\/www.aethaliabedandbreakfast.com\/wp-content\/uploads\/2025\/04\/scuola-vela-bagnaia_0222-600x600.jpg 600w, https:\/\/www.aethaliabedandbreakfast.com\/wp-content\/uploads\/2025\/04\/scuola-vela-bagnaia_0222-150x150.jpg 150w, https:\/\/www.aethaliabedandbreakfast.com\/wp-content\/uploads\/2025\/04\/scuola-vela-bagnaia_0222-300x300.jpg 300w\" sizes=\"(max-width: 600px) 100vw, 600px\" \/>                    <\/div>                    <div class=\"cs-gallery-item\"><img decoding=\"async\" width=\"600\" height=\"600\" src=\"https:\/\/www.aethaliabedandbreakfast.com\/wp-content\/uploads\/2025\/04\/DSC_0941-scuola-vela-bagnaia-600x600.jpg\" class=\"attachment-cozystay_600x600-crop size-cozystay_600x600-crop wp-image-4004\" alt=\"Scuola Vela Bagnaia\" srcset=\"https:\/\/www.aethaliabedandbreakfast.com\/wp-content\/uploads\/2025\/04\/DSC_0941-scuola-vela-bagnaia-600x600.jpg 600w, https:\/\/www.aethaliabedandbreakfast.com\/wp-content\/uploads\/2025\/04\/DSC_0941-scuola-vela-bagnaia-150x150.jpg 150w, https:\/\/www.aethaliabedandbreakfast.com\/wp-content\/uploads\/2025\/04\/DSC_0941-scuola-vela-bagnaia-300x300.jpg 300w\" sizes=\"(max-width: 600px) 100vw, 600px\" \/>                    <\/div>                    <div class=\"cs-gallery-item\"><img loading=\"lazy\" decoding=\"async\" width=\"600\" height=\"600\" src=\"https:\/\/www.aethaliabedandbreakfast.com\/wp-content\/uploads\/2025\/04\/IMG_0614-scuola-vela-bagnaia-600x600.jpg\" class=\"attachment-cozystay_600x600-crop size-cozystay_600x600-crop wp-image-4003\" alt=\"Scuola Vela Bagnaia\" srcset=\"https:\/\/www.aethaliabedandbreakfast.com\/wp-content\/uploads\/2025\/04\/IMG_0614-scuola-vela-bagnaia-600x600.jpg 600w, https:\/\/www.aethaliabedandbreakfast.com\/wp-content\/uploads\/2025\/04\/IMG_0614-scuola-vela-bagnaia-150x150.jpg 150w, https:\/\/www.aethaliabedandbreakfast.com\/wp-content\/uploads\/2025\/04\/IMG_0614-scuola-vela-bagnaia-300x300.jpg 300w\" sizes=\"(max-width: 600px) 100vw, 600px\" \/>                    <\/div>                    <div class=\"cs-gallery-item\"><img loading=\"lazy\" decoding=\"async\" width=\"600\" height=\"600\" src=\"https:\/\/www.aethaliabedandbreakfast.com\/wp-content\/uploads\/2025\/04\/DSC_0574-scuola-vela-bagnaia-600x600.jpg\" class=\"attachment-cozystay_600x600-crop size-cozystay_600x600-crop wp-image-4009\" alt=\"Barche a vela nel golfo di Bagnaia\" srcset=\"https:\/\/www.aethaliabedandbreakfast.com\/wp-content\/uploads\/2025\/04\/DSC_0574-scuola-vela-bagnaia-600x600.jpg 600w, https:\/\/www.aethaliabedandbreakfast.com\/wp-content\/uploads\/2025\/04\/DSC_0574-scuola-vela-bagnaia-150x150.jpg 150w, https:\/\/www.aethaliabedandbreakfast.com\/wp-content\/uploads\/2025\/04\/DSC_0574-scuola-vela-bagnaia-300x300.jpg 300w\" sizes=\"(max-width: 600px) 100vw, 600px\" \/>                    <\/div>                    <div class=\"cs-gallery-item\"><img loading=\"lazy\" decoding=\"async\" width=\"600\" height=\"600\" src=\"https:\/\/www.aethaliabedandbreakfast.com\/wp-content\/uploads\/2025\/04\/20180815_Elba_Bagnaia_0941-600x600.jpg\" class=\"attachment-cozystay_600x600-crop size-cozystay_600x600-crop wp-image-4006\" alt=\"Scuola Vela Bagnaia\" srcset=\"https:\/\/www.aethaliabedandbreakfast.com\/wp-content\/uploads\/2025\/04\/20180815_Elba_Bagnaia_0941-600x600.jpg 600w, https:\/\/www.aethaliabedandbreakfast.com\/wp-content\/uploads\/2025\/04\/20180815_Elba_Bagnaia_0941-150x150.jpg 150w, https:\/\/www.aethaliabedandbreakfast.com\/wp-content\/uploads\/2025\/04\/20180815_Elba_Bagnaia_0941-300x300.jpg 300w\" sizes=\"(max-width: 600px) 100vw, 600px\" \/>                    <\/div>                    <div class=\"cs-gallery-item\"><img loading=\"lazy\" decoding=\"async\" width=\"600\" height=\"600\" src=\"https:\/\/www.aethaliabedandbreakfast.com\/wp-content\/uploads\/2025\/04\/DSC_0330-scuola-vela-bagnaia-600x600.jpg\" class=\"attachment-cozystay_600x600-crop size-cozystay_600x600-crop wp-image-4005\" alt=\"Scuola Vela Bagnaia\" srcset=\"https:\/\/www.aethaliabedandbreakfast.com\/wp-content\/uploads\/2025\/04\/DSC_0330-scuola-vela-bagnaia-600x600.jpg 600w, https:\/\/www.aethaliabedandbreakfast.com\/wp-content\/uploads\/2025\/04\/DSC_0330-scuola-vela-bagnaia-150x150.jpg 150w, https:\/\/www.aethaliabedandbreakfast.com\/wp-content\/uploads\/2025\/04\/DSC_0330-scuola-vela-bagnaia-300x300.jpg 300w\" sizes=\"(max-width: 600px) 100vw, 600px\" \/>                    <\/div>                    <div class=\"cs-gallery-item\"><img loading=\"lazy\" decoding=\"async\" width=\"600\" height=\"600\" src=\"https:\/\/www.aethaliabedandbreakfast.com\/wp-content\/uploads\/2025\/04\/DSC_0334-scuola-vela-bagnaia-600x600.jpg\" class=\"attachment-cozystay_600x600-crop size-cozystay_600x600-crop wp-image-4007\" alt=\"Scuola Vela Bagnaia\" srcset=\"https:\/\/www.aethaliabedandbreakfast.com\/wp-content\/uploads\/2025\/04\/DSC_0334-scuola-vela-bagnaia-600x600.jpg 600w, https:\/\/www.aethaliabedandbreakfast.com\/wp-content\/uploads\/2025\/04\/DSC_0334-scuola-vela-bagnaia-150x150.jpg 150w, https:\/\/www.aethaliabedandbreakfast.com\/wp-content\/uploads\/2025\/04\/DSC_0334-scuola-vela-bagnaia-300x300.jpg 300w\" sizes=\"(max-width: 600px) 100vw, 600px\" \/>                    <\/div>                    <div class=\"cs-gallery-item\"><img loading=\"lazy\" decoding=\"async\" width=\"600\" height=\"600\" src=\"https:\/\/www.aethaliabedandbreakfast.com\/wp-content\/uploads\/2025\/04\/scuola-vela-bagnaia_Elba_Italia-2773-600x600.jpg\" class=\"attachment-cozystay_600x600-crop size-cozystay_600x600-crop wp-image-4002\" alt=\"Scuola Vela Bagnaia\" srcset=\"https:\/\/www.aethaliabedandbreakfast.com\/wp-content\/uploads\/2025\/04\/scuola-vela-bagnaia_Elba_Italia-2773-600x600.jpg 600w, https:\/\/www.aethaliabedandbreakfast.com\/wp-content\/uploads\/2025\/04\/scuola-vela-bagnaia_Elba_Italia-2773-150x150.jpg 150w, https:\/\/www.aethaliabedandbreakfast.com\/wp-content\/uploads\/2025\/04\/scuola-vela-bagnaia_Elba_Italia-2773-300x300.jpg 300w\" sizes=\"(max-width: 600px) 100vw, 600px\" \/>                    <\/div>                <\/div>\n            <\/div>\t\t\t\t<\/div>\n\t\t\t\t<\/div>\n\t\t\t\t<div class=\"elementor-element elementor-element-0b37e96 elementor-widget elementor-widget-cs_call_to_action\" data-id=\"0b37e96\" data-element_type=\"widget\" data-widget_type=\"cs_call_to_action.default\">\n\t\t\t\t<div class=\"elementor-widget-container\">\n\t\t\t\t\t\n\t\t<div class=\"cs-cta cta-layout-text-normal text-center cta-hover-img-zoom\">\n            <div class=\"cs-cta-wrap\">                <div class=\"cs-cta-overlay\"><\/div>\n                <div class=\"cs-cta-content\">\t\t\t\t\t<div class=\"cs-subtitle-wrap\"><span class=\"cs-subtitle\">Informations et\/ou r\u00e9servations<\/span><\/div>\t\t            <h4 class=\"cs-cta-title cs-title\">\n\t\t                \u00c9cole de Voile Bagnaia\t\t            <\/h4>\t\t            <div class=\"cs-cta-text\">\n\t\t                <p>Loc. Bagnaia, 57038 Rio<\/p><p>T\u00e9l: <a href=\"tel:+393337807237\" target=\"_blank\" rel=\"noopener\">+39 333 7807237<\/a><br \/>E-mail: <a href=\"mailto:teambagnaia@gmail.com\">teambagnaia@gmail.com<\/a><\/p>\t\t            <\/div>\t                <div class=\"cs-cta-btn\">\n\t                    <a class=\"button cs-btn-underline\" role=\"button\" href=\"https:\/\/segelferien.de\/\" target=\"_blank\">\n\t                        <span class=\"cs-btn-text\">Site web<\/span>\t                    <\/a>\n\t                <\/div>\t\t\t<\/div>                <a class=\"cs-cta-link\" href=\"#\" aria-label=\"Call to Action Link\"><\/a>            <\/div>\n        <\/div>\t\t\t\t<\/div>\n\t\t\t\t<\/div>\n\t\t\t\t\t<\/div>\n\t\t<\/div>\n\t\t\t\t\t<\/div>\n\t\t<\/section>\n\t\t\t\t<\/div>\n\t\t","protected":false},"excerpt":{"rendered":"<p>\u00c9cole de voile Bagnaia Voile La voile est l\u2019un des sports les plus complets : inclusive, captivante et sans limite d\u2019\u00e2ge. Vivre la mer de mani\u00e8re active et passionnante Cours de voile La voile est l\u2019un des sports les plus polyvalents qui soient. Et surtout, c\u2019est l\u2019une des rares activit\u00e9s v\u00e9ritablement accessibles \u00e0 tous les &#8230;<\/p>\n","protected":false},"author":2,"featured_media":0,"parent":4853,"menu_order":0,"comment_status":"closed","ping_status":"closed","template":"template-wide-content.php","meta":{"cozystay_single_page_hide_site_header":"","cozystay_single_page_site_header_source":"","cozystay_single_page_custom_site_header":"0","cozystay_single_page_custom_sticky_site_header":"0","cozystay_single_page_hide_page_title":"on","cozystay_single_page_header_section_size":"","cozystay_single_page_header_background_color":"","cozystay_single_page_header_background_position_x":"center","cozystay_single_page_header_background_position_y":"center","cozystay_single_page_header_background_size":"cover","cozystay_single_page_header_background_repeat":"off","cozystay_single_page_header_background_scroll":"on","cozystay_single_page_header_text_color":"","cozystay_single_page_header_show_breadcrumb":"","cozystay_single_page_site_footer_hide_main":"","cozystay_single_custom_site_footer_main_source":"","cozystay_single_custom_site_footer_main":"0","cozystay_single_page_site_footer_hide_above":"","cozystay_single_custom_site_footer_above_source":"","cozystay_single_custom_site_footer_above":"0","cozystay_single_page_site_footer_hide_instagram":"","cozystay_single_page_site_footer_hide_bottom":"","cozystay_single_custom_mobile_menu_source":"","cozystay_single_custom_mobile_menu":"0","cozystay_single_custom_mobile_menu_animation":"","cozystay_single_custom_mobile_menu_width":"","cozystay_single_custom_mobile_menu_custom_width":375,"footnotes":""},"class_list":["post-4825","page","type-page","status-publish","hentry"],"_links":{"self":[{"href":"https:\/\/www.aethaliabedandbreakfast.com\/fr\/wp-json\/wp\/v2\/pages\/4825","targetHints":{"allow":["GET"]}}],"collection":[{"href":"https:\/\/www.aethaliabedandbreakfast.com\/fr\/wp-json\/wp\/v2\/pages"}],"about":[{"href":"https:\/\/www.aethaliabedandbreakfast.com\/fr\/wp-json\/wp\/v2\/types\/page"}],"author":[{"embeddable":true,"href":"https:\/\/www.aethaliabedandbreakfast.com\/fr\/wp-json\/wp\/v2\/users\/2"}],"replies":[{"embeddable":true,"href":"https:\/\/www.aethaliabedandbreakfast.com\/fr\/wp-json\/wp\/v2\/comments?post=4825"}],"version-history":[{"count":4,"href":"https:\/\/www.aethaliabedandbreakfast.com\/fr\/wp-json\/wp\/v2\/pages\/4825\/revisions"}],"predecessor-version":[{"id":5550,"href":"https:\/\/www.aethaliabedandbreakfast.com\/fr\/wp-json\/wp\/v2\/pages\/4825\/revisions\/5550"}],"up":[{"embeddable":true,"href":"https:\/\/www.aethaliabedandbreakfast.com\/fr\/wp-json\/wp\/v2\/pages\/4853"}],"wp:attachment":[{"href":"https:\/\/www.aethaliabedandbreakfast.com\/fr\/wp-json\/wp\/v2\/media?parent=4825"}],"curies":[{"name":"wp","href":"https:\/\/api.w.org\/{rel}","templated":true}]}}