{"id":4841,"date":"2025-04-14T08:34:00","date_gmt":"2025-04-14T06:34:00","guid":{"rendered":"http:\/\/aethaliabb.youelba.com\/immersioni\/"},"modified":"2025-04-24T12:17:36","modified_gmt":"2025-04-24T10:17:36","slug":"plongee","status":"publish","type":"page","link":"https:\/\/www.aethaliabedandbreakfast.com\/fr\/experiences\/plongee\/","title":{"rendered":"Plong\u00e9e"},"content":{"rendered":"\t\t<div data-elementor-type=\"wp-page\" data-elementor-id=\"4841\" class=\"elementor elementor-4841 elementor-4119\">\n\t\t\t\t\t\t<section class=\"elementor-section elementor-top-section elementor-element elementor-element-a97905d elementor-section-height-min-height cs-section-content-fullwidth cs-parallax-on-scroll cs_scroll_y_100 elementor-section-boxed elementor-section-height-default elementor-section-items-middle\" data-id=\"a97905d\" data-element_type=\"section\" data-settings=\"{&quot;background_background&quot;:&quot;classic&quot;}\" data-cs-parallax-y=\"100\" style=\"background-image: none;\" data-cs-background-image=\"https:\/\/www.aethaliabedandbreakfast.com\/wp-content\/uploads\/2025\/04\/image11.jpg\" data-cs-background-image-alt-text=\"\">\n\t\t\t\t\t\t\t<div class=\"elementor-background-overlay\"><\/div>\n\t\t\t\t\t\t\t<div class=\"elementor-container elementor-column-gap-no\">\n\t\t\t\t\t<div class=\"elementor-column elementor-col-100 elementor-top-column elementor-element elementor-element-de70886 dark-color\" data-id=\"de70886\" data-element_type=\"column\">\n\t\t\t<div class=\"elementor-widget-wrap elementor-element-populated\">\n\t\t\t\t\t\t<div class=\"elementor-element elementor-element-3eab04e elementor-widget elementor-widget-cs_title\" data-id=\"3eab04e\" data-element_type=\"widget\" data-widget_type=\"cs_title.default\">\n\t\t\t\t<div class=\"elementor-widget-container\">\n\t\t\t\t\t\n        <div class=\"cs-title-wrap text-center\">\t            <div class=\"cs-subtitle-wrap\"><span class=\"cs-subtitle color-white\">Enfola Diving Center<\/span><\/div>\t            <h1 class=\"cs-title\">\n\t                Plong\u00e9es\t            <\/h1>\t            <div class=\"cs-title-text\">\n\t                Cours, excursions guid\u00e9es et aventures sous-marines dans l\u2019un des sites les plus fascinants de l\u2019\u00eele d\u2019Elbe.\t            <\/div>        <\/div>\t\t\t\t<\/div>\n\t\t\t\t<\/div>\n\t\t\t\t\t<\/div>\n\t\t<\/div>\n\t\t\t\t\t<\/div>\n\t\t<\/section>\n\t\t\t\t<section class=\"elementor-section elementor-top-section elementor-element elementor-element-891d8cd elementor-section-boxed elementor-section-height-default elementor-section-height-default\" data-id=\"891d8cd\" data-element_type=\"section\">\n\t\t\t\t\t\t<div class=\"elementor-container elementor-column-gap-no\">\n\t\t\t\t\t<div class=\"elementor-column elementor-col-100 elementor-top-column elementor-element elementor-element-f542bd7\" data-id=\"f542bd7\" data-element_type=\"column\">\n\t\t\t<div class=\"elementor-widget-wrap elementor-element-populated\">\n\t\t\t\t\t\t<div class=\"elementor-element elementor-element-aa6887a my-title elementor-widget elementor-widget-cs_title\" data-id=\"aa6887a\" data-element_type=\"widget\" data-widget_type=\"cs_title.default\">\n\t\t\t\t<div class=\"elementor-widget-container\">\n\t\t\t\t\t\n        <div class=\"cs-title-wrap\">\t            <div class=\"cs-subtitle-wrap\"><span class=\"cs-subtitle\">D\u00e9couvrir la mer avec passion, entre plong\u00e9e, snorkeling et aventure<\/span><\/div>\t            <h2 class=\"cs-title\">\n\t                Plong\u00e9e et snorkeling\t            <\/h2>\t            <div class=\"cs-title-text\">\n\t                <p>Situ\u00e9 dans la magnifique baie de Capo d\u2019Enfola, le centre de plong\u00e9e partenaire du B&amp;B Aethalia est le point de d\u00e9part id\u00e9al pour explorer les merveilles sous-marines de l\u2019\u00eele d\u2019Elbe.<\/p><p>Les activit\u00e9s propos\u00e9es sont adapt\u00e9es \u00e0 tous : des d\u00e9butants aux plongeurs exp\u00e9riment\u00e9s souhaitant obtenir des certifications avanc\u00e9es ou devenir instructeurs.<\/p><p>Le centre organise des cours de plong\u00e9e, des sorties guid\u00e9es et des sessions de snorkeling, pour une exp\u00e9rience compl\u00e8te et en toute s\u00e9curit\u00e9, encadr\u00e9e par des instructeurs qualifi\u00e9s. Les excursions en mer ont lieu le matin et l\u2019apr\u00e8s-midi, et durent environ trois heures.<\/p><p>Les fonds marins d\u2019Enfola comptent parmi les plus spectaculaires de l\u2019\u00eele : vie marine abondante, parois rocheuses, grottes et paysages \u00e0 couper le souffle.<\/p><p>Que vous r\u00e9alisiez votre toute premi\u00e8re plong\u00e9e ou une exp\u00e9dition technique, d\u00e9couvrir l\u2019\u00eele d\u2019Elbe sous la surface sera une exp\u00e9rience inoubliable.<\/p>\t            <\/div>        <\/div>\t\t\t\t<\/div>\n\t\t\t\t<\/div>\n\t\t\t\t\t<\/div>\n\t\t<\/div>\n\t\t\t\t\t<\/div>\n\t\t<\/section>\n\t\t\t\t<section class=\"elementor-section elementor-top-section elementor-element elementor-element-d72cd2d cs-section-content-fullwidth cs-animation-small-offset elementor-section-boxed elementor-section-height-default elementor-section-height-default elementor-invisible\" data-id=\"d72cd2d\" data-element_type=\"section\" data-settings=\"{&quot;animation&quot;:&quot;fadeInRight&quot;}\">\n\t\t\t\t\t\t<div class=\"elementor-container elementor-column-gap-no\">\n\t\t\t\t\t<div class=\"elementor-column elementor-col-100 elementor-top-column elementor-element elementor-element-efb7c3c\" data-id=\"efb7c3c\" data-element_type=\"column\">\n\t\t\t<div class=\"elementor-widget-wrap elementor-element-populated\">\n\t\t\t\t\t\t<div class=\"elementor-element elementor-element-395eb80 elementor-widget elementor-widget-cs_gallery\" data-id=\"395eb80\" data-element_type=\"widget\" data-widget_type=\"cs_gallery.default\">\n\t\t\t\t<div class=\"elementor-widget-container\">\n\t\t\t\t\t\n            <div class=\"cs-gallery gap-16 gallery-carousel style-overflow\" data-column=\"3\" data-fade=\"\" data-autoplay=\"off\" data-autoplay-speed=\"5000\" data-show-arrows=\"on\" data-show-dots=\"\" data-variable-width=\"off\" data-overflow-style=\"on\" data-center-mode=\"\">\n                <div class=\"cs-gallery-wrap\">                    <div class=\"cs-gallery-item\"><img fetchpriority=\"high\" decoding=\"async\" width=\"600\" height=\"600\" src=\"https:\/\/www.aethaliabedandbreakfast.com\/wp-content\/uploads\/2025\/04\/image5-600x600.jpeg\" class=\"attachment-cozystay_600x600-crop size-cozystay_600x600-crop wp-image-4149\" alt=\"\" srcset=\"https:\/\/www.aethaliabedandbreakfast.com\/wp-content\/uploads\/2025\/04\/image5-600x600.jpeg 600w, https:\/\/www.aethaliabedandbreakfast.com\/wp-content\/uploads\/2025\/04\/image5-150x150.jpeg 150w, https:\/\/www.aethaliabedandbreakfast.com\/wp-content\/uploads\/2025\/04\/image5-300x300.jpeg 300w\" sizes=\"(max-width: 600px) 100vw, 600px\" \/>                    <\/div>                    <div class=\"cs-gallery-item\"><img decoding=\"async\" width=\"600\" height=\"600\" src=\"https:\/\/www.aethaliabedandbreakfast.com\/wp-content\/uploads\/2025\/04\/image20-600x600.jpeg\" class=\"attachment-cozystay_600x600-crop size-cozystay_600x600-crop wp-image-4157\" alt=\"Polpo\" srcset=\"https:\/\/www.aethaliabedandbreakfast.com\/wp-content\/uploads\/2025\/04\/image20-600x600.jpeg 600w, https:\/\/www.aethaliabedandbreakfast.com\/wp-content\/uploads\/2025\/04\/image20-150x150.jpeg 150w, https:\/\/www.aethaliabedandbreakfast.com\/wp-content\/uploads\/2025\/04\/image20-300x300.jpeg 300w\" sizes=\"(max-width: 600px) 100vw, 600px\" \/>                    <\/div>                    <div class=\"cs-gallery-item\"><img decoding=\"async\" width=\"600\" height=\"600\" src=\"https:\/\/www.aethaliabedandbreakfast.com\/wp-content\/uploads\/2025\/04\/image17-600x600.jpeg\" class=\"attachment-cozystay_600x600-crop size-cozystay_600x600-crop wp-image-4155\" alt=\"Sub in immersione\" srcset=\"https:\/\/www.aethaliabedandbreakfast.com\/wp-content\/uploads\/2025\/04\/image17-600x600.jpeg 600w, https:\/\/www.aethaliabedandbreakfast.com\/wp-content\/uploads\/2025\/04\/image17-150x150.jpeg 150w, https:\/\/www.aethaliabedandbreakfast.com\/wp-content\/uploads\/2025\/04\/image17-300x300.jpeg 300w\" sizes=\"(max-width: 600px) 100vw, 600px\" \/>                    <\/div>                    <div class=\"cs-gallery-item\"><img loading=\"lazy\" decoding=\"async\" width=\"600\" height=\"600\" src=\"https:\/\/www.aethaliabedandbreakfast.com\/wp-content\/uploads\/2025\/04\/image14-600x600.jpeg\" class=\"attachment-cozystay_600x600-crop size-cozystay_600x600-crop wp-image-4152\" alt=\"Sub in immersione\" srcset=\"https:\/\/www.aethaliabedandbreakfast.com\/wp-content\/uploads\/2025\/04\/image14-600x600.jpeg 600w, https:\/\/www.aethaliabedandbreakfast.com\/wp-content\/uploads\/2025\/04\/image14-150x150.jpeg 150w, https:\/\/www.aethaliabedandbreakfast.com\/wp-content\/uploads\/2025\/04\/image14-300x300.jpeg 300w\" sizes=\"(max-width: 600px) 100vw, 600px\" \/>                    <\/div>                    <div class=\"cs-gallery-item\"><img loading=\"lazy\" decoding=\"async\" width=\"600\" height=\"600\" src=\"https:\/\/www.aethaliabedandbreakfast.com\/wp-content\/uploads\/2025\/04\/image15-600x600.jpg\" class=\"attachment-cozystay_600x600-crop size-cozystay_600x600-crop wp-image-4153\" alt=\"Enfola Diving Center sul gommone con i sub\" srcset=\"https:\/\/www.aethaliabedandbreakfast.com\/wp-content\/uploads\/2025\/04\/image15-600x600.jpg 600w, https:\/\/www.aethaliabedandbreakfast.com\/wp-content\/uploads\/2025\/04\/image15-150x150.jpg 150w, https:\/\/www.aethaliabedandbreakfast.com\/wp-content\/uploads\/2025\/04\/image15-300x300.jpg 300w\" sizes=\"(max-width: 600px) 100vw, 600px\" \/>                    <\/div>                    <div class=\"cs-gallery-item\"><img loading=\"lazy\" decoding=\"async\" width=\"600\" height=\"600\" src=\"https:\/\/www.aethaliabedandbreakfast.com\/wp-content\/uploads\/2025\/04\/image0-600x600.jpeg\" class=\"attachment-cozystay_600x600-crop size-cozystay_600x600-crop wp-image-4148\" alt=\"\" srcset=\"https:\/\/www.aethaliabedandbreakfast.com\/wp-content\/uploads\/2025\/04\/image0-600x600.jpeg 600w, https:\/\/www.aethaliabedandbreakfast.com\/wp-content\/uploads\/2025\/04\/image0-150x150.jpeg 150w, https:\/\/www.aethaliabedandbreakfast.com\/wp-content\/uploads\/2025\/04\/image0-300x300.jpeg 300w\" sizes=\"(max-width: 600px) 100vw, 600px\" \/>                    <\/div>                    <div class=\"cs-gallery-item\"><img loading=\"lazy\" decoding=\"async\" width=\"600\" height=\"600\" src=\"https:\/\/www.aethaliabedandbreakfast.com\/wp-content\/uploads\/2025\/04\/image16-600x600.jpeg\" class=\"attachment-cozystay_600x600-crop size-cozystay_600x600-crop wp-image-4154\" alt=\"\" srcset=\"https:\/\/www.aethaliabedandbreakfast.com\/wp-content\/uploads\/2025\/04\/image16-600x600.jpeg 600w, https:\/\/www.aethaliabedandbreakfast.com\/wp-content\/uploads\/2025\/04\/image16-150x150.jpeg 150w, https:\/\/www.aethaliabedandbreakfast.com\/wp-content\/uploads\/2025\/04\/image16-300x300.jpeg 300w\" sizes=\"(max-width: 600px) 100vw, 600px\" \/>                    <\/div>                    <div class=\"cs-gallery-item\"><img loading=\"lazy\" decoding=\"async\" width=\"600\" height=\"600\" src=\"https:\/\/www.aethaliabedandbreakfast.com\/wp-content\/uploads\/2025\/04\/image9-600x600.jpeg\" class=\"attachment-cozystay_600x600-crop size-cozystay_600x600-crop wp-image-4150\" alt=\"\" srcset=\"https:\/\/www.aethaliabedandbreakfast.com\/wp-content\/uploads\/2025\/04\/image9-600x600.jpeg 600w, https:\/\/www.aethaliabedandbreakfast.com\/wp-content\/uploads\/2025\/04\/image9-150x150.jpeg 150w, https:\/\/www.aethaliabedandbreakfast.com\/wp-content\/uploads\/2025\/04\/image9-300x300.jpeg 300w\" sizes=\"(max-width: 600px) 100vw, 600px\" \/>                    <\/div>                    <div class=\"cs-gallery-item\"><img loading=\"lazy\" decoding=\"async\" width=\"600\" height=\"593\" src=\"https:\/\/www.aethaliabedandbreakfast.com\/wp-content\/uploads\/2025\/04\/image12-600x593.jpeg\" class=\"attachment-cozystay_600x600-crop size-cozystay_600x600-crop wp-image-4151\" alt=\"\" \/>                    <\/div>                    <div class=\"cs-gallery-item\"><img loading=\"lazy\" decoding=\"async\" width=\"600\" height=\"463\" src=\"https:\/\/www.aethaliabedandbreakfast.com\/wp-content\/uploads\/2025\/04\/image18-600x463.jpeg\" class=\"attachment-cozystay_600x600-crop size-cozystay_600x600-crop wp-image-4156\" alt=\"Medusa\" \/>                    <\/div>                <\/div>\n            <\/div>\t\t\t\t<\/div>\n\t\t\t\t<\/div>\n\t\t\t\t<div class=\"elementor-element elementor-element-0b37e96 elementor-widget elementor-widget-cs_call_to_action\" data-id=\"0b37e96\" data-element_type=\"widget\" data-widget_type=\"cs_call_to_action.default\">\n\t\t\t\t<div class=\"elementor-widget-container\">\n\t\t\t\t\t\n\t\t<div class=\"cs-cta cta-layout-text-normal text-center cta-hover-img-zoom\">\n            <div class=\"cs-cta-wrap\">                <div class=\"cs-cta-overlay\"><\/div>\n                <div class=\"cs-cta-content\">\t\t\t\t\t<div class=\"cs-subtitle-wrap\"><span class=\"cs-subtitle\">Informations et\/ou r\u00e9servations<\/span><\/div>\t\t            <h4 class=\"cs-cta-title cs-title\">\n\t\t                Enfola Diving Center\n\n\t\t            <\/h4>\t\t            <div class=\"cs-cta-text\">\n\t\t                <p>Loc. Enfola, 57037 Portoferraio<\/p><p>T\u00e9l: <a href=\"tel:+393487925653\" target=\"_blank\" rel=\"noopener\">+39 348 7925653<\/a><\/p>\t\t            <\/div>\t                <div class=\"cs-cta-btn\">\n\t                    <a class=\"button cs-btn-underline\" role=\"button\" href=\"https:\/\/enfoladivingcenter.it\/\" target=\"_blank\">\n\t                        <span class=\"cs-btn-text\">Site web<\/span>\t                    <\/a>\n\t                <\/div>\t\t\t<\/div>            <\/div>\n        <\/div>\t\t\t\t<\/div>\n\t\t\t\t<\/div>\n\t\t\t\t\t<\/div>\n\t\t<\/div>\n\t\t\t\t\t<\/div>\n\t\t<\/section>\n\t\t\t\t<\/div>\n\t\t","protected":false},"excerpt":{"rendered":"<p>Enfola Diving Center Plong\u00e9es Cours, excursions guid\u00e9es et aventures sous-marines dans l\u2019un des sites les plus fascinants de l\u2019\u00eele d\u2019Elbe. D\u00e9couvrir la mer avec passion, entre plong\u00e9e, snorkeling et aventure Plong\u00e9e et snorkeling Situ\u00e9 dans la magnifique baie de Capo d\u2019Enfola, le centre de plong\u00e9e partenaire du B&amp;B Aethalia est le point de d\u00e9part id\u00e9al &#8230;<\/p>\n","protected":false},"author":2,"featured_media":0,"parent":4853,"menu_order":0,"comment_status":"closed","ping_status":"closed","template":"template-wide-content.php","meta":{"cozystay_single_page_hide_site_header":"","cozystay_single_page_site_header_source":"","cozystay_single_page_custom_site_header":"0","cozystay_single_page_custom_sticky_site_header":"0","cozystay_single_page_hide_page_title":"on","cozystay_single_page_header_section_size":"","cozystay_single_page_header_background_color":"","cozystay_single_page_header_background_position_x":"center","cozystay_single_page_header_background_position_y":"center","cozystay_single_page_header_background_size":"cover","cozystay_single_page_header_background_repeat":"off","cozystay_single_page_header_background_scroll":"on","cozystay_single_page_header_text_color":"","cozystay_single_page_header_show_breadcrumb":"","cozystay_single_page_site_footer_hide_main":"","cozystay_single_custom_site_footer_main_source":"","cozystay_single_custom_site_footer_main":"0","cozystay_single_page_site_footer_hide_above":"","cozystay_single_custom_site_footer_above_source":"","cozystay_single_custom_site_footer_above":"0","cozystay_single_page_site_footer_hide_instagram":"","cozystay_single_page_site_footer_hide_bottom":"","cozystay_single_custom_mobile_menu_source":"","cozystay_single_custom_mobile_menu":"0","cozystay_single_custom_mobile_menu_animation":"","cozystay_single_custom_mobile_menu_width":"","cozystay_single_custom_mobile_menu_custom_width":375,"footnotes":""},"class_list":["post-4841","page","type-page","status-publish","hentry"],"_links":{"self":[{"href":"https:\/\/www.aethaliabedandbreakfast.com\/fr\/wp-json\/wp\/v2\/pages\/4841","targetHints":{"allow":["GET"]}}],"collection":[{"href":"https:\/\/www.aethaliabedandbreakfast.com\/fr\/wp-json\/wp\/v2\/pages"}],"about":[{"href":"https:\/\/www.aethaliabedandbreakfast.com\/fr\/wp-json\/wp\/v2\/types\/page"}],"author":[{"embeddable":true,"href":"https:\/\/www.aethaliabedandbreakfast.com\/fr\/wp-json\/wp\/v2\/users\/2"}],"replies":[{"embeddable":true,"href":"https:\/\/www.aethaliabedandbreakfast.com\/fr\/wp-json\/wp\/v2\/comments?post=4841"}],"version-history":[{"count":4,"href":"https:\/\/www.aethaliabedandbreakfast.com\/fr\/wp-json\/wp\/v2\/pages\/4841\/revisions"}],"predecessor-version":[{"id":5489,"href":"https:\/\/www.aethaliabedandbreakfast.com\/fr\/wp-json\/wp\/v2\/pages\/4841\/revisions\/5489"}],"up":[{"embeddable":true,"href":"https:\/\/www.aethaliabedandbreakfast.com\/fr\/wp-json\/wp\/v2\/pages\/4853"}],"wp:attachment":[{"href":"https:\/\/www.aethaliabedandbreakfast.com\/fr\/wp-json\/wp\/v2\/media?parent=4841"}],"curies":[{"name":"wp","href":"https:\/\/api.w.org\/{rel}","templated":true}]}}